{"id":1007,"date":"2021-08-09T14:34:03","date_gmt":"2021-08-09T13:34:03","guid":{"rendered":"https:\/\/infoguide-online.de\/?page_id=1007"},"modified":"2022-08-03T15:33:53","modified_gmt":"2022-08-03T14:33:53","slug":"sommer-ahoi","status":"publish","type":"page","link":"https:\/\/infoguide-online.de\/?page_id=1007","title":{"rendered":"Ahoi Beachlife"},"content":{"rendered":"<p>Sind Sie auf der Suche nach dem Gl\u00fcck? M\u00f6chten Sie den Alltag vergessen und Ihre Akkus aufladen? Dann kommen Sie mal nach Ostholstein und verbringen einen vergn\u00fcglichen Tag am Strand, bevor Sie die Region erkunden. Wahrscheinlich wird aus dem einen eine ganze Woche oder noch mehr. Und wetten, Sie kommen immer wieder.<br \/>\nBeachlife an der L\u00fcbecker Bucht ist ganz entspannt und bietet so viele M\u00f6glichkeiten, dass jede und jeder das passende Urlaubsgl\u00fcck bei uns findet. Familien mit kleinen Kindern sind hier bestens aufgehoben und finden entsprechende Apartments ebenso wie junge Leute und \u00e4ltere Menschen. Der Reiz des Nordens liegt in seiner Vielseitigkeit.<\/p>\n<div id=\"attachment_1162\" style=\"width: 1210px\" class=\"wp-caption aligncenter\"><a href=\"https:\/\/infoguide-online.de\/wp-content\/uploads\/2022\/08\/AhoiBeach\u00a9_Olaf_Malzahn.jpg\"><img loading=\"lazy\" decoding=\"async\" aria-describedby=\"caption-attachment-1162\" class=\"size-full wp-image-1162\" src=\"https:\/\/infoguide-online.de\/wp-content\/uploads\/2022\/08\/AhoiBeach\u00a9_Olaf_Malzahn.jpg\" alt=\"\u00a9 Olaf Malzahn\" width=\"1200\" height=\"799\" srcset=\"https:\/\/infoguide-online.de\/wp-content\/uploads\/2022\/08\/AhoiBeach\u00a9_Olaf_Malzahn.jpg 1200w, https:\/\/infoguide-online.de\/wp-content\/uploads\/2022\/08\/AhoiBeach\u00a9_Olaf_Malzahn-300x200.jpg 300w, https:\/\/infoguide-online.de\/wp-content\/uploads\/2022\/08\/AhoiBeach\u00a9_Olaf_Malzahn-768x511.jpg 768w, https:\/\/infoguide-online.de\/wp-content\/uploads\/2022\/08\/AhoiBeach\u00a9_Olaf_Malzahn-1024x682.jpg 1024w, https:\/\/infoguide-online.de\/wp-content\/uploads\/2022\/08\/AhoiBeach\u00a9_Olaf_Malzahn-624x415.jpg 624w\" sizes=\"auto, (max-width: 1200px) 100vw, 1200px\" \/><\/a><p id=\"caption-attachment-1162\" class=\"wp-caption-text\">\u00a9 Olaf Malzahn<\/p><\/div>\n<p><strong>Von Highlife bis zur einsamen Natur<\/strong><br \/>\nWer die L\u00fcbecker Bucht kennt, wird vielleicht immer wieder an einen bestimmten Ort zur\u00fcckkehren. Doch lohnt es sich, auch einmal \u201efremdzugehen\u201c und neue Ostseesch\u00f6nheiten zu erkunden. Im angesagten Timmendorfer Strand gibt es jede Menge zu erleben. Vor allem der Sport-StrandKlub am Meer bietet \u00fcber die Sommermonate verteilt ein gro\u00dfes, kostenloses Angebot f\u00fcr Jung und Alt. Es gibt eine Surfschule, Platz f\u00fcr Hunde und FKK-Fans. Beachvolleyballfelder stehen zur Verf\u00fcgung und ausgebildete Trainer geben Sportkurse mit Blick auf die Wellen. Ganz in der N\u00e4he des Strandes befindet sich das Zentrum mit schicken Caf\u00e9s, Shops und Edelboutiquen. Im Nachbarort Niendorf mit seinem idyllischen Hafen geht es etwas gem\u00fctlicher zu. Aber auch dort gibt es am Freistrand abwechslungsreiche Veranstaltungen, sportliche Herausforderungen, Beachbars und wie \u00fcberall einladende Strandk\u00f6rbe. Tretboote k\u00f6nnen Sie auch mieten. Ebenfalls Scharbeutz ist ein lebendiger K\u00fcstenort mit Lifestyle, Bistros und schicken L\u00e4den direkt an der See. In Haffkrug und Sierksdorf geht es noch etwas gem\u00e4chlicher zu.<br \/>\nWer gern zu Fu\u00df geht, macht einen sch\u00f6nen Spaziergang am Brodtener Steilufer entlang bis Travem\u00fcnde. Von oben haben Sie eine grandiose Aussicht auf die gesamte L\u00fcbecker Bucht. Am Meeressaum sind Sie der Natur nah: Wasserv\u00f6gel, Muscheln, Krebse und uralte Felsen begegnen Ihnen. Kundige Exkursionen gibts zum Beispiel beim GeoPark Nordisches Steinreich zu buchen. Genie\u00dfen Sie in Travem\u00fcnde ein leckeres Eis an der Vorderreihe mit Blick auf die dicken P\u00f6tte. Natur- und Steiluferfans finden weitere Kliffs etwa zwischen Rettin und Gr\u00f6mitz und auf der Sonneninsel Fehmarn. Laufen Sie barfu\u00df durch den Sand, lassen Sie sich die Sonne ins Gesicht scheinen und die frische Brise um die Nase wehen. Einen Strandkorb sollten Sie in der Hochsaison an der L\u00fcbecker Bucht rechtzeitig buchen \u2013 die sind schnell weg. Von dort aus haben Sie den besten Blick aufs bunte Strandleben und die L\u00fctten. Die freuen sich besonders, wenn Mama und Papa Zeit finden, ein sch\u00f6nes Sandschloss \u2013 verziert mit besonderen<br \/>\nSchmuckst\u00fccken \u2013 zu bauen oder mit der Badeente im seichten Wasser zu planschen.<\/p>\n<div id=\"attachment_1164\" style=\"width: 1210px\" class=\"wp-caption aligncenter\"><a href=\"https:\/\/infoguide-online.de\/wp-content\/uploads\/2022\/08\/AhoiBeach\u00a9Tourismus-Service-Gro\u0308mitz.jpg\"><img loading=\"lazy\" decoding=\"async\" aria-describedby=\"caption-attachment-1164\" class=\"size-full wp-image-1164\" src=\"https:\/\/infoguide-online.de\/wp-content\/uploads\/2022\/08\/AhoiBeach\u00a9Tourismus-Service-Gro\u0308mitz.jpg\" alt=\"\u00a9Tourismus-Service-Gro\u0308mitz\" width=\"1200\" height=\"800\" srcset=\"https:\/\/infoguide-online.de\/wp-content\/uploads\/2022\/08\/AhoiBeach\u00a9Tourismus-Service-Gro\u0308mitz.jpg 1200w, https:\/\/infoguide-online.de\/wp-content\/uploads\/2022\/08\/AhoiBeach\u00a9Tourismus-Service-Gro\u0308mitz-300x200.jpg 300w, https:\/\/infoguide-online.de\/wp-content\/uploads\/2022\/08\/AhoiBeach\u00a9Tourismus-Service-Gro\u0308mitz-768x512.jpg 768w, https:\/\/infoguide-online.de\/wp-content\/uploads\/2022\/08\/AhoiBeach\u00a9Tourismus-Service-Gro\u0308mitz-1024x683.jpg 1024w, https:\/\/infoguide-online.de\/wp-content\/uploads\/2022\/08\/AhoiBeach\u00a9Tourismus-Service-Gro\u0308mitz-624x416.jpg 624w\" sizes=\"auto, (max-width: 1200px) 100vw, 1200px\" \/><\/a><p id=\"caption-attachment-1164\" class=\"wp-caption-text\">\u00a9Tourismus-Service-Gro\u0308mitz<\/p><\/div>\n<div id=\"attachment_1161\" style=\"width: 1210px\" class=\"wp-caption aligncenter\"><a href=\"https:\/\/infoguide-online.de\/wp-content\/uploads\/2022\/08\/AhoiBeach2.jpg\"><img loading=\"lazy\" decoding=\"async\" aria-describedby=\"caption-attachment-1161\" class=\"size-full wp-image-1161\" src=\"https:\/\/infoguide-online.de\/wp-content\/uploads\/2022\/08\/AhoiBeach2.jpg\" alt=\"\u00a9 www.bulli-eventteam.de\" width=\"1200\" height=\"900\" srcset=\"https:\/\/infoguide-online.de\/wp-content\/uploads\/2022\/08\/AhoiBeach2.jpg 1200w, https:\/\/infoguide-online.de\/wp-content\/uploads\/2022\/08\/AhoiBeach2-300x225.jpg 300w, https:\/\/infoguide-online.de\/wp-content\/uploads\/2022\/08\/AhoiBeach2-768x576.jpg 768w, https:\/\/infoguide-online.de\/wp-content\/uploads\/2022\/08\/AhoiBeach2-1024x768.jpg 1024w, https:\/\/infoguide-online.de\/wp-content\/uploads\/2022\/08\/AhoiBeach2-624x468.jpg 624w\" sizes=\"auto, (max-width: 1200px) 100vw, 1200px\" \/><\/a><p id=\"caption-attachment-1161\" class=\"wp-caption-text\">\u00a9 www.bulli-eventteam.de<\/p><\/div>\n<p><strong>Unterm Sternenhimmel<br \/>\n<\/strong>Wenn die Sonne langsam untergeht, wird es ruhiger an den Str\u00e4nden. Dann kann man die Seele baumeln lassen und bei einem Sundowner den Tag verabschieden. Langsam funkelt es mit zunehmender Dunkelheit am Sternenhimmel und am liebsten m\u00f6chte man bleiben und den Sonnaufgang auch erleben. Kein Problem: Buchen Sie einen Schlafstrandkorb. M\u00f6glich ist das an verschiedenen K\u00fcstenorten. Ein Bett unterm Ostseehimmel wird in Travem\u00fcnde angeboten. Gem\u00fctlich in eine Decke eingekuschelt werden Sie sanft vom Wellenschlag in s\u00fc\u00dfe Tr\u00e4ume begleitet und wachen energiegeladen auf. Bei Ihrem ersten Spaziergang am Meer begegnen Ihnen kaum Menschen. Auch in Timmendorfer Strand und Niendorf k\u00f6nnen Sie unterm Sternenhimmel schlummern und ebenso in Haffkrug und Siersdorf. Dabei brauchen Sie sich um nichts zu k\u00fcmmern. H\u00e4ufig k\u00f6nnen ein Strandfr\u00fchst\u00fcck und ein Mondschein-Picknickkorb mit Prosecco dazu gebucht werden.<br \/>\n<strong>Tipp:<\/strong> Neu gibt es jetzt an manchen Orten wie Gr\u00f6mitz eine Strandkorbsauna. Die kleinen Wellnessoasen mit Blick aufs Meer k\u00f6nnen allein oder zu zweit genutzt werden. Schwitzen Sie gesch\u00fctzt in der Sauna und erfrischen Sie sich danach in der Ostsee.<\/p>\n<div id=\"attachment_1163\" style=\"width: 1210px\" class=\"wp-caption aligncenter\"><a href=\"https:\/\/infoguide-online.de\/wp-content\/uploads\/2022\/08\/AhoiBeach\u00a9Franke.jpg\"><img loading=\"lazy\" decoding=\"async\" aria-describedby=\"caption-attachment-1163\" class=\"size-full wp-image-1163\" src=\"https:\/\/infoguide-online.de\/wp-content\/uploads\/2022\/08\/AhoiBeach\u00a9Franke.jpg\" alt=\"\u00a9Franke\" width=\"1200\" height=\"800\" srcset=\"https:\/\/infoguide-online.de\/wp-content\/uploads\/2022\/08\/AhoiBeach\u00a9Franke.jpg 1200w, https:\/\/infoguide-online.de\/wp-content\/uploads\/2022\/08\/AhoiBeach\u00a9Franke-300x200.jpg 300w, https:\/\/infoguide-online.de\/wp-content\/uploads\/2022\/08\/AhoiBeach\u00a9Franke-768x512.jpg 768w, https:\/\/infoguide-online.de\/wp-content\/uploads\/2022\/08\/AhoiBeach\u00a9Franke-1024x683.jpg 1024w, https:\/\/infoguide-online.de\/wp-content\/uploads\/2022\/08\/AhoiBeach\u00a9Franke-624x416.jpg 624w\" sizes=\"auto, (max-width: 1200px) 100vw, 1200px\" \/><\/a><p id=\"caption-attachment-1163\" class=\"wp-caption-text\">\u00a9Franke<\/p><\/div>\n<p><a href=\"http:\/\/www.timmendorfer-strand.de\">www.timmendorfer-strand.de<\/a><br \/>\n<a href=\"http:\/\/www.luebecker-bucht-ostsee.de\">www.luebecker-bucht-ostsee.de<\/a><br \/>\n<a href=\"http:\/\/www.travemuende-tourismus.de\">www.travemuende-tourismus.de<\/a><br \/>\n<a href=\"http:\/\/www.geopark-nordisches-steinreich.de\">www.geopark-nordisches-steinreich.de<\/a><br \/>\n<a href=\"http:\/\/www.ostseestation-travemuende.de\">www.ostseestation-travemuende.de<\/a><br \/>\n<a href=\"http:\/\/www.hausdernatur.de\">www.hausdernatur.de<\/a><br \/>\n<a href=\"http:\/\/www.ostsee-schleswig-holstein.de\">www.ostsee-schleswig-holstein.de<\/a><br \/>\n<a href=\"http:\/\/www.groemitz.de\">www.groemitz.de<\/a><br \/>\n<a href=\"http:\/\/www.fehmarn.de\">www.fehmarn.de<\/a><br \/>\n<a href=\"http:\/\/www.bund-sh.de\">www.bund-sh.de<\/a><\/p>\n","protected":false},"excerpt":{"rendered":"<p>Sind Sie auf der Suche nach dem Gl\u00fcck? M\u00f6chten Sie den Alltag vergessen und Ihre Akkus aufladen? Dann kommen Sie mal nach Ostholstein und verbringen einen vergn\u00fcglichen Tag am Strand, bevor Sie die Region erkunden. Wahrscheinlich wird aus dem einen eine ganze Woche oder noch mehr. Und wetten, Sie kommen immer wieder. Beachlife an der [&hellip;]<\/p>\n","protected":false},"author":1,"featured_media":0,"parent":7,"menu_order":0,"comment_status":"closed","ping_status":"closed","template":"","meta":{"footnotes":""},"class_list":["post-1007","page","type-page","status-publish","hentry"],"_links":{"self":[{"href":"https:\/\/infoguide-online.de\/index.php?rest_route=\/wp\/v2\/pages\/1007","targetHints":{"allow":["GET"]}}],"collection":[{"href":"https:\/\/infoguide-online.de\/index.php?rest_route=\/wp\/v2\/pages"}],"about":[{"href":"https:\/\/infoguide-online.de\/index.php?rest_route=\/wp\/v2\/types\/page"}],"author":[{"embeddable":true,"href":"https:\/\/infoguide-online.de\/index.php?rest_route=\/wp\/v2\/users\/1"}],"replies":[{"embeddable":true,"href":"https:\/\/infoguide-online.de\/index.php?rest_route=%2Fwp%2Fv2%2Fcomments&post=1007"}],"version-history":[{"count":6,"href":"https:\/\/infoguide-online.de\/index.php?rest_route=\/wp\/v2\/pages\/1007\/revisions"}],"predecessor-version":[{"id":1165,"href":"https:\/\/infoguide-online.de\/index.php?rest_route=\/wp\/v2\/pages\/1007\/revisions\/1165"}],"up":[{"embeddable":true,"href":"https:\/\/infoguide-online.de\/index.php?rest_route=\/wp\/v2\/pages\/7"}],"wp:attachment":[{"href":"https:\/\/infoguide-online.de\/index.php?rest_route=%2Fwp%2Fv2%2Fmedia&parent=1007"}],"curies":[{"name":"wp","href":"https:\/\/api.w.org\/{rel}","templated":true}]}}