{"id":128,"date":"2013-03-18T13:31:49","date_gmt":"2013-03-18T12:31:49","guid":{"rendered":"http:\/\/infoguide-online.de\/?page_id=128"},"modified":"2018-04-30T14:47:34","modified_gmt":"2018-04-30T13:47:34","slug":"historie-einer-kneipenlegende","status":"publish","type":"page","link":"https:\/\/infoguide-online.de\/?page_id=128","title":{"rendered":"Coole Tipps f\u00fcr Regentage"},"content":{"rendered":"<p><strong>Schwimmen, Planschen, Rutschen und Entspannen<\/strong><\/p>\n<p><strong>Das kann doch Urlaubskinder, K\u00fcstenjungs und Badenixen nicht ersch\u00fcttern. So ein wenig Regen zwischendurch geh\u00f6rt hier an der K\u00fcste einfach dazu. Aber aufs Schwimmen und <\/strong><strong>den Saunagang brauchen Sie nicht zu verzichten. An der L\u00fcbecker Bucht und im Achterland gibt\u2019s zahlreiche Schwimmb\u00e4der mit Saunen und Relaxm\u00f6glichkeiten. Die wollen wir Ihnen jetzt einmal vorstellen.<\/strong><\/p>\n<div id=\"attachment_593\" style=\"width: 843px\" class=\"wp-caption aligncenter\"><a href=\"https:\/\/infoguide-online.de\/wp-content\/uploads\/2013\/03\/Depositphotos_68882345_original.jpg\"><img loading=\"lazy\" decoding=\"async\" aria-describedby=\"caption-attachment-593\" class=\"size-full wp-image-593\" src=\"https:\/\/infoguide-online.de\/wp-content\/uploads\/2013\/03\/Depositphotos_68882345_original.jpg\" alt=\"\u00a9shalamov - depositphotos.com\" width=\"833\" height=\"500\" srcset=\"https:\/\/infoguide-online.de\/wp-content\/uploads\/2013\/03\/Depositphotos_68882345_original.jpg 833w, https:\/\/infoguide-online.de\/wp-content\/uploads\/2013\/03\/Depositphotos_68882345_original-300x180.jpg 300w, https:\/\/infoguide-online.de\/wp-content\/uploads\/2013\/03\/Depositphotos_68882345_original-768x461.jpg 768w, https:\/\/infoguide-online.de\/wp-content\/uploads\/2013\/03\/Depositphotos_68882345_original-624x375.jpg 624w\" sizes=\"auto, (max-width: 833px) 100vw, 833px\" \/><\/a><p id=\"caption-attachment-593\" class=\"wp-caption-text\">\u00a9shalamov &#8211; depositphotos.com<\/p><\/div>\n<p><strong>Ostsee-Therme<\/strong><br \/>\nEin toller Spa\u00df f\u00fcr Klein und Gro\u00df ist die Ostsee-Therme mit der 150 Meter langen Riesenrutsche. Rutschfans werden begeistert sein! \u201eGreen Mamba\u201c und \u201eRed Devil\u201c sind der Renner des Schwimmbads in Scharbeutz. Doch auch wer es lieber ruhiger angehen lassen m\u00f6chte, findet in der Ostsee-Therme genau die Wasserwelt, die er sucht. Ein dampfendes Au\u00dfenbecken, Whirlpools, ein Wildwasserkreisel und unterschiedliche Saunen stehen Ihnen zur Verf\u00fcgung. Im subtropischen Badeparadies k\u00f6nnen Sie sich mit Ihrer ganzen Familie vergn\u00fcgen. Besuchen Sie auch die Panorama-Sauna mit fantastischem Meerblick. Die vielseitigen Wasser-, Sauna- und Fitnesslandschaften bieten Raum f\u00fcr aktive und passive Entspannung in stilvollem Ambiente. Genie\u00dfen Sie die urigen original Kelo-Saunen und relaxen Sie auf der Sonnen- oder Dachterrasse mit wundersch\u00f6nem Blick auf die Ostsee. Wollen Sie fit werden und bleiben, bietet die Ostsee-Therme viele M\u00f6glichkeiten f\u00fcr Anf\u00e4nger, solche, die schon etwas Kondition mitbringen und Leistungssportler. Eine qualifizierte Betreuung durch sehr gut ausgebildetes Personal ist immer gew\u00e4hrleistet. In der Ostsee-Therme ist f\u00fcr jeden etwas dabei. Infos unter <a href=\"http:\/\/www.ostsee-therme.de\">www.ostsee-therme.de<\/a>.<\/p>\n<p><strong>Holstein-Therme<\/strong><br \/>\nGanz idyllisch liegt die Holstein-Therme in Bad Schwartau mitten im Kurpark mit Blick aufs Gr\u00fcn. Im gut beheizten Au\u00dfenbecken schauen sie auf alte B\u00e4ume und k\u00f6nnen zum Entspannen den gro\u00dfen Whirlpool nutzen. Zahlreiche Sprudelanlagen und Massaged\u00fcsen im Au\u00dfen- sowie auch im Innenbecken sorgen f\u00fcr Lockerung und Ihr Wohlbefinden. Im Jodsole-Thermalbad finden die G\u00e4ste au\u00dferdem einen Saunagarten und eine gro\u00dfz\u00fcgige Relaxzone. Neben unterschiedlichen Saunen, gibt es ein Dampfbad, Infrarotw\u00e4rmekabinen und moderne Solarien, die Ihren Aufenthalt abwechslungsreich machen. Pure Erholung und sprudelndes Vergn\u00fcgen bietet auch der Str\u00f6mungskanal im Au\u00dfenbecken.<br \/>\nDas mit \u00fcber 1.000 m\u00b2 gro\u00dfz\u00fcgig gestaltete Day Spa, die Saunalandschaft der Holstein-Therme, l\u00e4dt Sie zum Erholen ein. Ob Entspannung bei W\u00e4rme und Feuchtigkeit im Dampfbad oder Abh\u00e4rtung in den finnischen Blockhaussaunen \u2013 hier findet jeder seine pers\u00f6nliche Wellness-Wohlf\u00fchloase. Genie\u00dfen Sie vielf\u00e4ltige Aufg\u00fcsse durch das geschulte Personal. Infos unter <a href=\"http:\/\/www.holstein-therme.de\">www.holstein-therme.de<\/a>.<\/p>\n<p><strong>Salzoase Bad Schwartau<\/strong><br \/>\nEin weiterer Ort der Entspannung ist die Salzoase ebenfalls in Bad Schwartau. Die wohltuende Einrichtung f\u00f6rdert Vitalit\u00e4t und Gesundheit durch ein Meeresklima wie es \u00e4hnlich am Toten Meer herrscht. Durch die Atemwege nehmen Sie wertvolle Mikroelemente und Mineralien auf. Die Salzoase ist mit nat\u00fcrlichen Gebirgssalzen und reinem Meersalz ausgestattet. Das Salz ist 250 Millionen Jahre alt und stammt aus Mitteleuropa, dem Toten Meer und dem Himalaya. Seine hohe L\u00f6slichkeit und eine optimale Luftfeuchtigkeit f\u00fchren zu einer wohltuenden ionisierenden Wirkung und wirken sich positiv auf den menschlichen K\u00f6rper und Geist aus. G\u00f6nnen Sie sich einen Wellnesstag in der Salzoase und beginnen Sie mit einer wohltuenden Massage, anschlie\u00dfender Entspannung in der Salzgrotte und freuen Sie sich zum Abschluss auf die italienischen Eisspezialit\u00e4ten im Caf\u00e9. Dar\u00fcber hinaus erwarten die Besucher Klangschalenkonzerte. Freitags stehen um 18:15 Uhr Yoga und dienstags um 17:00 Uhr die Kinderstunde auf dem Programm. Alle Infos finden Sie unter <a href=\"http:\/\/www.salzoase.de\">www.salzoase.de<\/a> oder \u00fcber facebook: Salzoase Bad Schwartau.<\/p>\n<p><strong>Subtropisches Badeparadies \u2013 Die Wassererlebniswelt<\/strong><br \/>\nFreuen Sie sich auf eine tolle Freizeitattraktion am Weissenh\u00e4user Strand. Dort erwartet Sie eine 214 Meter lange Reifenrutsche und die gr\u00f6\u00dfte Wasserspiellandschaft Deutschlands. Viel Spa\u00df versprechen die verschiedenen Rutschen im Badeparadies Weissenh\u00e4user Strand. Da ist zum Beispiel der \u201eAqua Racer\u201c, eine spektakul\u00e4re Rutsche, die f\u00fcr Klein und Gro\u00df geeignet ist. Bei der Formel 1 des Rutschvergn\u00fcgens k\u00f6nnen Sie sogar zu zweit mit je einem Reifen starten. In der riesigen Wasserspiellandschaft \u201eWater World\u201c genannt, gibt es auf drei Etagen \u00fcber verschiedene Pfade und G\u00e4nge eine ganz eigene Welt zu entdecken. Geysire, Wasserkanonen und F\u00f6rderanlagen sind nur einige Highlights f\u00fcr gro\u00dfe und kleine Kinder. \u00dcber allem thront in \u00fcber 10 Meter H\u00f6he ein 1.600 Liter fassender Wassereimer, der sich alle paar Minuten \u00fcber die Besucher ergie\u00dft. Hier bleibt kein Auge trocken und das Strahlen in den Gesichtern nicht aus. Wohlbehagen und Entspannung finden Sie auch im gro\u00dfz\u00fcgigen Wellnessbereich mit Sauna, Sanarium und Dampfbad. Nat\u00fcrlich k\u00f6nnen Sie im Suptropischen Badeparadies auch einfach nur Ihre Runden drehen und gem\u00fctlich schwimmen.<br \/>\nAlle Informationen finden Sie unter <a href=\"http:\/\/www.weissenhaeuserstrand.de\">www.weissenhaeuserstrand.de<\/a>.<\/p>\n<p>Meerwasserhallenbad Niendorf<br \/>\nDas Meerwasserhallenbad in Niendorf direkt an der Ostsee ist ebenfalls immer einen Besuch wert. Unabh\u00e4ngig von den Jahreszeiten bietet das Hallenbad mit Blick aufs Meer immer Spa\u00df und Entspannung. Tauchen Sie ein bei angenehmen 28 Grad in die erfrischende Welt des Salzwassers. Zum Schwimmen lernen und f\u00fcr Ihre Fitness werden unterschiedliche Kurse geboten vom Babyschwimmen bis zu verschiedenen Schwimmkursen. Aqua-Gymnastik und -Jogging st\u00e4rken Herz- und Kreislauf und den ganzen K\u00f6rper. Ein besonderes Angebot ist auch das Unterwasser-Fotoshooting zu verschiedenen Terminen.<br \/>\nAlle Infos finden Sie unter<br \/>\nwww.meerwasserhallenbad-niendorf.de.<\/p>\n<p>Gr\u00f6mitzer Welle<br \/>\nDie neue Gr\u00f6mitzer Welle bietet mit 1.000 m\u00b2 Wasserfl\u00e4che und 600 m\u00b2 Saunalandschaft jede Menge Platz f\u00fcr Wasserratten und Wellnessfans. Neben dem Wellenbad stehen Erlebnis- und Whirlpools zur Verf\u00fcgung. In der Gr\u00f6mitzer Welle findet jeder sein Badegl\u00fcck. Eine gro\u00dfe Wellnesslandschaft, ein Dampfbad und diverse Saunen mit Blick aufs Meer erg\u00e4nzen das Angebot. Zum Entspannen gibt es eine Ruhezone und zum Aktivsein unterschiedliche Gesundheits- und Animationskurse. Ab ins nasse Element \u2013 Sport im Wasser macht Spa\u00df und ist gesund. Alters- und leistungsunabh\u00e4ngig bietet die Welle ein abwechslungsreiches Kursprogramm in toller Atmosph\u00e4re. Ob Schwangeren- oder Babyschwimmen, Seepferdchen-Kurs, Aqua-Fitness oder Aqua-Zumba: In der Gr\u00f6mitzer Welle findet jeder sein pers\u00f6nliches Sportprogramm. Im Restaurantbereich k\u00f6nnen Sie sich im Anschluss nach Herzenslust st\u00e4rken. Alle Becken und Wasserattraktionen werden mit reinem Seewasser betrieben. 1,1 Mio. Liter Seewasser sind insgesamt in dem neuen Geb\u00e4ude in Bewegung. Die Wassertemperaturen reichen von 27 bis 33 Grad. Wasserrutsche, Str\u00f6mungskanal, Geysiere, Wasserfall, Sprudel- und Massaged\u00fcsen und nat\u00fcrlich die fantastische Welle sind die Wasserattraktionen des Bades. Im neuen Babybereich ist viel Platz zum Spielen und Plantschen. Das neue Au\u00dfenbecken im Saunabereich sowie die beiden Au\u00dfenterrassen, die sich direkt zum Strand und der Ostsee \u00f6ffnen, sind wahre Entspannungsoasen und bieten einen einmaligen Blick auf die L\u00fcbecker Bucht. Schauen Sie auch unter <a href=\"http:\/\/www.groemitz.de\">www.groemitz.de<\/a>.<\/p>\n<p><strong>FehMare<\/strong><br \/>\nDas Wellenbad mit Meerwasser und Blick auf die Ostsee liegt am S\u00fcdstrand von Fehmarn. Nehmen Sie sich eine Auszeit und genie\u00dfen Sie das Schwimmbad mit Sauna und Wellnesswelt. F\u00fcr Klein und Gro\u00df bietet das Erlebnisbad alles, was Spa\u00df macht und zur Entspannung beitr\u00e4gt. In der Badewelt erleben Sie als Besucher ganzj\u00e4hrig das Gef\u00fchl eines perfekten Sommertages am Meer \u2013 auf \u00fcber 4.500 qm verteilt auf drei Ebenen. Lichtdurchflutete R\u00e4ume, wohlige Temperaturen und ein einmaliger Blick \u00fcber die Ostsee wecken Urlaubsstimmung und bieten das ideale Ambiente f\u00fcr unbeschwerte Momente, ob im Wasser oder im gro\u00dfz\u00fcgigen Wellnessbereich. In der Sauna mit Panorama-Meerblick f\u00e4llt das Relaxen leicht. Entdecken Sie auch das Dampfbad, den Ruheraum mit Kamin und Blick auf die See. Ebenfalls von der Dachterrasse und Dachsauna haben Sie einen fantastischen Blick auf die Ostsee. Wer sich fit halten m\u00f6chte, nimmt teil bei der Aqua-Fitness. Alles Weitere finden Sie unter <a href=\"http:\/\/www.fehmare.de\">www.fehmare.de<\/a>.<\/p>\n","protected":false},"excerpt":{"rendered":"<p>Schwimmen, Planschen, Rutschen und Entspannen Das kann doch Urlaubskinder, K\u00fcstenjungs und Badenixen nicht ersch\u00fcttern. So ein wenig Regen zwischendurch geh\u00f6rt hier an der K\u00fcste einfach dazu. Aber aufs Schwimmen und den Saunagang brauchen Sie nicht zu verzichten. An der L\u00fcbecker Bucht und im Achterland gibt\u2019s zahlreiche Schwimmb\u00e4der mit Saunen und Relaxm\u00f6glichkeiten. Die wollen wir Ihnen [&hellip;]<\/p>\n","protected":false},"author":1,"featured_media":0,"parent":7,"menu_order":11,"comment_status":"closed","ping_status":"closed","template":"","meta":{"footnotes":""},"class_list":["post-128","page","type-page","status-publish","hentry"],"_links":{"self":[{"href":"https:\/\/infoguide-online.de\/index.php?rest_route=\/wp\/v2\/pages\/128","targetHints":{"allow":["GET"]}}],"collection":[{"href":"https:\/\/infoguide-online.de\/index.php?rest_route=\/wp\/v2\/pages"}],"about":[{"href":"https:\/\/infoguide-online.de\/index.php?rest_route=\/wp\/v2\/types\/page"}],"author":[{"embeddable":true,"href":"https:\/\/infoguide-online.de\/index.php?rest_route=\/wp\/v2\/users\/1"}],"replies":[{"embeddable":true,"href":"https:\/\/infoguide-online.de\/index.php?rest_route=%2Fwp%2Fv2%2Fcomments&post=128"}],"version-history":[{"count":7,"href":"https:\/\/infoguide-online.de\/index.php?rest_route=\/wp\/v2\/pages\/128\/revisions"}],"predecessor-version":[{"id":663,"href":"https:\/\/infoguide-online.de\/index.php?rest_route=\/wp\/v2\/pages\/128\/revisions\/663"}],"up":[{"embeddable":true,"href":"https:\/\/infoguide-online.de\/index.php?rest_route=\/wp\/v2\/pages\/7"}],"wp:attachment":[{"href":"https:\/\/infoguide-online.de\/index.php?rest_route=%2Fwp%2Fv2%2Fmedia&parent=128"}],"curies":[{"name":"wp","href":"https:\/\/api.w.org\/{rel}","templated":true}]}}