{"id":23,"date":"2013-03-16T13:40:24","date_gmt":"2013-03-16T11:40:24","guid":{"rendered":"http:\/\/infoguide-online.de\/?page_id=23"},"modified":"2020-09-02T14:11:20","modified_gmt":"2020-09-02T13:11:20","slug":"inhalt_1","status":"publish","type":"page","link":"https:\/\/infoguide-online.de\/?page_id=23","title":{"rendered":"Juchhe \u2013 Meer, wir kommen!"},"content":{"rendered":"<p><strong>Feiner warmer Sand rieselt \u00fcber die F\u00fc\u00dfe, die Sonne kitzelt die Nase, w\u00e4hrend der Ostseewind Wellen t\u00fcrmt. Sie klatschen ans Ufer und rollen Kiesel vor sich her. Dann nehmen sie sie wieder mit ins Meer, um sie mit neuer Welle abermals an Land zu sp\u00fclen. Auf der Seebr\u00fccke bummeln Eltern mit ihren Kindern zum Br\u00fcckenkopf. W\u00e4hrend die L\u00fctten ein Eis schlecken und barfu\u00df auf den Holzbohlen voranst\u00fcrmen, recken die \u00c4lteren die K\u00f6pfe in die Sonne. Die wandert \u00fcber den blauen Himmel und versteckt sich nur manches Mal hinter ein Sch\u00f6nwetterwolke. In der Ferne unz\u00e4hlige wei\u00dfe Segel auf marineblauer See. Bilderbuchtage an einem Sommertag an der<br \/>\nL\u00fcbecker Bucht. Die stehen Ihnen auch bevor, wenn Sie Ihren Urlaub im Norden Deutschlands verbringen. Was Sie wo erwartet, verraten wir Ihnen hier.<\/strong><\/p>\n<div id=\"attachment_571\" style=\"width: 843px\" class=\"wp-caption aligncenter\"><a href=\"https:\/\/infoguide-online.de\/wp-content\/uploads\/2013\/03\/Strandko\u0308rbe-in-Travemu\u0308nde-c-LTM-Borowiakziehe.jpg\"><img loading=\"lazy\" decoding=\"async\" aria-describedby=\"caption-attachment-571\" class=\"size-full wp-image-571\" src=\"https:\/\/infoguide-online.de\/wp-content\/uploads\/2013\/03\/Strandko\u0308rbe-in-Travemu\u0308nde-c-LTM-Borowiakziehe.jpg\" alt=\"\u00a9LTM - Borowiakziehe\" width=\"833\" height=\"500\" srcset=\"https:\/\/infoguide-online.de\/wp-content\/uploads\/2013\/03\/Strandko\u0308rbe-in-Travemu\u0308nde-c-LTM-Borowiakziehe.jpg 833w, https:\/\/infoguide-online.de\/wp-content\/uploads\/2013\/03\/Strandko\u0308rbe-in-Travemu\u0308nde-c-LTM-Borowiakziehe-300x180.jpg 300w, https:\/\/infoguide-online.de\/wp-content\/uploads\/2013\/03\/Strandko\u0308rbe-in-Travemu\u0308nde-c-LTM-Borowiakziehe-768x461.jpg 768w, https:\/\/infoguide-online.de\/wp-content\/uploads\/2013\/03\/Strandko\u0308rbe-in-Travemu\u0308nde-c-LTM-Borowiakziehe-624x375.jpg 624w\" sizes=\"auto, (max-width: 833px) 100vw, 833px\" \/><\/a><p id=\"caption-attachment-571\" class=\"wp-caption-text\">\u00a9LTM &#8211; Borowiakziehe<\/p><\/div>\n<p><strong>Travem\u00fcnde<\/strong><br \/>\nJede Menge Platz f\u00fcr Sandburgenbauer, Sonnenanbeter, Wasserratten und Strandl\u00e4ufer. Neben dem Kurstrand laden der Gr\u00fcn- und Priwallstrand zum L\u00fcmmeln im Sand und auf dem Gras. Zum Promenieren eignet sich ganz famos die Strandpromenade. \u00dcberhaupt wird das Flanieren in Travem\u00fcnde gro\u00dfgeschrieben. Demn\u00e4chst kann das St\u00e4dtchen gleich mit drei neu gestalteten Promenaden an Ostsee und Trave aufwarten. Neben der kaiserlichen werden auch die Travepromenade und die auf dem Priwall neue Glanzpunkte setzen. Travem\u00fcnde macht sich fit f\u00fcr die Zukunft. Auch neue Hotels und Appartements sind entstanden oder werden demn\u00e4chst fertiggestellt.<br \/>\nEinen naturbelassenen Strand mit herabgest\u00fcrzten B\u00e4umen und Felsen finden Sie am Brodtener Steilufer. Direkt am Ufersaum entdecken Sie mit Gl\u00fcck Versteinerungen wie Donnerkeile oder Seeigel. Vom Weg oberhalb des Kliffs haben Sie einen fantastischen Blick auf die gesamte L\u00fcbecker Bucht bis nach Mecklenburg. Ein idealer Ort der Inspiration f\u00fcr die Gr\u00f6\u00dferen und auch die Kleineren finden Spannendes zum Herumtoben.<br \/>\nTipp: sch\u00f6n sutje angehen lassen. Setzen Sie sich in eins der Caf\u00e9s an der Vorderreihe mit Blick auf die Passat, die Segler und P\u00f6tte. Genie\u00dfen sie ein leckeres Eis und nehmen Sie im Anschluss an einer der Stadtf\u00fchrungen teil. Unbedingt vormerken: die Travem\u00fcnder Woche vom 20. bis 29. Juli. Weitere Infos dazu finden Sie bei den Topevents.<br \/>\nSie gelangen \u00fcbrigens auch barrierefrei auf den Kurstrand. F\u00fcr den Badespa\u00df oder f\u00fcr eine Runde am Strand leihen Sie sich einfach bei der Strandkorbvermietung Seipel kostenlos einen Strand-Schwimm-Rollstuhl aus. Hinweise zur weiteren Barrierefreiheit bekommen Sie in der Tourist-Information im Strandbahnhof.<\/p>\n<p><strong>Niendorf und Timmendorfer Strand<\/strong><\/p>\n<div id=\"attachment_527\" style=\"width: 810px\" class=\"wp-caption aligncenter\"><a href=\"https:\/\/infoguide-online.de\/wp-content\/uploads\/2013\/03\/Fotolia_87978142_Subscription_Monthly_M.jpg\"><img loading=\"lazy\" decoding=\"async\" aria-describedby=\"caption-attachment-527\" class=\"size-full wp-image-527\" src=\"https:\/\/infoguide-online.de\/wp-content\/uploads\/2013\/03\/Fotolia_87978142_Subscription_Monthly_M.jpg\" alt=\"\u00a9pure-life-pictures - Fotolia.com\" width=\"800\" height=\"534\" srcset=\"https:\/\/infoguide-online.de\/wp-content\/uploads\/2013\/03\/Fotolia_87978142_Subscription_Monthly_M.jpg 800w, https:\/\/infoguide-online.de\/wp-content\/uploads\/2013\/03\/Fotolia_87978142_Subscription_Monthly_M-300x200.jpg 300w, https:\/\/infoguide-online.de\/wp-content\/uploads\/2013\/03\/Fotolia_87978142_Subscription_Monthly_M-768x513.jpg 768w, https:\/\/infoguide-online.de\/wp-content\/uploads\/2013\/03\/Fotolia_87978142_Subscription_Monthly_M-624x417.jpg 624w\" sizes=\"auto, (max-width: 800px) 100vw, 800px\" \/><\/a><p id=\"caption-attachment-527\" class=\"wp-caption-text\">\u00a9pure-life-pictures &#8211; Fotolia.com<\/p><\/div>\n<p>Strandk\u00f6rbe sind begehrt. Wir raten, sie rechtzeitig zu mieten. Dann k\u00f6nnen Sie sich gem\u00fctlich zur\u00fccklehnen und dem bunten Treiben zusehen. Wenn Sie m\u00f6gen \u00fcbernachten Sie in einem ganz speziellen. Im Schlafstrandkorb schlummern Sie selig unter dem Sternenhimmel ein und wachen nach einer Nacht mit Meeresrauschen frisch wieder auf. Infos finden Sie auf den Seiten der Timmendorfer Strand Niendorf Tourismus GmbH; die Webadresse am Ende des Artikels.<br \/>\nWollen Sie sich fit halten, bietet der StrandKlub zahlreiche Sportarten mit ausgebildeten Trainern. Das kostenlose Sportprogramm in Timmendorfer Strand findet ab Mitte Mai statt. Der Sport-StrandKlub in Niendorf startet ebenfalls ab Mai und endet am 15. September. Bei Beachvolleyball- und Beach-Soccer-Turnieren k\u00f6nnen Sie sich ordentlich auspowern! Vom 25. Juni bis zum 24. August wird das Sport-StrandKlub-Programm an der Maritim Seebr\u00fccke in Timmendorfer Strand um neue, innovative Kurse erweitert: So k\u00f6nnen Sportbegeisterte nicht nur an Yoga, Nordic Walking, Aquaball oder R\u00fcckenfit teilnehmen, sondern ebenfalls Trendsportarten wie Jumping-Fitness, Zumba, Qi Gong oder Faszientraining kennenlernen.<br \/>\nAuch an die L\u00fctten ist selbstverst\u00e4ndlich gedacht. W\u00e4hrend des Familienurlaubs kommen die Kleinen im Kinderclub voll auf ihre Kosten. Der Club bietet Kindern aller Altersgruppen tolle Spielideen. Vom 2. Juli bis zum 1. September kommen die Kinderanimateure vom Kinderclub an die Maritim Seebr\u00fccke in Timmendorfer Strand und an den Freistrand in Niendorf.<br \/>\nMenschen mit Beeintr\u00e4chtigungen gelangen selbstverst\u00e4ndlich auch an den Strand. Als erstes Ostseebad richteten sie einen barrierefreien Strand ein, der auch mit einem Rollstuhl \u00fcber Planken erreicht werden kann. Zudem stehen den Strandg\u00e4sten in Timmendorfer Strand und Niendorf f\u00fcnf schwimmende Rollst\u00fchle zur Verf\u00fcgung.<\/p>\n<p><strong>Von Scharbeutz bis Neustadt<\/strong><\/p>\n<p>20 Kilometer Strandvergn\u00fcgen \u2013 mal ganz lebhaft, mal famili\u00e4r und mal einsam. Damit Sie sich ganz sicher f\u00fchlen k\u00f6nnen, sorgen, ebenso wie an den anderen Str\u00e4nden, Mitarbeiter der DLRG-Stationen f\u00fcr Sicherheit. Wenn\u2019s w\u00e4rmer ist, k\u00f6nnen Sie auch an diesen Str\u00e4nden eine unvergessliche Nacht im Schlafstrandkorb verbringen. Sind Sie nach einer Nacht mit Meeresrauschen fit und voller Tatendrang? Dann probieren Sie doch einmal etwas Neues aus. Wie w\u00e4r\u2019s mit SUP-Yoga auf der Ostsee? Gefragt sind au\u00dferdem Nordic-Walking-Touren durch abwechslungsreiche Landschaften.<br \/>\nZwischendurch bringen Strandtage ohne viel Action Erholung pur. Familien mit kleinen Kindern finden einige Str\u00e4nde, die ganz sanft am Ufer abfallen und toll zum Planschen sind. F\u00fcr die etwas gr\u00f6\u00dferen Kinder ist immer was los. Ob Kinderdisko, Spa\u00dfolympiade, Kreativ-Werkstatt oder Ostsee-Entdeckertag \u2013 die Kinderanimateure haben jedes Jahr viele neue Ideen. Ob im &#8222;M\u00f6we Meier Club&#8220; in Pelzerhaken oder im &#8222;Gumda Club&#8220; in Scharbeutz. Da gibt\u2019s immer \u00dcberraschungen und die Eltern haben eine kleine Auszeit f\u00fcr sich.<\/p>\n<p>\u00a9pure-life-pictures &#8211; Fotolia.com<\/p>\n<div id=\"attachment_530\" style=\"width: 810px\" class=\"wp-caption aligncenter\"><a href=\"https:\/\/infoguide-online.de\/wp-content\/uploads\/2013\/03\/Fotolia_139934221_Subscription_Monthly_M.jpg\"><img loading=\"lazy\" decoding=\"async\" aria-describedby=\"caption-attachment-530\" class=\"size-full wp-image-530\" src=\"https:\/\/infoguide-online.de\/wp-content\/uploads\/2013\/03\/Fotolia_139934221_Subscription_Monthly_M.jpg\" alt=\"\u00a9J\u00fcrgen Wackenhut - Fotolia.com\" width=\"800\" height=\"532\" srcset=\"https:\/\/infoguide-online.de\/wp-content\/uploads\/2013\/03\/Fotolia_139934221_Subscription_Monthly_M.jpg 800w, https:\/\/infoguide-online.de\/wp-content\/uploads\/2013\/03\/Fotolia_139934221_Subscription_Monthly_M-300x200.jpg 300w, https:\/\/infoguide-online.de\/wp-content\/uploads\/2013\/03\/Fotolia_139934221_Subscription_Monthly_M-768x511.jpg 768w, https:\/\/infoguide-online.de\/wp-content\/uploads\/2013\/03\/Fotolia_139934221_Subscription_Monthly_M-624x415.jpg 624w\" sizes=\"auto, (max-width: 800px) 100vw, 800px\" \/><\/a><p id=\"caption-attachment-530\" class=\"wp-caption-text\">\u00a9J\u00fcrgen Wackenhut &#8211; Fotolia.com<\/p><\/div>\n<p><strong>Gr\u00f6mitz<\/strong><br \/>\nAls Gast in Gr\u00f6mitz genie\u00dfen Sie acht Kilometer feinsandigen breiten Strand in S\u00fcdlage. Morgendliche Strandgymnastik macht Sie fit f\u00fcr den Tag am Meer, w\u00e4hrend die L\u00fctten flei\u00dfig an ihren Sandburgen bauen. Lehnen Sie sich gem\u00fctlich zur\u00fcck in Ihren Strandkorb bei Ihrer Lieblingslekt\u00fcre. Wer Abwechslung braucht legt eine sportliche Runde beim Beachvolleyball ein, geht surfen oder segeln. \u00dcbrigens, Beachvolleyball-Begeisterte jeder Spielst\u00e4rke finden die gesamte Saison Partner f\u00fcr ein Match.<br \/>\nF\u00fcr jeden ist etwas dabei \u2013 von quirlig \u00fcber romantisch und einsam an der Steilk\u00fcste mit Naturstrand bis zum FKK-Strand. Tauchen Sie doch mal ab und entdecken die Unterwasserwelten im K\u00fcstenbereich. Wer das gern trockenen Fu\u00dfes machen m\u00f6chte, steigt in die Taucherglocke am Kopf der Seebr\u00fccke in Gr\u00f6mitz.<br \/>\nHaben Sie es sich schon immer mal gew\u00fcnscht, nachts dem Meer ganz nah zu sein? Dann buchen Sie doch einfach einen Schlafstrandkorb.<br \/>\nF\u00fcr die L\u00fctten ist immer etwas los und auch die Gr\u00f6\u00dferen k\u00f6nnen sich austoben beim Trampolin springen, Skaten oder Klettern. Im \u201eStrandhaus\u201c direkt an der Promenade ist Fun f\u00fcr Familien angesagt. Kinder von 1 bis 3 Jahren sind die j\u00fcngsten Ostsee-Pioniere beim Mini-Club. In Gr\u00f6mel-Club k\u00f6nnen sich die 4- bis 10-J\u00e4hrigen so richtig austoben. Alle Teenies treffen sich im \u201eIndex\u201c zum Tischkickern oder Billard spielen, Skiken, Chatten, Quatschen und Chillen. Eine Nintendo-Wii-Lounge ist ebenfalls eingerichtet, wenn\u00b4s mal nicht an den Strand geht.<br \/>\nG\u00e4ste mit Handicap k\u00f6nnen die ebenerdige Strandpromenade nutzen und gelangen \u00fcber die barrierefreien Strandzug\u00e4nge ans Meer. Bei Fragen rund um die kleinen H\u00fcrden des Alltags hilft man Ihnen beim Tourismus-Service sicher gern weiter.<\/p>\n<div id=\"attachment_525\" style=\"width: 810px\" class=\"wp-caption aligncenter\"><a href=\"https:\/\/infoguide-online.de\/wp-content\/uploads\/2013\/03\/Strand-Tourismus-Service-Gro\u0308mitz.jpg\"><img loading=\"lazy\" decoding=\"async\" aria-describedby=\"caption-attachment-525\" class=\"size-full wp-image-525\" src=\"https:\/\/infoguide-online.de\/wp-content\/uploads\/2013\/03\/Strand-Tourismus-Service-Gro\u0308mitz.jpg\" alt=\"\u00a9 Tourismus-Service Gr\u00f6mitz\" width=\"800\" height=\"532\" srcset=\"https:\/\/infoguide-online.de\/wp-content\/uploads\/2013\/03\/Strand-Tourismus-Service-Gro\u0308mitz.jpg 800w, https:\/\/infoguide-online.de\/wp-content\/uploads\/2013\/03\/Strand-Tourismus-Service-Gro\u0308mitz-300x200.jpg 300w, https:\/\/infoguide-online.de\/wp-content\/uploads\/2013\/03\/Strand-Tourismus-Service-Gro\u0308mitz-768x511.jpg 768w, https:\/\/infoguide-online.de\/wp-content\/uploads\/2013\/03\/Strand-Tourismus-Service-Gro\u0308mitz-624x415.jpg 624w\" sizes=\"auto, (max-width: 800px) 100vw, 800px\" \/><\/a><p id=\"caption-attachment-525\" class=\"wp-caption-text\">\u00a9 Tourismus-Service Gr\u00f6mitz<\/p><\/div>\n<p><strong>Fehmarn<\/strong><br \/>\nAn 20 Str\u00e4nden k\u00f6nnen Sie auf der Sonneninsel Fehmarn fr\u00f6hliche Tage am Meer erleben. Die 78 km lange K\u00fcstenlinie bietet feine Sandstr\u00e4nde, Naturstr\u00e4nde und sogar Steilk\u00fcste. So gibt\u2018s f\u00fcr jeden das perfekte Strandabenteuer im Urlaub auf Fehmarn. Folgen sie einfach der Himmelsrichtung und so gelangen Sie im S\u00fcden an feine Sandstr\u00e4nde, w\u00e4hrend sich der Osten der Insel mit seiner Steilk\u00fcste von seiner raueren Seite zeigt. Der Norden ist wiederum von herrlichen D\u00fcnenlandschaften mit Binnenseen gepr\u00e4gt und im Westen erleben Sie die gro\u00dfartigsten Sonnenunterg\u00e4nge. Strandoasen ohne Trubel und mit viel Natur finden sich in P\u00fcttsee, Fl\u00fcgge oder Westermarkelsdorf. Wer f\u00fcr seinen Urlaub gern einen Strandkorb mieten m\u00f6chte, findet im S\u00fcden am Gr\u00fcnen Brink und in Bojendorf sein Ostseegl\u00fcck. Und auch auf Fehmarn d\u00fcrfen Sie N\u00e4chte in einem Schlafstrandkorb verbringen. Wer der Freik\u00f6rperkultur fr\u00f6nen m\u00f6chte, trifft am FKK-Strand in Wallnau auf Gleichgesinnte.<br \/>\nNach Herzenslust buddeln an breiten Sandstr\u00e4nden, die zum Teil DLRG-bewacht sind, k\u00f6nnen die L\u00fctten an vielen Str\u00e4nden der Insel. Strandkorbvermietung, Kiosk, Sport- und Freizeiteinrichtungen gibt es zum Beispiel in Burgtiefe und am Gr\u00fcnen Brink. Die Str\u00e4nde bieten sich zudem f\u00fcr Familien mit kleineren Kindern an, da das Ufer flach ist. Auch Sport-Fans kommen am S\u00fcdstrand auf ihre Kosten. Er ist erste Adresse f\u00fcr sportlich Aktive, die gerne zwei gegen zwei dem Ball hinterherhechten. Dort stehen drei Beachvolleyballfelder zur Verf\u00fcgung: zwei auf der H\u00f6he der Badewelt FehMare und eins an der Westmole. Ein weiteres findet sich am Strand von Bojendorf im Inselwesten. Ein ganz gro\u00dfes Ereignis ist zudem der Mercedes-Benz Kitesurf World Cup vom 24. August bis 2. September ebenfalls am S\u00fcdstrand in Burgtiefe.<br \/>\nEine Attraktion f\u00fcr \u00e4ltere Kinder und Erwachsene ist Deutschlands erster Wasserpark in der Ostsee. Auf 2000 m\u00b2 sind mit Sprungt\u00fcrmen, Trampolinen und Kletterw\u00e4nden Spa\u00df und Action mitten im Wasser garantiert! Au\u00dferdem k\u00f6nnen Sie hier Tretboote und Stand-Up-Paddling-Boards mieten oder an SUP-Kursen teilnehmen. F\u00fcr Naturfreunde ist ein Besuch auf dem 300 Hektar gro\u00dfen NABU Wasservogelreservat Wallnau an der Westk\u00fcste unbedingt empfehlenswert. Wir w\u00fcnschen allen Stranddeerns und K\u00fcstenjungs prima Ostseetage!<\/p>\n<p>Viele Informationen finden Sie auch unter:<br \/>\n<a href=\"http:\/\/www.travemuende-tourismus.de\">www.travemuende-tourismus.de<\/a><br \/>\n<a href=\"http:\/\/www.timmendorfer-strand.de\">www.timmendorfer-strand.de<\/a><br \/>\n<a href=\"http:\/\/www.luebecker-bucht-ostsee.de\">www.luebecker-bucht-ostsee.de<\/a><br \/>\n<a href=\"http:\/\/www.groemitz.de\">www.groemitz.de<\/a><br \/>\n<a href=\"http:\/\/www.fehmarn.de\">www.fehmarn.de<\/a><br \/>\n<a href=\"http:\/\/www.wasserspassfehmarn.de\">www.wasserspassfehmarn.de<\/a><br \/>\n<a href=\"http:\/\/www.wallnau.nabu.de\">www.wallnau.nabu.de<\/a><\/p>\n<p>&nbsp;<\/p>\n","protected":false},"excerpt":{"rendered":"<p>Feiner warmer Sand rieselt \u00fcber die F\u00fc\u00dfe, die Sonne kitzelt die Nase, w\u00e4hrend der Ostseewind Wellen t\u00fcrmt. Sie klatschen ans Ufer und rollen Kiesel vor sich her. Dann nehmen sie sie wieder mit ins Meer, um sie mit neuer Welle abermals an Land zu sp\u00fclen. Auf der Seebr\u00fccke bummeln Eltern mit ihren Kindern zum Br\u00fcckenkopf. [&hellip;]<\/p>\n","protected":false},"author":1,"featured_media":0,"parent":7,"menu_order":9,"comment_status":"closed","ping_status":"closed","template":"","meta":{"footnotes":""},"class_list":["post-23","page","type-page","status-publish","hentry"],"_links":{"self":[{"href":"https:\/\/infoguide-online.de\/index.php?rest_route=\/wp\/v2\/pages\/23","targetHints":{"allow":["GET"]}}],"collection":[{"href":"https:\/\/infoguide-online.de\/index.php?rest_route=\/wp\/v2\/pages"}],"about":[{"href":"https:\/\/infoguide-online.de\/index.php?rest_route=\/wp\/v2\/types\/page"}],"author":[{"embeddable":true,"href":"https:\/\/infoguide-online.de\/index.php?rest_route=\/wp\/v2\/users\/1"}],"replies":[{"embeddable":true,"href":"https:\/\/infoguide-online.de\/index.php?rest_route=%2Fwp%2Fv2%2Fcomments&post=23"}],"version-history":[{"count":28,"href":"https:\/\/infoguide-online.de\/index.php?rest_route=\/wp\/v2\/pages\/23\/revisions"}],"predecessor-version":[{"id":572,"href":"https:\/\/infoguide-online.de\/index.php?rest_route=\/wp\/v2\/pages\/23\/revisions\/572"}],"up":[{"embeddable":true,"href":"https:\/\/infoguide-online.de\/index.php?rest_route=\/wp\/v2\/pages\/7"}],"wp:attachment":[{"href":"https:\/\/infoguide-online.de\/index.php?rest_route=%2Fwp%2Fv2%2Fmedia&parent=23"}],"curies":[{"name":"wp","href":"https:\/\/api.w.org\/{rel}","templated":true}]}}