{"id":26,"date":"2013-03-16T13:41:29","date_gmt":"2013-03-16T11:41:29","guid":{"rendered":"http:\/\/infoguide-online.de\/?page_id=26"},"modified":"2020-09-02T14:19:31","modified_gmt":"2020-09-02T13:19:31","slug":"thema-2","status":"publish","type":"page","link":"https:\/\/infoguide-online.de\/?page_id=26","title":{"rendered":"Happy Birthday, L\u00fcbeck!"},"content":{"rendered":"<div class=\"mceTemp\"><\/div>\n<p><strong>Alles begann auf dem\u00a0 H\u00fcgel Bucu \u2013 vor 875 Jahren<\/strong><\/p>\n<p><strong>So alt und doch so jung. Die Hansestadt L\u00fcbeck hat Geburtstag und darf 875 Kerzen auspusten. Sie blickt auf eine ereignisreiche Geschichte zur\u00fcck, deren Spuren noch heute zu entdecken sind. Die stolze K\u00f6nigin der Hanse hat viele Geschichten zu <\/strong><br \/>\n<strong>erz\u00e4hlen und bringt Sie Ihnen das ganze Jahr \u00fcber in zahlreichen Veranstaltungen n\u00e4her. Zum Jubil\u00e4umsauftakt gibt es sogar ein Jahrbuch und eine eigene Webseite (<a href=\"http:\/\/www.luebeck-hat-geburtstag.de\">www.luebeck-hat-geburtstag.de<\/a>), auf der Sie ausf\u00fchrliche Information zu den <\/strong><br \/>\n<strong>Events finden.<\/strong><\/p>\n<p><a href=\"https:\/\/infoguide-online.de\/wp-content\/uploads\/2013\/03\/Hansetag-Koggenschlacht-mit-Lisa-von-Lu\u0308beck-c-LTM-Manfred-Krellenberg.jpg\"><img loading=\"lazy\" decoding=\"async\" class=\"size-full wp-image-565\" src=\"https:\/\/infoguide-online.de\/wp-content\/uploads\/2013\/03\/Hansetag-Koggenschlacht-mit-Lisa-von-Lu\u0308beck-c-LTM-Manfred-Krellenberg.jpg\" alt=\"\u00a9LTM - Manfred Krellenberg\" width=\"833\" height=\"700\" srcset=\"https:\/\/infoguide-online.de\/wp-content\/uploads\/2013\/03\/Hansetag-Koggenschlacht-mit-Lisa-von-Lu\u0308beck-c-LTM-Manfred-Krellenberg.jpg 833w, https:\/\/infoguide-online.de\/wp-content\/uploads\/2013\/03\/Hansetag-Koggenschlacht-mit-Lisa-von-Lu\u0308beck-c-LTM-Manfred-Krellenberg-300x252.jpg 300w, https:\/\/infoguide-online.de\/wp-content\/uploads\/2013\/03\/Hansetag-Koggenschlacht-mit-Lisa-von-Lu\u0308beck-c-LTM-Manfred-Krellenberg-768x645.jpg 768w, https:\/\/infoguide-online.de\/wp-content\/uploads\/2013\/03\/Hansetag-Koggenschlacht-mit-Lisa-von-Lu\u0308beck-c-LTM-Manfred-Krellenberg-624x524.jpg 624w\" sizes=\"auto, (max-width: 833px) 100vw, 833px\" \/><\/a><\/p>\n<p>\u00a9LTM &#8211; Manfred Krellenberg<\/p>\n<p>Passend zum 875. Geburtstag finden Sie auf der Webseite 87,5 Geschichten, in denen Ihnen \u00fcber viele bedeutende und spannende Ereignisse dieser Stadt erz\u00e4hlt wird. In der ersten geht es nat\u00fcrlich um die Stadtgr\u00fcndung. Adolf II. von Schauenburg gr\u00fcndete 1143 L\u00fcbeck als erste deutsche Hafenstadt an der Ostsee auf dem H\u00fcgel Bucu, der heutigen Altstadtinsel. Er warb Kaufleute aus Westfalen, Holland und Flandern an, sich auf der Halbinsel zwischen Trave und Wakenitz niederzulassen und regen Handel im Ostseeraum zu treiben. Das funktionierte ganz prima, bis die Siedlung 1157 durch eine Feuersbrunst zerst\u00f6rt wurde. Doch dann trat ein Mann in Erscheinung, der die Stadt an gleicher Stelle wieder aufbaute. Herzog Heinrich der L\u00f6we aber tat noch mehr. Er kurbelte den Fernhandel mit anderen Kaufleuten an und die L\u00fcbecker verfassten ihr eigenes Stadtrecht, das als \u201eL\u00fcbisches Recht\u201c von mehr als 70 St\u00e4dten im Ostseeraum \u00fcbernommen wurde. Doch es sollte noch besser kommen. 1181 nahm Kaiser Friedrich I. das Zepter in die Hand und sprach L\u00fcbeck durch sein ber\u00fchmtes Barbaraossa-Privileg besondere Vorrechte zu. Es folgte 1226 der Reichsfreiheitsbrief von Friedrich II., der die Privilegien nochmals erweiterte. Aus dem kleine H\u00fcgel Bucu wurde die \u201eK\u00f6nigin der Hanse\u201c und \u00fcber Jahrhunderte die gr\u00f6\u00dfte Handelsmetropole im Ostseeraum.<\/p>\n<p><strong>87,5 Geschichten \u2013 von lustig bis spannend<br \/>\n<\/strong>In vielen kleinen Geschichten erfahren Sie auf der Webseite Wissenswertes \u00fcber die Entwicklung der Hansestadt bis zum heutigen Leben der Bewohner. Dabei geht es nicht nur um die ganz bedeutenden Ereignisse wie den Pioniergeist der norddeutschen Kaufleute, der zur Wirtschaftsmacht Hanse f\u00fchrte,<br \/>\nsondern auch um Stories am Rand. In einer, wohlgemerkt gewichtigen, spielen die Salzspeicher an der Obertrave eine gro\u00dfe Rolle. Im Mittelalter waren sie echte Schatzkammern, denn dort lagerte das \u201ewei\u00dfe Gold\u201c \u2013 Salz aus L\u00fcneburg und der Saline in Oldesloe. Im L\u00fcbecker Hafen wurde die kostbare Fracht auf Seeschiffe verladen und gewinnbringend in den gesamten Ostseeraum exportiert. Wichtig war das Salz zum Konservieren von Fisch und anderen Speisen. Es erm\u00f6glichte erst den Heringshandel mit Norwegen und Schonen in Schweden. \u00dcber den Stecknitzkanal, dem ersten Kanal Nordeuropas, wurde das Salz nach L\u00fcbeck transportiert. Wer heute an den denkmalgesch\u00fctzten Salzspeichern vorbeigeht, entdeckt in den historischen R\u00e4umen ein Modehaus.<br \/>\nIm Rahmen des gro\u00dfen Festjahres werden auch an unterschiedlichen Orten Filme in Kooperation mit den Nordischen Filmtagen gezeigt, in denen Geschichten rund um die Hansestadt eine Hauptrolle spielen. Die Reihe \u201eL\u00fcbeck im Film\u201c zeigt im April \u201eUnd der Regen verwischt jede Spur\u201c (Deutschland\/Frankreich, 1972) und im Mai \u201eDie Degenhardts\u201c (Deutschland, 1944) in der St. Marien Kirche.<br \/>\nWeitere Informationen zu aktuellen Terminen finden Sie unter www.filmtage.luebeck.de<br \/>\nsowie auf Facebook.com\/nordicfilmdays.<\/p>\n<p><strong>Ein Jahrbuch zum Fest<\/strong><br \/>\nZum Auftakt des Stadtjubil\u00e4ums pr\u00e4sentiert der Fachbereich Kultur der Hansestadt L\u00fcbeck gemeinsam mit der L\u00fcbeck und Travem\u00fcnde Marketing GmbH (LTM) und vielen Programmpartnern, F\u00f6rderern und Sponsoren das offizielle Jahrbuch mit dem Jubil\u00e4umsprogramm rund um Kunst, Kultur und Historie. L\u00fcbecks B\u00fcrgermeister Bernd Saxe erkl\u00e4rte dazu: \u201eDie letzten 875 Jahre von der Stadtgr\u00fcndung bis heute waren eine sehr spannende und ereignisreiche Zeit und die Meilensteine der L\u00fcbschen Stadtgeschichte werden im Rahmen unseres Jubil\u00e4ums hautnah erlebbar sein. Ich freue mich, dass das Jahresprogramm so abwechslungsreich und authentisch gelungen ist und von vielen Kulturschaffenden unserer Stadt mit gro\u00dfer Begeisterung und Ideenreichtum mitgestaltet wurde.\u201c<br \/>\nDas Jahrbuch zum Stadtjubil\u00e4um pr\u00e4sentiert auf \u00fcber hundert Seiten in ansprechendem Magazinstil und brombeerfarbenen Design mehr als hundert Veranstaltungen \u2013 von Vortr\u00e4gen und arch\u00e4ologischen Stadtspazierg\u00e4ngen \u00fcber Ausstellungen, Musik und Theater bis hin zur L\u00fcbecker Museumsnacht und den Nordischen Filmtagen. Auch die 87,5 Geschichten, von denen schon die Rede war, sind Inhalt. Das Jahrbuch ist gegen eine Schutzgeb\u00fchr von 3,90 Euro in der Tourist-Information am Holstentorplatz, in der L\u00fcbecker Buchhandlung Hugendubel und in drei LN-Gesch\u00e4ftsstellen erh\u00e4ltlich.<\/p>\n<p><strong>H\u00f6hepunkte im Geburtstagsjahr<\/strong><br \/>\nDas ganze Jahr \u00fcber finden tolle Highlights statt. Wer zum Beispiel mehr \u00fcber die Familien Mann erfahren m\u00f6chte, hat dazu ab 7. Mai die Gelegenheit. Die gro\u00dfe Jubil\u00e4umsausstellung \u201eHerzensheimat. Das L\u00fcbeck von Heinrich und Thomas Mann\u201c findet zum 25-j\u00e4hrigen Geburtstag des Buddenbrookhauses statt.<br \/>\nEines der Highlights wird das HanseKulturFestival vom 8. bis 10. Juni sein. Einmal im Jahr muss gefeiert und L\u00fcbeck zum sch\u00f6nsten Ort der Welt gemacht werden. Diesmal schm\u00fcckt sich das Aegidienviertel rund um St. Annen bis hin zur H\u00fcx- und Fleischhauerstra\u00dfe. Ob Stra\u00dfen- oder Hausgemeinschaften, Einzelh\u00e4ndler oder Museen, Kirchen oder Schulen: Das Festival ist von L\u00fcbeckern f\u00fcr L\u00fcbecker. An ungew\u00f6hnlichen Orten und Pl\u00e4tzen erklingen wieder Kammer- und Stra\u00dfenmusik, stellen K\u00fcnstler ihr K\u00f6nnen zur Schau, schwingen T\u00e4nzer das Tanzbein und lesen Autoren aus ihren Werken. Kleine Inszenierungen treffen auf bunt geschm\u00fcckte Stra\u00dfen und verzaubernde Lichtspiele.<br \/>\nAuch eine besondere Veranstaltung wird die Lange Nacht der Kultur am 29. Juni sein. Schlaflos in L\u00fcbeck: Schwirren Sie eine Nacht lang literarisch durch die jahrhundertealten Gassen zwischen Trave und Wakenitz. Unbedingt in Ihrem Kalender sollten Sie sich den 9. September rot markieren. Unter dem Motto \u201e875 Jahre \u2013 L\u00fcbeck erz\u00e4hlt uns was\u201c werden diverse Kultureinrichtungen die Jubil\u00e4ums-Ausstellung pr\u00e4sentieren. Da wird es nicht nur um die eine Geschichte der Stadt von den Anf\u00e4ngen bis zur Gegenwart gehen. Aus den reichen L\u00fcbecker Sammlungen werden neben faszinierenden Grabungsfunden, wertvollen Urkunden und B\u00fcchern erstmalig viele wundersame, \u00fcberraschende Dinge gezeigt. Seien Sie gespannt auf die zahlreichen tollen Events, mit denen die Hansestadt ihr Stadtjubil\u00e4um das Jahr \u00fcber feiert.<\/p>\n","protected":false},"excerpt":{"rendered":"<p>Alles begann auf dem\u00a0 H\u00fcgel Bucu \u2013 vor 875 Jahren So alt und doch so jung. Die Hansestadt L\u00fcbeck hat Geburtstag und darf 875 Kerzen auspusten. Sie blickt auf eine ereignisreiche Geschichte zur\u00fcck, deren Spuren noch heute zu entdecken sind. Die stolze K\u00f6nigin der Hanse hat viele Geschichten zu erz\u00e4hlen und bringt Sie Ihnen das [&hellip;]<\/p>\n","protected":false},"author":1,"featured_media":0,"parent":7,"menu_order":9,"comment_status":"closed","ping_status":"closed","template":"","meta":{"footnotes":""},"class_list":["post-26","page","type-page","status-publish","hentry"],"_links":{"self":[{"href":"https:\/\/infoguide-online.de\/index.php?rest_route=\/wp\/v2\/pages\/26","targetHints":{"allow":["GET"]}}],"collection":[{"href":"https:\/\/infoguide-online.de\/index.php?rest_route=\/wp\/v2\/pages"}],"about":[{"href":"https:\/\/infoguide-online.de\/index.php?rest_route=\/wp\/v2\/types\/page"}],"author":[{"embeddable":true,"href":"https:\/\/infoguide-online.de\/index.php?rest_route=\/wp\/v2\/users\/1"}],"replies":[{"embeddable":true,"href":"https:\/\/infoguide-online.de\/index.php?rest_route=%2Fwp%2Fv2%2Fcomments&post=26"}],"version-history":[{"count":13,"href":"https:\/\/infoguide-online.de\/index.php?rest_route=\/wp\/v2\/pages\/26\/revisions"}],"predecessor-version":[{"id":661,"href":"https:\/\/infoguide-online.de\/index.php?rest_route=\/wp\/v2\/pages\/26\/revisions\/661"}],"up":[{"embeddable":true,"href":"https:\/\/infoguide-online.de\/index.php?rest_route=\/wp\/v2\/pages\/7"}],"wp:attachment":[{"href":"https:\/\/infoguide-online.de\/index.php?rest_route=%2Fwp%2Fv2%2Fmedia&parent=26"}],"curies":[{"name":"wp","href":"https:\/\/api.w.org\/{rel}","templated":true}]}}