{"id":30,"date":"2013-03-16T13:42:09","date_gmt":"2013-03-16T11:42:09","guid":{"rendered":"http:\/\/infoguide-online.de\/?page_id=30"},"modified":"2020-09-02T14:19:52","modified_gmt":"2020-09-02T13:19:52","slug":"thema-4","status":"publish","type":"page","link":"https:\/\/infoguide-online.de\/?page_id=30","title":{"rendered":"Guck mal, wie sch\u00f6n!"},"content":{"rendered":"<p><strong>Charmante pl\u00e4tze mit Weitblick<\/strong><\/p>\n<p><strong>Den Platz an der Sonne finden Sie an der L\u00fcbecker Bucht und im Achterland allemal. Doch gibt es dar\u00fcber hinaus ganz besondere Orte, die wir Ihnen in dieser Ausgabe vorstellen m\u00f6chten. Eines haben sie gemeinsam \u2013 sie versprechen eine grandiose Aussicht auf fantastische Wasserwelten und Landschaften. Kommen Sie mal mit, Sie werden staunen!<\/strong><\/p>\n<div id=\"attachment_574\" style=\"width: 843px\" class=\"wp-caption aligncenter\"><a href=\"https:\/\/infoguide-online.de\/wp-content\/uploads\/2013\/03\/Depositphotos_169301006_original.jpg\"><img loading=\"lazy\" decoding=\"async\" aria-describedby=\"caption-attachment-574\" class=\"size-full wp-image-574\" src=\"https:\/\/infoguide-online.de\/wp-content\/uploads\/2013\/03\/Depositphotos_169301006_original.jpg\" alt=\"\u00a9hespasoft - depositphotos.de\" width=\"833\" height=\"500\" srcset=\"https:\/\/infoguide-online.de\/wp-content\/uploads\/2013\/03\/Depositphotos_169301006_original.jpg 833w, https:\/\/infoguide-online.de\/wp-content\/uploads\/2013\/03\/Depositphotos_169301006_original-300x180.jpg 300w, https:\/\/infoguide-online.de\/wp-content\/uploads\/2013\/03\/Depositphotos_169301006_original-768x461.jpg 768w, https:\/\/infoguide-online.de\/wp-content\/uploads\/2013\/03\/Depositphotos_169301006_original-624x375.jpg 624w\" sizes=\"auto, (max-width: 833px) 100vw, 833px\" \/><\/a><p id=\"caption-attachment-574\" class=\"wp-caption-text\">\u00a9hespasoft &#8211; depositphotos.de<\/p><\/div>\n<p><strong>\u00dcbers Wasser gehen<\/strong><br \/>\nEin wenig ist es gemogelt. Die \u00fcbers Wasser gehen k\u00f6nnen, sind viel kleiner als wir und im Insektenreich zu finden. Aber selbstverst\u00e4ndlich haben wir Hilfsmittel, die uns weit hinaus aufs Meer f\u00fchren. Seebr\u00fccken befinden sich bei uns im Wandel und werden vielerorts renoviert oder gleich ganz neu gebaut. Die neue am Maritim in Timmendorfer Strand ist in Planung, die am Seeschl\u00f6sschen mit Restaurant steht schon seit einigen Jahren und die in Niendorf\/Ostsee ist rundum erneuert. Machen Sie einmal einen Abstecher in den Hafenort, schlendern Sie \u00fcber den Niendorfer Balkon auf die Seebr\u00fccke. Manchmal weht eine steife Brise, Wolkent\u00fcrme jagen \u00fcber den Himmel und das Meer glitzert, dass es in den Augen weht tut. An solchen Tagen m\u00fcssen Sie unbedingt ans Ende der Br\u00fccke gehen, auch wenn st\u00fcrmische B\u00f6en an den Masten r\u00fctteln. Windliebhaber lassen sich nicht davon abhalten, auf den drehbaren St\u00fchlen Platz zu nehmen und sich richtig durchpusten zu lassen. Wenn der Wind nachl\u00e4sst, nutzen viele die Sonnenliegen auf der Schwanzflosse des Steinbutts. Ja, Sie haben richtig gelesen. Denn der Br\u00fcckenkopf der Niendorfer Br\u00fccke hat die Form eines Steinbutts. Schauen Sie durch das Auge des Fisches, erkennen Sie die Himmelsrichtungen, sollten die Kinder Sie mal danach fragen. F\u00fcr die gibt\u2019s \u00fcbrigens allerhand sch\u00f6ne Spielger\u00e4te auf der Br\u00fccke. Ein Angler aus Holz in typischer Regenjacke vervollst\u00e4ndigt das maritime Ambiente.<br \/>\nSeebr\u00fccken finden Sie unz\u00e4hlige an der L\u00fcbecker Bucht. Bevor wir uns Richtung Fehmarn begeben, noch ein Tipp f\u00fcr Travem\u00fcnde. Dort l\u00e4sst es sich prima flanieren auf der breiten geschwungenen Promenade am Kurstrand. Gehen Sie bis zum Ende der Nordermole haben Sie ebenfalls einen tollen Ausblick auf die L\u00fcbecker Bucht und die ein- und ausfahrenden Schiffe. In Scharbeutz gibt\u2019s eine sch\u00f6ne Seebr\u00fccke und in Gr\u00f6mitz nat\u00fcrlich auch. Die f\u00fchrt beinahe 400 Meter in die See. Ein kleines Br\u00fcckenh\u00e4uschen bietet Schutz, wenn der Wind mal zu kr\u00e4ftig weht. Tipp: Am Ende der Br\u00fccke l\u00e4dt die Tauchgondel zu einem faszinierenden Blick in die Unterwasserwelt der Ostsee. Das B\u00e4derschiff \u201eSeel\u00f6we\u201c bringt Sie nach Boltenhagen, Wismar oder Travem\u00fcnde. In Kellenhusen erwartet Sie eine schicke Seebr\u00fccke, die stolze 305 Meter lang ist. Sie ist imposanter Blickfang aus Stahl, Beton und Holz und ein beliebter Treffpunkt zum Kl\u00f6nschnack. Noch ein Tipp: Besuchen Sie einmal Heiligenhafen. Dort k\u00f6nnen Sie im Zickzackkurs 435 Meter \u00fcbers Meer laufen, sich gem\u00fctlich in eine verglaste Meereslounge setzen und \u00fcber Wendeltreppen auf verschiedene Ebenen gelangen.<\/p>\n<p><strong>Steilk\u00fcsten mit tollen Aussichte<\/strong>n<br \/>\nEine fantastische Aussicht auf die Ostsee und die Badeorte in der Ferne erblicken Sie, wenn Sie von Travem\u00fcnde \u00fcber das anschlie\u00dfende Brodtener Ufer nach Niendorf wandern. Die 20 Meter hohe Steilk\u00fcste ist ein aktives Kliff, das jedes Jahr 50 bis 100 Zentimeter zur\u00fcckweicht und auch Str\u00e4ucher und B\u00e4ume mit sich rei\u00dft. Sturm und Wellen nagen am Kliff. Am Ufer und im seichten Wasser liegen Steine und teils gro\u00dfe Geschiebebl\u00f6cke. Auf einigen Trampelpfaden k\u00f6nnen Sie an den Strand herunterlaufen und finden, wenn Sie Gl\u00fcck haben, versteinerte Seeigel, Donnerkeile und Bernsteine. Sehr zu empfehlen sind die Geologischen Spazierg\u00e4nge am Brodtener Ufer. Weitere Steilufer an der K\u00fcste finden Sie in Sierksdorf und zwischen Neustadt und Gr\u00f6mitz. Immer f\u00fchren wundersch\u00f6ne Wege direkt an der Abbruchkante am Meer entlang. Auch auf der Sonneninsel Fehmarn locken die meterhohen Steilk\u00fcsten zu Wanderungen und Erkundungen mit dem Fahrrad. Noch ein Tipp: Ebenfalls sehr lohnenswert ist der Besuch des Bungsberges, der mit 167,4 Metern h\u00f6chsten Erhebung Schleswig-Holsteins. Er liegt in der landschaftlich reizvollen Holsteinischen Schweiz in der Gemeinde Sch\u00f6nwalde.<\/p>\n<p><strong>Leuchtt\u00fcrme und noch mehr sch\u00f6ne Aussichten<\/strong><br \/>\nNehmen Sie sich den in Travem\u00fcnde einmal vor. Der Alte Leuchtturm ist einen Besuch wert. Jeden Sonntag um 11:30 Uhr findet eine F\u00fchrung mit dem W\u00e4rter Burkhard Wunder statt. Der kundige W\u00e4rter erz\u00e4hlt in munterem Ton \u00fcber die wechselvolle Geschichte Travem\u00fcndes. Wunder berichtet von Piraten und Schiffen, die mit \u00d6lfeuern in die Irre geleitet wurden und vor der K\u00fcste versanken. Das Strandgut geh\u00f6rte dem, der es fand. Erw\u00e4hnen m\u00f6chten wir, dass 1539 holl\u00e4ndische Maurer ganz ohne Ger\u00fcst den 39 Meter hohen und ein Meter dicken Leuchtturm aus Ziegelsteinen errichteten. Das Beste kommt zum Schluss. Erklimmen sie die 142 Stufen bis zu Aussichtsgalerie. Auf jeder Etage kann man Museumsgegenst\u00e4nde wie Signalb\u00e4lle, Laternen und Tonnenleger ansehen und ausruhen, wenn man m\u00f6chte. Von Etage zu Etage werden die Stufen steiler; die letzten fast senkrecht. \u00d6ffnet man oben die T\u00fcr zur Galerie, hat man eine fantastische Aussicht auf Skandinavienkai, die Travem\u00fcnder Altstadt und die L\u00fcbecker Bucht bis Gr\u00f6mitz.<br \/>\nLeuchtt\u00fcrme und andere T\u00fcrme gibt\u2019s noch einige, von denen Sie atemberaubende Aussichten erwarten. Zum Beispiel den 75 Meter hohen Horchturm zwischen Heiligenhafen und Gro\u00dfenbrode, der im letzten Jahr als \u201eOceantower\u201c neu er\u00f6ffnet wurde. Die Aussicht auf die Ostsee, Heiligenhafen mit dem Graswarder und den Fehmarnbelt ist grandios. Tipp: Im Eintritt inbegriffen ist der Besuch der \u201eOstsee-Erlebniswelt\u201c. Gar nicht weit entfernt von Klaustorf, am Dahmer Kliff, liegt der Leuchtturm Dahmesh\u00f6ved. Das 1879 in Betrieb genommene Bauwerk dient noch heute als Orientierung f\u00fcr Schiffe und ist \u00fcber 108 Stufen zu erklimmen. Auch auf Fehmarn genie\u00dfen Sie vom Fl\u00fcgger Leuchtturm einen tollen Ausblick.<br \/>\nWer noch h\u00f6her hinaus m\u00f6chte, bucht einen Rund- oder \u00dcberlandflug mit dem Ostholsteiner Aero-Club e.V. oder steigt in einen Gyrokopter und l\u00e4sst sich \u00fcber die L\u00fcbecker Bucht fliegen. Mit dem Tandem Tragschrauber gibt\u2019s Cabrio-Feeling gratis.<\/p>\n<p><a href=\"http:\/\/www.travem\u00fcnde-tourismus.de\">www.travem\u00fcnde-tourismus.de<\/a><br \/>\n<a href=\"http:\/\/www.timmendorfer-strand.de\">www.timmendorfer-strand.de<\/a><br \/>\n<a href=\"http:\/\/www.luebecker-bucht-ostsee.de\">www.luebecker-bucht-ostsee.de<\/a><br \/>\n<a href=\"http:\/\/www.groemitz.de\">www.groemitz.de<\/a><br \/>\n<a href=\"http:\/\/www.kellenhusen.de\">www.kellenhusen.de<\/a><br \/>\n<a href=\"http:\/\/www.heiligenhafen-touristik.de\">www.heiligenhafen-touristik.de<\/a><br \/>\n<a href=\"http:\/\/www.geopark-nordisches-steinreich.de\">www.geopark-nordisches-steinreich.de<\/a><br \/>\n<a href=\"http:\/\/www.fehmarn.de\">www.fehmarn.de<\/a><br \/>\n<a href=\"http:\/\/www.malente-tourismus.de\">www.malente-tourismus.de<\/a><br \/>\n<a href=\"http:\/\/www.leuchtturm-travemuende.de\">www.leuchtturm-travemuende.de<\/a><br \/>\n<a href=\"http:\/\/www.mega-meereswelten.de\">www.mega-meereswelten.de<\/a><br \/>\n<a href=\"http:\/\/www.dahme.com\">www.dahme.com<\/a><br \/>\n<a href=\"http:\/\/www.leuchtturm-fluegge.de\">www.leuchtturm-fluegge.de<\/a><br \/>\n<a href=\"http:\/\/www.aeroclub-ostholstein.de\">www.aeroclub-ostholstein.de<\/a><br \/>\n<a href=\"http:\/\/www.gyro-flights.de\">www.gyro-flights.de<\/a><\/p>\n","protected":false},"excerpt":{"rendered":"<p>Charmante pl\u00e4tze mit Weitblick Den Platz an der Sonne finden Sie an der L\u00fcbecker Bucht und im Achterland allemal. Doch gibt es dar\u00fcber hinaus ganz besondere Orte, die wir Ihnen in dieser Ausgabe vorstellen m\u00f6chten. Eines haben sie gemeinsam \u2013 sie versprechen eine grandiose Aussicht auf fantastische Wasserwelten und Landschaften. Kommen Sie mal mit, Sie [&hellip;]<\/p>\n","protected":false},"author":1,"featured_media":0,"parent":7,"menu_order":9,"comment_status":"closed","ping_status":"closed","template":"","meta":{"footnotes":""},"class_list":["post-30","page","type-page","status-publish","hentry"],"_links":{"self":[{"href":"https:\/\/infoguide-online.de\/index.php?rest_route=\/wp\/v2\/pages\/30","targetHints":{"allow":["GET"]}}],"collection":[{"href":"https:\/\/infoguide-online.de\/index.php?rest_route=\/wp\/v2\/pages"}],"about":[{"href":"https:\/\/infoguide-online.de\/index.php?rest_route=\/wp\/v2\/types\/page"}],"author":[{"embeddable":true,"href":"https:\/\/infoguide-online.de\/index.php?rest_route=\/wp\/v2\/users\/1"}],"replies":[{"embeddable":true,"href":"https:\/\/infoguide-online.de\/index.php?rest_route=%2Fwp%2Fv2%2Fcomments&post=30"}],"version-history":[{"count":9,"href":"https:\/\/infoguide-online.de\/index.php?rest_route=\/wp\/v2\/pages\/30\/revisions"}],"predecessor-version":[{"id":576,"href":"https:\/\/infoguide-online.de\/index.php?rest_route=\/wp\/v2\/pages\/30\/revisions\/576"}],"up":[{"embeddable":true,"href":"https:\/\/infoguide-online.de\/index.php?rest_route=\/wp\/v2\/pages\/7"}],"wp:attachment":[{"href":"https:\/\/infoguide-online.de\/index.php?rest_route=%2Fwp%2Fv2%2Fmedia&parent=30"}],"curies":[{"name":"wp","href":"https:\/\/api.w.org\/{rel}","templated":true}]}}