{"id":32,"date":"2013-03-16T13:42:24","date_gmt":"2013-03-16T11:42:24","guid":{"rendered":"http:\/\/infoguide-online.de\/?page_id=32"},"modified":"2020-09-02T14:20:16","modified_gmt":"2020-09-02T13:20:16","slug":"thema-5","status":"publish","type":"page","link":"https:\/\/infoguide-online.de\/?page_id=32","title":{"rendered":"Ein Meer voller Angebo[o]te"},"content":{"rendered":"<p><strong>Wasserspa\u00df f\u00fcr jeden!<\/strong><\/p>\n<p><strong>Wassersportfreunde finden ihr Paradies in Schleswig-Holstein. Denn hier haben wir die Ostsee vor der Haust\u00fcr und daneben punktet die h\u00fcgelige Landschaft mit zahlreichen Seen, die romantisch eingebettet in ihr liegen. Ganz gleich, ob s\u00fc\u00df oder salzig \u2013 die Wasserwelten lassen sich auf ganz unterschiedliche Weise erkunden. Mal schwimmend und tauchend, mal segelnd oder rudernd. Sie k\u00f6nnen sich \u00fcber die L\u00fcbecker Bucht mit einem Fahrgastschiff schippern lassen oder auf einem Board beim SUP-Yoga die Balance wiederfinden. Sie k\u00f6nnen aber auch ganz sutje eine Runde Tretboot fahren. Wie Sie sich noch auf unseren Gew\u00e4ssern fortbewegen und was Sie dabei erleben k\u00f6nnen, verraten wir Ihnen hier.<\/strong><\/p>\n<div id=\"attachment_577\" style=\"width: 843px\" class=\"wp-caption aligncenter\"><a href=\"https:\/\/infoguide-online.de\/wp-content\/uploads\/2013\/03\/Depositphotos_79249432_original.jpg\"><img loading=\"lazy\" decoding=\"async\" aria-describedby=\"caption-attachment-577\" class=\"size-full wp-image-577\" src=\"https:\/\/infoguide-online.de\/wp-content\/uploads\/2013\/03\/Depositphotos_79249432_original.jpg\" alt=\"\u00a9TSG\" width=\"833\" height=\"500\" srcset=\"https:\/\/infoguide-online.de\/wp-content\/uploads\/2013\/03\/Depositphotos_79249432_original.jpg 833w, https:\/\/infoguide-online.de\/wp-content\/uploads\/2013\/03\/Depositphotos_79249432_original-300x180.jpg 300w, https:\/\/infoguide-online.de\/wp-content\/uploads\/2013\/03\/Depositphotos_79249432_original-768x461.jpg 768w, https:\/\/infoguide-online.de\/wp-content\/uploads\/2013\/03\/Depositphotos_79249432_original-624x375.jpg 624w\" sizes=\"auto, (max-width: 833px) 100vw, 833px\" \/><\/a><p id=\"caption-attachment-577\" class=\"wp-caption-text\">\u00a9TSG<\/p><\/div>\n<p><strong>Segeln geht immer<\/strong><br \/>\nUnd das nicht nur auf der Ostsee. Auch an den vielen Seen sind Segelschulen zu finden, die sich \u00fcber G\u00e4ste mit und ohne Erfahrung freuen. Und da es an Wind bei uns nicht mangelt, sind die Reviere auf den Binnenseen auch nicht immer spiegelglatt. Die ganze Saison finden zudem auf der L\u00fcbecker Bucht, aber auch auf den Seen im Achterland, verschiedenste Regatten und Begleitfahrten statt. Segeln lernen, Sommerurlaub mit dem eigenen Boot bei einem der idyllischen Segelvereine oder Full Service in einem der Yachth\u00e4fen \u2013 vieles ist m\u00f6glich. 2018 gibt es wieder tolle Angebote der Segelschulen, Vereine und Yachth\u00e4fen. Den idealen Schnuppereinstieg erhalten Sie zum Beispiel bei begleiteten Tagest\u00f6rns. Vielleicht haben Sie Lust zu einem Skippertraining oder Wochenendt\u00f6rn. Die L\u00fctten lernen das Segeln von Grund auf bei Optikursen. Ist Ihnen die Ostsee zum Segeleinstieg zu kabbelig, werden zum Beispiel auch Segeltouren auf dem Gro\u00dfen Pl\u00f6ner und dem Eutiner See sowie dem Kellersee angeboten.<\/p>\n<p><strong>SUP, Windsurfen, Kiten, Wakeboarden &amp; Wasserski fahren<\/strong><br \/>\nSie m\u00fcssen nicht unbedingt nach Hawaii fliegen, um die Kraft der Wellen und des Windes auf dem Surfbrett zu sp\u00fcren. Haben Sie gewusst, dass das gr\u00f6\u00dfte Kitesurf-Event der Welt auf Fehmarn stattfindet? Die genauen Informationen finden Sie in diesem Heft bei den Topevents. Wer einmal auf dem Surfbrett gestanden hat und Gefallen an der direkten Begegnung mit den Elementen erlebt hat, den l\u00e4sst die Faszination nicht mehr los. An der L\u00fcbecker Bucht gibt es zahlreiche M\u00f6glichkeiten das Windsurfen, Kiten und SUP kennenzulernen. Gerade f\u00fcr Neueinsteiger ist das flache Wasser an den Surfschulen prima geeignet. \u00dcberall k\u00f6nnen Sie auch Schnupperkurse buchen, um erstmal einen Eindruck zu gewinnen.<br \/>\nOstholstein ist ein Mekka f\u00fcr SUP-Fans. Nicht umsonst findet der SUP World Cup in Scharbeutz in diesem Jahr bereits zu dritten Mal statt (siehe auch Topevents). F\u00fcr Stand-Up-Paddling darf das Meer gern etwas ruhiger sein, gerade dann, wenn man den Trendsport lernen m\u00f6chte. Im Stehen zu paddeln h\u00f6rt sich leicht an, bedarf aber auch einiger \u00dcbung, um das Gleichgewicht zu halten. Das SUP-Board \u00e4hnelt dem Surfbrett, ist aber stabiler. Wie w\u00e4r\u2019s mal mit SUP-Yoga. Auch das k\u00f6nnen Sie bei uns an der L\u00fcbecker Bucht lernen. Sie meinen, das geht nicht? Dann buchen Sie einen Schnupperkurs und lassen Sie sich \u00fcberzeugen. Sch\u00f6ner l\u00e4sst sich die Harmonie von K\u00f6rper und Geist in Verbindung mit dem Element Wasser nicht erleben. Und keine Angst, wegtreiben ist nicht m\u00f6glich, denn das Board wird verankert. Der Norden Deutschlands ist ein Eldorado zum Kiten und Surfen sowie f\u00fcr SUP. M\u00f6chten Sie dar\u00fcber hinaus einmal den Rausch der Geschwindigkeit auf dem Wasser sp\u00fcren, besuchen Sie doch mal den Wasserski- und Wakeboardpark S\u00fcsel und testen sich im Wasserski oder Wakeboarding.<\/p>\n<p><strong>Wasserwandern <\/strong><strong>mit dem Kanu oder Kajak<\/strong><br \/>\nBesonders Naturfreunde finden Gefallen am Gleiten mit dem Kanu oder Kajak \u00fcber Seen und Fl\u00fcsse. So sind Sie der Natur ganz nah und bestimmen selbst, wo und wann Sie eine Pause einlegen wollen. Unternehmen Sie zum Beispiel eine Tour auf dem Amazonas des Nordens, der Wakenitz. Sie gelangen von L\u00fcbeck aus durch ein idyllisches Naturschutzgebiet, das jahrzehntelang unber\u00fchrt geblieben ist, bis zum Ratzeburger See.<br \/>\nAuch eine Wasserwanderung auf der Schwentine ist zum Beispiel im Fr\u00fchjahr, wenn das zarte Laubgr\u00fcn sein Dach \u00fcber den Fluss spannt, besonders einladend. Haubentaucher werden Ihnen \u00f6fters begegnen, aber vielleicht entdecken Sie auch einen leuchtenden Eisvogel. F\u00fcr Naturfreunde ein Paradies, aber auch Kanu-Neulinge werden die abwechslungsreiche Idylle und die gem\u00e4chliche Art der Fortbewegung sch\u00e4tzen.<\/p>\n<p><strong>Lassen Sie sich mal schippern<\/strong><br \/>\nSteigen Sie ein und nehmen Sie Platz auf dem Oberdeck der schicken MS Hanse und lassen Sie sich entf\u00fchren auf eine Schiffstour mit Blick auf die offene See, romantische Buchten und idyllische Inseln. Lautlos gleiten Sie mit dem modernen Schiff von Travem\u00fcnde nach L\u00fcbeck und wieder zur\u00fcck.<br \/>\nWer einmal mit der MS Hanse unterwegs war, wird immer wieder gern an Bord kommen. Das Panoramaschiff bietet nicht nur einen 270-Grad-Blick vom Oberdeck sowie dem Salon, sondern viel Bewegungsfreiheit und besten Service. Seit Mitte M\u00e4rz f\u00e4hrt die MS Hanse wieder den vollen Fahrplan und ab Mai verst\u00e4rkt ein weiteres Schiff die direkte Linie L\u00fcbeck\u2013Travem\u00fcnde. Denn die Reederei bringt Sie auch mit der neuen MS Hermes, die am Hansekai liegt, in die Hansestadt und zur\u00fcck und zwar im Wechsel mit der MS Hanse. Sie entscheiden, wann und mit welchem Schiff Sie von einem zum andern Ort kommen m\u00f6chten.&#8220; Die Tickets beider Schiffe sind kombinierbar. Die MS Hanse ist barrierefrei.<br \/>\nEine weitere M\u00f6glichkeit bietet die MS Marittima mit einer kombinierten einst\u00fcndigen See- und Hafenrundfahrt. Bei der Schifffahrt haben Sie einen fantastischen Blick auf die Ostsee und das Brodtener Steilufer. Dann geht\u2019s zur\u00fcck Richtung Skandinavienkai, Europas gr\u00f6\u00dftem F\u00e4hrhafen.<br \/>\nInfos finden Sie unter www.hanse-travemuende.de, www.hermes-luebeck.de<br \/>\nund <a href=\"http:\/\/www.marittima-travemuende.de\">www.marittima-travemuende.de<\/a>.<\/p>\n<p><strong>Romantische 5-Seen-Fahrt<\/strong><br \/>\nDie Holsteinische Schweiz mit ihren 200 Seen geh\u00f6rt zu den sch\u00f6nsten Urlaubsregionen Norddeutschlands. Sie wollen sie einmal aus einer ganz besonderen Perspektive kennenlernen? Dann empfehlen wir die 5-Seen-Fahrt mit den Ausflugsschiffen der wei\u00dfen Flotte. Wie die Fahrt es schon sagt, entdecken Sie f\u00fcnf der sch\u00f6nsten Seen Schleswig-Holsteins. Die schnittigen Schiffe schl\u00e4ngeln sich durch enge Passagen, die auf beiden Seiten mit Schilf bewachsen sind, um dann den Blick auf eine blaue Perle nach der anderen zu \u00f6ffnen. Auf einer Strecke von zw\u00f6lf Kilometern gleiten Sie gem\u00fctlich \u00fcber den Diek-, Langen-, Behler-, H\u00f6ft- und Edebergsee. Sie passieren geheimnisvolle Inseln und liebliche Buchten mit seltenen Wasserv\u00f6geln. Weitere Informationen erhalten Sie unter <a href=\"http:\/\/www.5-seen-fahrt.de\">www.5-seen-fahrt.de<\/a>.<\/p>\n<p><a href=\"http:\/\/www.luebecker-bucht-ostsee.de\">www.luebecker-bucht-ostsee.de<\/a><br \/>\n<a href=\"http:\/\/www.holsteinischeschweiz.de\">www.holsteinischeschweiz.de<\/a><br \/>\n<a href=\"http:\/\/www.kanu-zentrale.de\">www.kanu-zentrale.de<\/a><br \/>\n<a href=\"http:\/\/www.hanse-travemuende.de\">www.hanse-travemuende.de<\/a><br \/>\n<a href=\"http:\/\/www.hermes-lebeck.de\">www.hermes-lebeck.de<\/a><br \/>\n<a href=\"http:\/\/www.marittima-travemuende.de\">www.marittima-travemuende.de<\/a><br \/>\n<a href=\"http:\/\/www.quandt-line.de\">www.quandt-line.de<\/a><br \/>\n<a href=\"http:\/\/www.cityschifffahrt.de\">www.cityschifffahrt.de<\/a><br \/>\n<a href=\"http:\/\/www.luebecker-barkassenfahrt.de\">www.luebecker-barkassenfahrt.de<\/a><br \/>\n<a href=\"http:\/\/www.wakenitzfahrt.de\">www.wakenitzfahrt.de<\/a><br \/>\n<a href=\"http:\/\/www.schwentinetalfahrt.de\">www.schwentinetalfahrt.de<\/a><br \/>\n<a href=\"http:\/\/www.ostsee-rundfahrten.de\">www.ostsee-rundfahrten.de<\/a><br \/>\n<a href=\"http:\/\/www.pinamar.de\">www.pinamar.de<\/a><br \/>\n<a href=\"http:\/\/www.biunsinnorden.de\">www.biunsinnorden.de<\/a><\/p>\n","protected":false},"excerpt":{"rendered":"<p>Wasserspa\u00df f\u00fcr jeden! Wassersportfreunde finden ihr Paradies in Schleswig-Holstein. Denn hier haben wir die Ostsee vor der Haust\u00fcr und daneben punktet die h\u00fcgelige Landschaft mit zahlreichen Seen, die romantisch eingebettet in ihr liegen. Ganz gleich, ob s\u00fc\u00df oder salzig \u2013 die Wasserwelten lassen sich auf ganz unterschiedliche Weise erkunden. Mal schwimmend und tauchend, mal segelnd [&hellip;]<\/p>\n","protected":false},"author":1,"featured_media":0,"parent":7,"menu_order":9,"comment_status":"closed","ping_status":"closed","template":"","meta":{"footnotes":""},"class_list":["post-32","page","type-page","status-publish","hentry"],"_links":{"self":[{"href":"https:\/\/infoguide-online.de\/index.php?rest_route=\/wp\/v2\/pages\/32","targetHints":{"allow":["GET"]}}],"collection":[{"href":"https:\/\/infoguide-online.de\/index.php?rest_route=\/wp\/v2\/pages"}],"about":[{"href":"https:\/\/infoguide-online.de\/index.php?rest_route=\/wp\/v2\/types\/page"}],"author":[{"embeddable":true,"href":"https:\/\/infoguide-online.de\/index.php?rest_route=\/wp\/v2\/users\/1"}],"replies":[{"embeddable":true,"href":"https:\/\/infoguide-online.de\/index.php?rest_route=%2Fwp%2Fv2%2Fcomments&post=32"}],"version-history":[{"count":12,"href":"https:\/\/infoguide-online.de\/index.php?rest_route=\/wp\/v2\/pages\/32\/revisions"}],"predecessor-version":[{"id":721,"href":"https:\/\/infoguide-online.de\/index.php?rest_route=\/wp\/v2\/pages\/32\/revisions\/721"}],"up":[{"embeddable":true,"href":"https:\/\/infoguide-online.de\/index.php?rest_route=\/wp\/v2\/pages\/7"}],"wp:attachment":[{"href":"https:\/\/infoguide-online.de\/index.php?rest_route=%2Fwp%2Fv2%2Fmedia&parent=32"}],"curies":[{"name":"wp","href":"https:\/\/api.w.org\/{rel}","templated":true}]}}