{"id":34,"date":"2013-03-16T13:42:37","date_gmt":"2013-03-16T11:42:37","guid":{"rendered":"http:\/\/infoguide-online.de\/?page_id=34"},"modified":"2018-04-26T08:39:19","modified_gmt":"2018-04-26T07:39:19","slug":"thema-6","status":"publish","type":"page","link":"https:\/\/infoguide-online.de\/?page_id=34","title":{"rendered":"&#8222;Splashtour L\u00fcbeck&#8220; der mit dem Splash!"},"content":{"rendered":"<p><strong>Bus und Schiff in einem: Das ist der neue Splashtour Amphibienbus, der jetzt auf L\u00fcbecks Stra\u00dfen und der Trave unterwegs ist. Steigen Sie ein in den wei\u00dfen Bus mit der blauen Welle und freuen Sie sich besonders auf den \u201eSplash\u201c, wenn der Bus in die Trave gleitet. <\/strong><\/p>\n<p><a href=\"https:\/\/infoguide-online.de\/wp-content\/uploads\/2013\/03\/Auf-der-Untertrave.jpg\"><img loading=\"lazy\" decoding=\"async\" class=\"aligncenter size-full wp-image-635\" src=\"https:\/\/infoguide-online.de\/wp-content\/uploads\/2013\/03\/Auf-der-Untertrave.jpg\" alt=\"\" width=\"833\" height=\"500\" srcset=\"https:\/\/infoguide-online.de\/wp-content\/uploads\/2013\/03\/Auf-der-Untertrave.jpg 833w, https:\/\/infoguide-online.de\/wp-content\/uploads\/2013\/03\/Auf-der-Untertrave-300x180.jpg 300w, https:\/\/infoguide-online.de\/wp-content\/uploads\/2013\/03\/Auf-der-Untertrave-768x461.jpg 768w, https:\/\/infoguide-online.de\/wp-content\/uploads\/2013\/03\/Auf-der-Untertrave-624x375.jpg 624w\" sizes=\"auto, (max-width: 833px) 100vw, 833px\" \/><\/a><\/p>\n<p>Lassen Sie sich eine Fahrt mit dem neuen Amphibienfahrzeug nicht entgehen, denn der Trip ist einzigartig. Den \u00c4ngstlichen sei versichert, dass der Bus unsinkbar ist und selbstverst\u00e4ndlich vom T\u00dcV Rheinland \u00fcberpr\u00fcft wurde.<\/p>\n<p>43 Passagiere finden gem\u00fctlich Platz in ihm. Spannendes und Lustiges erfahren Sie \u00fcber die Hansestadt durch das Entertainment-Paket. Auf Englisch ist das sogar \u00fcber Kopfh\u00f6rer m\u00f6glich, die Sie ausleihen k\u00f6nnen. L\u00fcbeck ist die erste Stadt, die diese tolle Attraktion nicht nur den G\u00e4sten von au\u00dferhalb anbieten kann. Sicher sind auch die Einheimischen inzwischen neugierig geworden und wollen sie testen.<\/p>\n<p>Die Tour dauert 60 abwechslungsreiche Minuten und ist in der Nebensaison von M\u00e4rz bis April sowie Oktober bis einschlie\u00dflich 16. Dezember t\u00e4glich zu folgenden Zeiten m\u00f6glich: 10:30, 12:00, 13:30 und 15:00 Uhr und in der Hauptsaison von Mai bis Ende September zus\u00e4tzlich um 16:30 und 18:00 Uhr. Seien Sie bitte 15 Minuten vorher an der Haltestelle. Und freuen Sie sich auf Ihren ersten \u201eSplash\u201c mit L\u00fcbecks neuem Amphibienbus.<\/p>\n<p>Buchen Sie direkt unter www.splashtour-luebeck.de oder erwerben Sie die Tickets vor Ort am Kassenhaus (Anleger 2 der Reederei City Schiffahrt H. Gabriel). Infos erhalten Sie telefonisch unter 0451-47101.<\/p>\n<p>&nbsp;<\/p>\n","protected":false},"excerpt":{"rendered":"<p>Bus und Schiff in einem: Das ist der neue Splashtour Amphibienbus, der jetzt auf L\u00fcbecks Stra\u00dfen und der Trave unterwegs ist. Steigen Sie ein in den wei\u00dfen Bus mit der blauen Welle und freuen Sie sich besonders auf den \u201eSplash\u201c, wenn der Bus in die Trave gleitet. Lassen Sie sich eine Fahrt mit dem neuen [&hellip;]<\/p>\n","protected":false},"author":1,"featured_media":0,"parent":7,"menu_order":6,"comment_status":"closed","ping_status":"closed","template":"","meta":{"footnotes":""},"class_list":["post-34","page","type-page","status-publish","hentry"],"_links":{"self":[{"href":"https:\/\/infoguide-online.de\/index.php?rest_route=\/wp\/v2\/pages\/34","targetHints":{"allow":["GET"]}}],"collection":[{"href":"https:\/\/infoguide-online.de\/index.php?rest_route=\/wp\/v2\/pages"}],"about":[{"href":"https:\/\/infoguide-online.de\/index.php?rest_route=\/wp\/v2\/types\/page"}],"author":[{"embeddable":true,"href":"https:\/\/infoguide-online.de\/index.php?rest_route=\/wp\/v2\/users\/1"}],"replies":[{"embeddable":true,"href":"https:\/\/infoguide-online.de\/index.php?rest_route=%2Fwp%2Fv2%2Fcomments&post=34"}],"version-history":[{"count":9,"href":"https:\/\/infoguide-online.de\/index.php?rest_route=\/wp\/v2\/pages\/34\/revisions"}],"predecessor-version":[{"id":636,"href":"https:\/\/infoguide-online.de\/index.php?rest_route=\/wp\/v2\/pages\/34\/revisions\/636"}],"up":[{"embeddable":true,"href":"https:\/\/infoguide-online.de\/index.php?rest_route=\/wp\/v2\/pages\/7"}],"wp:attachment":[{"href":"https:\/\/infoguide-online.de\/index.php?rest_route=%2Fwp%2Fv2%2Fmedia&parent=34"}],"curies":[{"name":"wp","href":"https:\/\/api.w.org\/{rel}","templated":true}]}}