{"id":36,"date":"2013-03-16T13:42:48","date_gmt":"2013-03-16T11:42:48","guid":{"rendered":"http:\/\/infoguide-online.de\/?page_id=36"},"modified":"2018-04-26T06:57:32","modified_gmt":"2018-04-26T05:57:32","slug":"thema-7","status":"publish","type":"page","link":"https:\/\/infoguide-online.de\/?page_id=36","title":{"rendered":"Mini-Metropole &#8211; Maxi-Charme"},"content":{"rendered":"<p><strong>L\u00fcbeck boomt und wird immer beliebter. Das zeigen kontinuierlich steigende G\u00e4stezahlen \u2013 selbst Urlaubsrekorde werden aktuell getoppt. Es kommen immer mehr G\u00e4ste, die ein paar Tage und l\u00e4nger bleiben. Aber auch Tagesg\u00e4ste gehen vermehrt auf Entdeckungsreise in der Hansestadt. Der anhaltende Trend der Deutschen zum St\u00e4dtetrip und Urlaub im eigenen Land ist ein Grund daf\u00fcr.<\/strong><\/p>\n<div id=\"attachment_582\" style=\"width: 843px\" class=\"wp-caption aligncenter\"><a href=\"https:\/\/infoguide-online.de\/wp-content\/uploads\/2013\/03\/An-der-Untertrave-in-Lu\u0308beck-Abendstimmung-c-LTM-Thomas-Ebelt.jpg\"><img loading=\"lazy\" decoding=\"async\" aria-describedby=\"caption-attachment-582\" class=\"size-full wp-image-582\" src=\"https:\/\/infoguide-online.de\/wp-content\/uploads\/2013\/03\/An-der-Untertrave-in-Lu\u0308beck-Abendstimmung-c-LTM-Thomas-Ebelt.jpg\" alt=\"\u00a9 LTM - Thomas Ebelt\" width=\"833\" height=\"500\" srcset=\"https:\/\/infoguide-online.de\/wp-content\/uploads\/2013\/03\/An-der-Untertrave-in-Lu\u0308beck-Abendstimmung-c-LTM-Thomas-Ebelt.jpg 833w, https:\/\/infoguide-online.de\/wp-content\/uploads\/2013\/03\/An-der-Untertrave-in-Lu\u0308beck-Abendstimmung-c-LTM-Thomas-Ebelt-300x180.jpg 300w, https:\/\/infoguide-online.de\/wp-content\/uploads\/2013\/03\/An-der-Untertrave-in-Lu\u0308beck-Abendstimmung-c-LTM-Thomas-Ebelt-768x461.jpg 768w, https:\/\/infoguide-online.de\/wp-content\/uploads\/2013\/03\/An-der-Untertrave-in-Lu\u0308beck-Abendstimmung-c-LTM-Thomas-Ebelt-624x375.jpg 624w\" sizes=\"auto, (max-width: 833px) 100vw, 833px\" \/><\/a><p id=\"caption-attachment-582\" class=\"wp-caption-text\">\u00a9 LTM &#8211; Thomas Ebelt<\/p><\/div>\n<p>Au\u00dferdem begeistern sich Menschen aus anderen L\u00e4ndern h\u00e4ufiger f\u00fcr die ehemalige K\u00f6nigin der Hanse. Kein Wunder \u2013 L\u00fcbeck punktet in den letzten Jahren mit au\u00dfergew\u00f6hnlichen kulturellen Veranstaltungen wie 2017 die Kampagne \u201ePl\u00f6tzlich 30!\u201c zum Jubil\u00e4um \u201e30 Jahre UNESCO Welterbetitel\u201c. 2015 wurde das Europ\u00e4ische Hansemuseum er\u00f6ffnet und in diesem Jahr feiert die Stadt ihren 875. Geburtstag mit unterschiedlichen Feierlichkeiten das ganze Jahr \u00fcber. Lesen Sie dazu auch unseren Text \u201eHappy Birthday, L\u00fcbeck\u201c.<br \/>\nRechtzeitig zum gro\u00dfen Stadtjubil\u00e4um er\u00f6ffnet demn\u00e4chst mitten im Herzen der Altstadt ein neues Hotel, das Motel One. Ganz bequem gelangen Sie von dort zu Fu\u00df ins Theater, die Museen oder zum Shopping-Bummel. \u00dcbrigens soll ab 2019 in Bahnhofsn\u00e4he ein weiteres Hotel gebaut werden. In Planung ist auch eine neue digitale G\u00e4stekarte, die den Besuchern Rabatte bringen soll. Hotelg\u00e4ste k\u00f6nnen damit kostenlos ins Museum und Theater. Auch Konzerte, Stadtf\u00fchrungen und Rundfahrten mit Ausflugsbooten sollen zu buchen sein. Die Einzelheiten standen bei Redaktionsschluss noch nicht fest.<\/p>\n<p><strong>L\u00fcbeck lockt mit Highlights<\/strong><br \/>\nSelbst L\u00fcbeck-Kenner staunen immer wieder \u00fcber neue Details in der mittelalterlichen Stadt, die ihnen zuvor nicht aufgefallen waren. Schlendern Sie gem\u00fctlich durch die Altstadt mit Kopfsteinpflaster, schmalen G\u00e4ngen und H\u00f6fen. Am besten Sie nehmen an einer der zahlreichen Stadtf\u00fchrungen teil, um einen Eindruck zu gewinnen. Daneben sind das ganze Jahr \u00fcber tolle musikalische, kulinarische und andere Events im Angebot.<br \/>\nZum Beispiel die L\u00fcbecker Fisch- und Heringstage vom 10. bis 13. Mai. Der einstige \u201eArme-Leute-Fisch\u201c hat die Hansestadt reich gemacht und ist heute hei\u00df begehrt. Eingerahmt von einem bunten Live-Programm werden Sie auf dem Markt mit einem Glas Wein und leckeren Fischgerichten verw\u00f6hnt. Zum sch\u00f6nsten Ort der Welt wird vom 8. bis 10. Juni das Aegidienviertel auf der Altstadtinsel beim HanseKulturFestival im Rahmen des Stadtjubil\u00e4ums. Dekorierte Stra\u00dfen, Musik aus allen Ecken, \u00fcberraschende Begegnungen und versteckte Sch\u00e4tze sind die Zutaten f\u00fcr ein buntes Festival.<br \/>\nDas Schleswig-Holstein Musik Festival mit hochkar\u00e4tigen, internationalen Solisten und Orchestern ist in diesem Jahr dem Komponisten Robert Schumann gewidmet. Vom 30. Juni bis zum 26. August erklingen Konzerte in Kirchen, Musiks\u00e4len, Scheunen und unter freiem Himmel. Eine wunderbare Mischung aus Kunst, Kultur und Kulinarischem erleben Sie beim Duckstein-Festival am Traveufer vom 3. bis 12. August. Unbedingt ans Herz legen m\u00f6chten wir Ihnen die Nordischen Filmtage vom 1. bis 5. November, bei denen wieder Filme aus skandinavischen und baltischen L\u00e4ndern sowie Norddeutschland pr\u00e4sentiert werden. Schlie\u00dflich empfehlen wir f\u00fcrs Jahresende den Besuch in der Weihnachtsstadt des Nordens.<\/p>\n<p><strong>Ein Besuch der sich lohnt: St. Petri zu L\u00fcbeck<\/strong><br \/>\nAls einzige Kirche in L\u00fcbeck hat St. Petri eine Turmplattform mit Lift und einem Ausblick, den man nicht vergisst: die Altstadt mit St. Marien, dem Rathaus und den anderen Backsteinkirchen, das Holstentor, die Ausflugsboote auf der Trave, die H\u00e4usergiebel in der Gro\u00dfen Petersgrube. Rings herum das neue, das moderne L\u00fcbeck. Und bei gutem Wetter: die gro\u00dfen Hotels an der Ostseek\u00fcste, Mecklenburg und die H\u00fcgel im Holsteinischen Land. Die t\u00e4gliche \u00d6ffnungszeiten sind:\u00a0 Januar + Februar 10-18 Uhr, M\u00e4rz-September 9-20 Uhr, Oktober-Dezember 10-19 Uhr.<br \/>\nDas Petri-Caf\u00e9 l\u00e4dt nach der Turmauffahrt oder vor dem Veranstaltungsbesuch zum Verweilen ein. Zum Angebot geh\u00f6rt t\u00e4glich wechselnder Mittagstisch, selbstgebackenen Kuchen und die legend\u00e4re Tr\u00fcmmertorte. Besonderer Wert wird auf frische Produkte und hausgemachte Speisen gelegt. Bewusstes, genussvolles und vor allem saisonales Essen in besonderer Atmosph\u00e4re erwartet die Besucher, frei nach dem Motto &#8222;anders, als Du denkst&#8220;. Auf der Karte des Caf\u00e9s stehen neben einer t\u00e4glich wechselnden Suppen- und Quicheauswahl zur Mittagszeit auch ein selbstgebackenes Kuchenangebot mit saisonalem Obstkuchen, K\u00e4se- und Schokoladenkuchen sowie Muffins, Rumkugeln und Petri-Keksen. Die Getr\u00e4nkekarte beinhaltet zahlreiche Kaffee- und Teespezialit\u00e4ten. Das Petricaf\u00e9 ist montags bis samstags von 11 bis 17 Uhr ge\u00f6ffnet. An sch\u00f6nen Fr\u00fchlings- und Sommertagen kann man die Leckereien auch vor der historischen Kulisse auf dem Petrikirchhof genie\u00dfen. Wissenswertes \u00fcber das aktuelle Veranstaltungsprogramm, die Kirche, den Aussichtsturm und das Caf\u00e9 ist unter www.st-petri-luebeck.de zu finden.<\/p>\n<p><a href=\"http:\/\/www.luebeck-tourismus.de\">www.luebeck-tourismus.de<\/a><br \/>\n<a href=\"http:\/\/www.shmf.de\">www.shmf.de<\/a><br \/>\n<a href=\"http:\/\/www.filmtage.luebeck.de\">www.filmtage.luebeck.de<\/a><br \/>\n<a href=\"http:\/\/www.duckstein-festival.de\">www.duckstein-festival.de<\/a><\/p>\n","protected":false},"excerpt":{"rendered":"<p>L\u00fcbeck boomt und wird immer beliebter. Das zeigen kontinuierlich steigende G\u00e4stezahlen \u2013 selbst Urlaubsrekorde werden aktuell getoppt. Es kommen immer mehr G\u00e4ste, die ein paar Tage und l\u00e4nger bleiben. Aber auch Tagesg\u00e4ste gehen vermehrt auf Entdeckungsreise in der Hansestadt. Der anhaltende Trend der Deutschen zum St\u00e4dtetrip und Urlaub im eigenen Land ist ein Grund daf\u00fcr. [&hellip;]<\/p>\n","protected":false},"author":1,"featured_media":0,"parent":7,"menu_order":7,"comment_status":"closed","ping_status":"closed","template":"","meta":{"footnotes":""},"class_list":["post-36","page","type-page","status-publish","hentry"],"_links":{"self":[{"href":"https:\/\/infoguide-online.de\/index.php?rest_route=\/wp\/v2\/pages\/36","targetHints":{"allow":["GET"]}}],"collection":[{"href":"https:\/\/infoguide-online.de\/index.php?rest_route=\/wp\/v2\/pages"}],"about":[{"href":"https:\/\/infoguide-online.de\/index.php?rest_route=\/wp\/v2\/types\/page"}],"author":[{"embeddable":true,"href":"https:\/\/infoguide-online.de\/index.php?rest_route=\/wp\/v2\/users\/1"}],"replies":[{"embeddable":true,"href":"https:\/\/infoguide-online.de\/index.php?rest_route=%2Fwp%2Fv2%2Fcomments&post=36"}],"version-history":[{"count":7,"href":"https:\/\/infoguide-online.de\/index.php?rest_route=\/wp\/v2\/pages\/36\/revisions"}],"predecessor-version":[{"id":583,"href":"https:\/\/infoguide-online.de\/index.php?rest_route=\/wp\/v2\/pages\/36\/revisions\/583"}],"up":[{"embeddable":true,"href":"https:\/\/infoguide-online.de\/index.php?rest_route=\/wp\/v2\/pages\/7"}],"wp:attachment":[{"href":"https:\/\/infoguide-online.de\/index.php?rest_route=%2Fwp%2Fv2%2Fmedia&parent=36"}],"curies":[{"name":"wp","href":"https:\/\/api.w.org\/{rel}","templated":true}]}}