{"id":38,"date":"2013-03-16T13:43:01","date_gmt":"2013-03-16T11:43:01","guid":{"rendered":"http:\/\/infoguide-online.de\/?page_id=38"},"modified":"2018-04-30T14:46:43","modified_gmt":"2018-04-30T13:46:43","slug":"thema-8","status":"publish","type":"page","link":"https:\/\/infoguide-online.de\/?page_id=38","title":{"rendered":"Knusprig meets Matjes"},"content":{"rendered":"<p><strong>Sie sind Kult bei uns an der K\u00fcste. Es gibt sie in ganz unterschiedlichen Varianten: mal mit Lachs oder Makrele, mal mit Bismarckhering oder Matjes. Jeder, der hier an der K\u00fcste zu Besuch ist, muss die knusprigen Fischbr\u00f6tchen mal probiert haben. Geboten werden sie in Topqualit\u00e4t nicht nur in den Ostseeb\u00e4dern, sondern auch im Achterland mit k\u00f6stlich ger\u00e4uchertem Fisch aus den S\u00fc\u00dfwasserseen. Es gibt sogar einen ganz besonderen Tag, an dem sich an Schleswig-Holsteins Ostseek\u00fcste und in der Holsteinischen Schweiz alles um die maritime K\u00f6stlichkeit dreht. <\/strong><br \/>\n<strong>Am Weltfischbr\u00f6tchentag, dem 5. Mai, k\u00f6nnen Sie ausgiebig Fisch schlemmen, Kutterfahrten unternehmen und Shantys lauschen. Oder Sie besuchen traditionelle Fischr\u00e4uchereien und <\/strong><strong>lernen so, wie man das so macht mit dem R\u00e4uchern im Norden.<\/strong><\/p>\n<div id=\"attachment_585\" style=\"width: 843px\" class=\"wp-caption aligncenter\"><a href=\"https:\/\/infoguide-online.de\/wp-content\/uploads\/2013\/03\/Fischbro\u0308tchen-am-Husumer-Hafen-c-Foto-Oliver-Franke.jpg\"><img loading=\"lazy\" decoding=\"async\" aria-describedby=\"caption-attachment-585\" class=\"size-full wp-image-585\" src=\"https:\/\/infoguide-online.de\/wp-content\/uploads\/2013\/03\/Fischbro\u0308tchen-am-Husumer-Hafen-c-Foto-Oliver-Franke.jpg\" alt=\"\u00a9Oliver Franke\" width=\"833\" height=\"500\" srcset=\"https:\/\/infoguide-online.de\/wp-content\/uploads\/2013\/03\/Fischbro\u0308tchen-am-Husumer-Hafen-c-Foto-Oliver-Franke.jpg 833w, https:\/\/infoguide-online.de\/wp-content\/uploads\/2013\/03\/Fischbro\u0308tchen-am-Husumer-Hafen-c-Foto-Oliver-Franke-300x180.jpg 300w, https:\/\/infoguide-online.de\/wp-content\/uploads\/2013\/03\/Fischbro\u0308tchen-am-Husumer-Hafen-c-Foto-Oliver-Franke-768x461.jpg 768w, https:\/\/infoguide-online.de\/wp-content\/uploads\/2013\/03\/Fischbro\u0308tchen-am-Husumer-Hafen-c-Foto-Oliver-Franke-624x375.jpg 624w\" sizes=\"auto, (max-width: 833px) 100vw, 833px\" \/><\/a><p id=\"caption-attachment-585\" class=\"wp-caption-text\">\u00a9Oliver Franke<\/p><\/div>\n<p>Frischen Fisch vom Kutter \u2013 auch das gibt\u2019s hier noch. In Travem\u00fcnde, Niendorf\/Ostsee oder Heiligenhafen zum Beispiel. Wenn Sie morgens rechtzeitig den einen oder anderen Hafen besuchen, k\u00f6nnen Sie den frischesten Fisch direkt vom Fischer kaufen. Je nach Jahreszeit f\u00e4ngt der Dorsch, Hering, Steinbutt oder Scholle. An den leuchtend roten oder hellroten Kiemen sehen Sie, wie frisch die Meerestiere sind. Noch ein Tipp: Frische Fische riechen nicht nach Fisch. Wie Sie ihn dann zubereiten, bleibt Ihnen \u00fcberlassen. Gebraten schmeckt er ebenso gut wie ged\u00fcnstet oder gegrillt. F\u00fcr letzte Garmethode eignen sich besonders fettreiche Fische wie Lachs und Makrele. Wer sich verw\u00f6hnen lassen m\u00f6chte, besucht eins der Restaurants mit Blick aufs Meer und l\u00e4sst sich ein leckeres Fischgericht zubereiten. Daneben erhalten Sie nat\u00fcrlich eine gro\u00dfe Vielfalt an R\u00e4ucherfischen direkt in den R\u00e4uchereien, an H\u00e4fen oder in Fachgesch\u00e4ften. Ger\u00e4ucherte Heringe liegen dort neben goldgelben Makrelen, B\u00fccklingen, Lachsforellen oder Kieler Sprotten. Auch die meist selbst zubereiteten Fischsalate sind eine Delikatesse. Probieren Sie einmal Matjessalat mit Roter Bete, Kr\u00e4utermatjes oder Krabbensalat.<br \/>\nF\u00fcr alle, die sich gern mal selbst an den Herd stellen m\u00f6chten, haben wir ein delikates Rezept mit Fischk\u00fcchlein ausfindig gemacht.<\/p>\n<p>Fischk\u00fcchlein mit<br \/>\ngebratener Mango<\/p>\n<p><strong>Zutaten f\u00fcr 4 Portionen<\/strong><br \/>\n+ Fischfarce<br \/>\n+ 2 Scheiben Toastbrot<br \/>\n+ 100 ml Sahne<br \/>\n+ 2 rote Chilischoten<br \/>\n+ 1 Bund Koriander<br \/>\n+ 1 unbehandelte Limette<br \/>\n+ 30 g Ingwer<br \/>\n+ 500 g Lengfischfilet<br \/>\n+ 1 Ei Gew.-Kl. M<br \/>\n+ 1 Eigelb Gew.-Kl. M<br \/>\n+ Salz, frisch gemahlener Pfeffer<\/p>\n<p>au\u00dferdem<br \/>\n+ 1 gro\u00dfe oder 2 kleine reife Mango(s)<br \/>\n+ 2 EL \u00d6l<br \/>\n+ 50 g Butter<br \/>\n+ 1 EL rosa Pfeffer<br \/>\n+ 2 EL Cassisessig<br \/>\n+ einige Kapuzinerbl\u00fcten<\/p>\n<p><strong>Zubereitung<\/strong><br \/>\nToastbrot entrinden, w\u00fcrfeln und in eine Schale geben. Mit der Sahne \u00fcbergie\u00dfen. Chilischoten entkernen und fein hacken. Koriander waschen, abtupfen und grob hacken. Limette waschen und abreiben. Ingwer sch\u00e4len und durch die Knoblauchpresse dr\u00fccken.<\/p>\n<p>Lengfischfilet waschen, trocken tupfen und w\u00fcrfeln. Fisch in der K\u00fcchenmaschine zerkleinern. Toastbrot, Ei und Eigelb sowie Gew\u00fcrzzutaten zuf\u00fcgen und vermengen.<\/p>\n<p>Aus der Fischfarce acht kleine K\u00fcchlein formen und 30 Minuten kalt stellen.<\/p>\n<p>In der Zwischenzeit Mango sch\u00e4len. Fruchtfleisch vom Stein l\u00f6sen und in Spalten schneiden.<\/p>\n<p>\u00d6l und 20 g Butter in einer beschichteten Pfanne erhitzen und rundherum die K\u00fcchlein darin 5 Minuten goldbraun braten. Mango in einer zweiten Pfanne in der restlichen Butter anbraten. Mit rosa Pfeffer und Cassisessig abschmecken. Fischk\u00fcchlein auf Mango und Kapuzinerbl\u00fcten anrichten.<\/p>\n<p>Zubereitungszeit: ca. 45 Minuten<br \/>\nN\u00e4hrwerte pro Portion ca.<br \/>\nKalorien: 468<br \/>\nJoule: 1955<br \/>\nProtein: 29,6 g<br \/>\nFett: 28,9 g<br \/>\nKohlenhydrate: 22 g<br \/>\n<strong>Guten Appetit<\/strong><\/p>\n<p><a href=\"http:\/\/www.fischinfo.de\">www.fischinfo.de<\/a><\/p>\n<p>&nbsp;<\/p>\n<p>&nbsp;<\/p>\n","protected":false},"excerpt":{"rendered":"<p>Sie sind Kult bei uns an der K\u00fcste. Es gibt sie in ganz unterschiedlichen Varianten: mal mit Lachs oder Makrele, mal mit Bismarckhering oder Matjes. Jeder, der hier an der K\u00fcste zu Besuch ist, muss die knusprigen Fischbr\u00f6tchen mal probiert haben. Geboten werden sie in Topqualit\u00e4t nicht nur in den Ostseeb\u00e4dern, sondern auch im Achterland [&hellip;]<\/p>\n","protected":false},"author":1,"featured_media":0,"parent":7,"menu_order":8,"comment_status":"closed","ping_status":"closed","template":"","meta":{"footnotes":""},"class_list":["post-38","page","type-page","status-publish","hentry"],"_links":{"self":[{"href":"https:\/\/infoguide-online.de\/index.php?rest_route=\/wp\/v2\/pages\/38","targetHints":{"allow":["GET"]}}],"collection":[{"href":"https:\/\/infoguide-online.de\/index.php?rest_route=\/wp\/v2\/pages"}],"about":[{"href":"https:\/\/infoguide-online.de\/index.php?rest_route=\/wp\/v2\/types\/page"}],"author":[{"embeddable":true,"href":"https:\/\/infoguide-online.de\/index.php?rest_route=\/wp\/v2\/users\/1"}],"replies":[{"embeddable":true,"href":"https:\/\/infoguide-online.de\/index.php?rest_route=%2Fwp%2Fv2%2Fcomments&post=38"}],"version-history":[{"count":11,"href":"https:\/\/infoguide-online.de\/index.php?rest_route=\/wp\/v2\/pages\/38\/revisions"}],"predecessor-version":[{"id":662,"href":"https:\/\/infoguide-online.de\/index.php?rest_route=\/wp\/v2\/pages\/38\/revisions\/662"}],"up":[{"embeddable":true,"href":"https:\/\/infoguide-online.de\/index.php?rest_route=\/wp\/v2\/pages\/7"}],"wp:attachment":[{"href":"https:\/\/infoguide-online.de\/index.php?rest_route=%2Fwp%2Fv2%2Fmedia&parent=38"}],"curies":[{"name":"wp","href":"https:\/\/api.w.org\/{rel}","templated":true}]}}