{"id":596,"date":"2020-04-26T07:34:36","date_gmt":"2020-04-26T06:34:36","guid":{"rendered":"http:\/\/infoguide-online.de\/?page_id=596"},"modified":"2020-09-02T15:09:57","modified_gmt":"2020-09-02T14:09:57","slug":"emma-in-action-urlaubszeit-mit-hund","status":"publish","type":"page","link":"https:\/\/infoguide-online.de\/?page_id=596","title":{"rendered":"Hundestrand &#8211; Emma in Action"},"content":{"rendered":"<p><strong>Urlaubszeit mit Hund. Emma wei\u00df schon genau, was los ist, wenn Frauchen und Herrchen den Koffer packen und auch ihre Lieblingsente nicht vergessen. Dann darf Emma mit in den Urlaub. Den verbringt die Familie mit ihrer Golden Retrieverdame meist an der Ostsee, genauer gesagt an der L\u00fcbecker Bucht. Denn dort gibt es etliche Hundestr\u00e4nde, die extra zum Toben mit Vierbeinern einladen. <\/strong><strong>Im Winter, in der Regel in der Zeit vom 1. Oktober bis zum 31. M\u00e4rz, ist es sogar m\u00f6glich die <\/strong><strong>gesamten Str\u00e4nden mit Hund und Pferd zu nutzen.<\/strong><\/p>\n<div id=\"attachment_597\" style=\"width: 843px\" class=\"wp-caption aligncenter\"><a href=\"https:\/\/infoguide-online.de\/wp-content\/uploads\/2018\/04\/hunde-am-strand-Tourismus-Agentur-Lu\u0308becker-Bucht.jpg\"><img loading=\"lazy\" decoding=\"async\" aria-describedby=\"caption-attachment-597\" class=\"size-full wp-image-597\" src=\"https:\/\/infoguide-online.de\/wp-content\/uploads\/2018\/04\/hunde-am-strand-Tourismus-Agentur-Lu\u0308becker-Bucht.jpg\" alt=\"\u00a9TALB\" width=\"833\" height=\"500\" srcset=\"https:\/\/infoguide-online.de\/wp-content\/uploads\/2018\/04\/hunde-am-strand-Tourismus-Agentur-Lu\u0308becker-Bucht.jpg 833w, https:\/\/infoguide-online.de\/wp-content\/uploads\/2018\/04\/hunde-am-strand-Tourismus-Agentur-Lu\u0308becker-Bucht-300x180.jpg 300w, https:\/\/infoguide-online.de\/wp-content\/uploads\/2018\/04\/hunde-am-strand-Tourismus-Agentur-Lu\u0308becker-Bucht-768x461.jpg 768w, https:\/\/infoguide-online.de\/wp-content\/uploads\/2018\/04\/hunde-am-strand-Tourismus-Agentur-Lu\u0308becker-Bucht-624x375.jpg 624w\" sizes=\"auto, (max-width: 833px) 100vw, 833px\" \/><\/a><p id=\"caption-attachment-597\" class=\"wp-caption-text\">\u00a9TALB<\/p><\/div>\n<p>in Travem\u00fcnde ein Meer voller Abenteuer. Dort laden die beiden Hundestr\u00e4nde w\u00e4hrend der Badesaison vom 15. Mai bis 14. September am Brodtener Ufer und auf der Halbinsel Priwall zum gemeinsamen Schwimmen und Spielen ein. Am Brodtener Ufer gibt\u2019s sogar einen extra eingerichteten Hundebadesteg, der \u00fcber die Findlinge f\u00fchrt.<br \/>\nHundefreundliche Unterk\u00fcnfte finden Sie in vielen Orten bei uns an der K\u00fcste und im Achterland. Weitere Informationen erhalten Sie bei den Tourismusbeh\u00f6rden vor Ort. Auch in Timmendorfer Strand und Niendorf ist Ihr tierischer Freund ein gern gesehener Gast. Drei Minuten vom Kammerwald entfernt, in der N\u00e4he der Ostseetherme, liegt der Hundestrand Timmendorfer Strand. Den in Niendorf\/Ostsee finden Sie wenige Gehminuten vom Niendorfer Hafen und nur einen Hundesprung von der Kurpromenade und dem Park \u201eAn der Acht\u201c.<br \/>\nAn der Ostseek\u00fcste Schleswig-Holsteins sind tolle Str\u00e4nde f\u00fcr ausgedehnte Spazierg\u00e4nge und mutige Spr\u00fcnge ins erfrischende Nass zu erleben. Allein in den Orten zwischen Scharbeutz und Neustadt in Holstein gibt es sechs Hundestr\u00e4nde, wo Fellnasen rund ums Jahr buddeln und spielen d\u00fcrfen. Nicht nur Pudel f\u00fchlen sich wohl, wenn sie ohne Leine die Freiheit genie\u00dfen k\u00f6nnen.<\/p>\n<p>Ebenso Gr\u00f6mitz ist auf den Hund gekommen und Vierbeiner sind willkommen. Genie\u00dfen Sie die gesunde Luft und Bewegung in der Natur. Lassen Sie das St\u00f6ckchen sausen und Ihren Hund hinterher brausen. Gr\u00f6mitz verf\u00fcgt \u00fcber zwei offizielle Hundestr\u00e4nde, wobei der eine am Nordstrand liegt und der andere am Lensterstrand.<br \/>\nAuch auf Fehmarn d\u00fcrfen Hunde die Str\u00e4nde erkunden, zum Beispiel in Meeschendorf und am Gr\u00fcnen Brink. An den konzessionierten Badestr\u00e4nden in Meeschendorf, am Gr\u00fcnen Brink und in Bojendorf ist Ihr Vierbeiner ganzj\u00e4hrig nur im Bereich der Hundestr\u00e4nde erlaubt. Am S\u00fcdstrand in Burgtiefe sind Hunde allerdings grunds\u00e4tzlich nicht gestattet.<br \/>\nDoch neben den Str\u00e4nden gibt es f\u00fcr Emma und Co. noch weitaus mehr zu entdecken, denn das Achterland mit W\u00e4ldern, Feldern und romantischen Seen l\u00e4dt ebenso zu sch\u00f6nen Spazierg\u00e4ngen. Toben ohne Leine geht ganz prima im eigens eingerichteten Hundeauslauf in Scharbeutz (Ortsteil Klingberg) in der Scharbeutzer Heide. Das eingez\u00e4unte Freigel\u00e4nde ist etwa 18 Hektar gro\u00df mit viel Wald, in dem Hunde nach Herzenslust herumtollen, schnuppern und Artgenossen treffen k\u00f6nnen. Ob klein oder gro\u00df \u2013 alle Hunde sind herzlich willkommen. Weitere Informationen zu noch mehr Hundetummelpl\u00e4tzen bei uns im Norden finden Sie unter den angegebenen Webadressen.<\/p>\n<p><a href=\"http:\/\/www.ostsee.schleswig-holstein.de\">www.ostsee.schleswig-holstein.de<\/a><br \/>\n<a href=\"http:\/\/www.travemuende-tourismus.de\">www.travemuende-tourismus.de<\/a><br \/>\n<a href=\"http:\/\/www.timmendorfer-strand.de\">www.timmendorfer-strand.de<\/a><br \/>\n<a href=\"http:\/\/www.luebecker-bucht-ostsee.de\">www.luebecker-bucht-ostsee.de<\/a><br \/>\n<a href=\"http:\/\/www.hundeauslauf-scharbeutz.de\">www.hundeauslauf-scharbeutz.de<\/a><br \/>\n<a href=\"http:\/\/www.hundeinfoportal.de\">www.hundeinfoportal.de<\/a><br \/>\n<a href=\"http:\/\/www.travel-dogs.de\">www.travel-dogs.de<\/a><\/p>\n","protected":false},"excerpt":{"rendered":"<p>Urlaubszeit mit Hund. Emma wei\u00df schon genau, was los ist, wenn Frauchen und Herrchen den Koffer packen und auch ihre Lieblingsente nicht vergessen. Dann darf Emma mit in den Urlaub. Den verbringt die Familie mit ihrer Golden Retrieverdame meist an der Ostsee, genauer gesagt an der L\u00fcbecker Bucht. Denn dort gibt es etliche Hundestr\u00e4nde, die [&hellip;]<\/p>\n","protected":false},"author":1,"featured_media":0,"parent":7,"menu_order":9,"comment_status":"closed","ping_status":"closed","template":"","meta":{"footnotes":""},"class_list":["post-596","page","type-page","status-publish","hentry"],"_links":{"self":[{"href":"https:\/\/infoguide-online.de\/index.php?rest_route=\/wp\/v2\/pages\/596","targetHints":{"allow":["GET"]}}],"collection":[{"href":"https:\/\/infoguide-online.de\/index.php?rest_route=\/wp\/v2\/pages"}],"about":[{"href":"https:\/\/infoguide-online.de\/index.php?rest_route=\/wp\/v2\/types\/page"}],"author":[{"embeddable":true,"href":"https:\/\/infoguide-online.de\/index.php?rest_route=\/wp\/v2\/users\/1"}],"replies":[{"embeddable":true,"href":"https:\/\/infoguide-online.de\/index.php?rest_route=%2Fwp%2Fv2%2Fcomments&post=596"}],"version-history":[{"count":4,"href":"https:\/\/infoguide-online.de\/index.php?rest_route=\/wp\/v2\/pages\/596\/revisions"}],"predecessor-version":[{"id":964,"href":"https:\/\/infoguide-online.de\/index.php?rest_route=\/wp\/v2\/pages\/596\/revisions\/964"}],"up":[{"embeddable":true,"href":"https:\/\/infoguide-online.de\/index.php?rest_route=\/wp\/v2\/pages\/7"}],"wp:attachment":[{"href":"https:\/\/infoguide-online.de\/index.php?rest_route=%2Fwp%2Fv2%2Fmedia&parent=596"}],"curies":[{"name":"wp","href":"https:\/\/api.w.org\/{rel}","templated":true}]}}