{"id":600,"date":"2018-04-26T07:41:10","date_gmt":"2018-04-26T06:41:10","guid":{"rendered":"http:\/\/infoguide-online.de\/?page_id=600"},"modified":"2020-09-02T14:12:25","modified_gmt":"2020-09-02T13:12:25","slug":"da-muessen-wir-hin","status":"publish","type":"page","link":"https:\/\/infoguide-online.de\/?page_id=600","title":{"rendered":"Vergn\u00fcgliche Angebote f\u00fcr Klein und Gro\u00df"},"content":{"rendered":"<div id=\"attachment_823\" style=\"width: 1010px\" class=\"wp-caption aligncenter\"><a href=\"https:\/\/infoguide-online.de\/wp-content\/uploads\/2019\/05\/SL_Herbstevent.jpg\"><img loading=\"lazy\" decoding=\"async\" aria-describedby=\"caption-attachment-823\" class=\"wp-image-823 size-full\" src=\"https:\/\/infoguide-online.de\/wp-content\/uploads\/2019\/05\/SL_Herbstevent.jpg\" alt=\"\u00a9SEA LIFE \" width=\"1000\" height=\"714\" srcset=\"https:\/\/infoguide-online.de\/wp-content\/uploads\/2019\/05\/SL_Herbstevent.jpg 1000w, https:\/\/infoguide-online.de\/wp-content\/uploads\/2019\/05\/SL_Herbstevent-300x214.jpg 300w, https:\/\/infoguide-online.de\/wp-content\/uploads\/2019\/05\/SL_Herbstevent-768x548.jpg 768w, https:\/\/infoguide-online.de\/wp-content\/uploads\/2019\/05\/SL_Herbstevent-624x446.jpg 624w\" sizes=\"auto, (max-width: 1000px) 100vw, 1000px\" \/><\/a><p id=\"caption-attachment-823\" class=\"wp-caption-text\">\u00a9SEA LIFE<\/p><\/div>\n<p><strong>SEA LIFE und Vogelpark<br \/>\n<\/strong>In <strong>Timmendorfer Strand im SEA LIFE<\/strong> sind Sie und Ihre Kinder den Meeresbewohnern ganz nah. Einige von ihnen lassen sich sogar streicheln. In \u00fcber 38 Becken entdecken Sie mehr als 2.500 Tiere aus verschiedenen Regionen der Erde. Neben der Welt der Fische k\u00f6nnen Sie auch ins Reich der Krebse eintauchen.<br \/>\n<strong>Tipp:<\/strong> Ab April gibt es ein neues Angebot. Entdecker aufgepasst! Machen Sie sich bereit f\u00fcr einen 50 m\u00b2 gro\u00dfen interaktiven Erlebnisbereich. Erforschen Sie die wunderbare Welt unserer Tiere unter dem Mikroskop. Entdecken Sie im Schwarzlicht leuchtende Meeresbewohner und erleben Sie hautnah am neuen Ber\u00fchrungsbecken Putzergarnelen, die bis an Ihre Fingerspitzen herankommen.<br \/>\nAuch einen Besuch wert sind die s\u00fc\u00dfen Otter Bonnie &amp; Clyde und Speedy, die gr\u00fcne Meeresschildkr\u00f6te.<\/p>\n<p>Der <strong>Vogelpark Niendorf<\/strong> liegt eingebettet in eine malerische Schilflandschaft und ist 70.000 Quadratmeter gro\u00df. Er beherbergt beachtliche 1.000 V\u00f6gel und 250 Arten. Tipp: Besonders sehenswert ist die Eulensammlung, die weltweit eine der gr\u00f6\u00dften ist. Daneben entdecken Sie aber ebenso Rarit\u00e4ten wie Doppelhornv\u00f6gel, Mandschureikraniche und Goliathreiher. Au\u00dferdem ist die gro\u00dfe Freivogelvoliere f\u00fcr L\u00f6ffler, Sichler und Reiher sehr interessant. Wer Genaueres erfahren m\u00f6chte, nimmt an einer der F\u00fchrungen teil, die auf Wunsch auch in Englisch sowie f\u00fcr Jugendliche und Kinder angeboten werden.<\/p>\n<div id=\"attachment_824\" style=\"width: 1010px\" class=\"wp-caption aligncenter\"><a href=\"https:\/\/infoguide-online.de\/wp-content\/uploads\/2019\/05\/Vogelpark-Niendorf.jpg\"><img loading=\"lazy\" decoding=\"async\" aria-describedby=\"caption-attachment-824\" class=\"size-full wp-image-824\" src=\"https:\/\/infoguide-online.de\/wp-content\/uploads\/2019\/05\/Vogelpark-Niendorf.jpg\" alt=\"\u00a9Vogelpark-Niendorf\" width=\"1000\" height=\"750\" srcset=\"https:\/\/infoguide-online.de\/wp-content\/uploads\/2019\/05\/Vogelpark-Niendorf.jpg 1000w, https:\/\/infoguide-online.de\/wp-content\/uploads\/2019\/05\/Vogelpark-Niendorf-300x225.jpg 300w, https:\/\/infoguide-online.de\/wp-content\/uploads\/2019\/05\/Vogelpark-Niendorf-768x576.jpg 768w, https:\/\/infoguide-online.de\/wp-content\/uploads\/2019\/05\/Vogelpark-Niendorf-624x468.jpg 624w\" sizes=\"auto, (max-width: 1000px) 100vw, 1000px\" \/><\/a><p id=\"caption-attachment-824\" class=\"wp-caption-text\">\u00a9Vogelpark-Niendorf<\/p><\/div>\n<p><strong>Zoo-Park ARCHE NOAH und Wallmuseum<\/strong><br \/>\nLust auf Zoo? Dann besuchen Sie doch mal mit Ihren Kindern den<strong> Zoo-Park ARCHE NOAH<\/strong> in Gr\u00f6mitz. Er bietet f\u00fcr Klein und Gro\u00df abwechslungsreiche Stunden. Dazu geh\u00f6ren zum Beispiel<\/p>\n<div id=\"attachment_825\" style=\"width: 1010px\" class=\"wp-caption aligncenter\"><a href=\"https:\/\/infoguide-online.de\/wp-content\/uploads\/2019\/05\/Zoobilder-Poppke-2005-066.jpg\"><img loading=\"lazy\" decoding=\"async\" aria-describedby=\"caption-attachment-825\" class=\"size-full wp-image-825\" src=\"https:\/\/infoguide-online.de\/wp-content\/uploads\/2019\/05\/Zoobilder-Poppke-2005-066.jpg\" alt=\"Zoo-Park ARCHE NOAH\" width=\"1000\" height=\"750\" srcset=\"https:\/\/infoguide-online.de\/wp-content\/uploads\/2019\/05\/Zoobilder-Poppke-2005-066.jpg 1000w, https:\/\/infoguide-online.de\/wp-content\/uploads\/2019\/05\/Zoobilder-Poppke-2005-066-300x225.jpg 300w, https:\/\/infoguide-online.de\/wp-content\/uploads\/2019\/05\/Zoobilder-Poppke-2005-066-768x576.jpg 768w, https:\/\/infoguide-online.de\/wp-content\/uploads\/2019\/05\/Zoobilder-Poppke-2005-066-624x468.jpg 624w\" sizes=\"auto, (max-width: 1000px) 100vw, 1000px\" \/><\/a><p id=\"caption-attachment-825\" class=\"wp-caption-text\">\u00a9Zoo-Park ARCHE NOAH<\/p><\/div>\n<p>auch die Schauf\u00fctterungen, die im Tierpark eine lange Tradition haben. Hungrige Seehunde, Nasenb\u00e4ren und K\u00e4ngurus warten auf ihre Mahlzeiten. Auch bei der F\u00fctterung der<br \/>\nMurmeltiere, Waschb\u00e4ren und Kamele d\u00fcrfen Sie dabei sein. Immer etwas Besonderes ist die F\u00fctterung unserer n\u00e4chsten Verwandten, die im Affenhaus leben.<\/p>\n<p>Mittelalterfans k\u00f6nnen im <strong>Oldenburger Wallmuseum<\/strong> in die faszinierende Welt der Slawen und Wikinger eintauchen. Ganz in der N\u00e4he vom Weissenh\u00e4user Strand gab es im fr\u00fchen Mittelalter eine m\u00e4chtige Burg. Von ihr aus herrschte vom 7. bis zum 12. Jahrhundert der slawische Stamm der Wagrier \u00fcber Ostholstein. Die F\u00fcrsten und Bisch\u00f6fe der \u201eAlten Burg\u201c \u2013 Slawisch: \u201eStarigard\u201c \u2013 waren an der ganzen Ostsee als m\u00e4chtige Herrscher bekannt und so hinterlie\u00dfen nicht nur Slawen, sondern auch Wikinger, D\u00e4nen und Deutsche hier ihre Spuren. Der noch immer riesige Burgwall liegt heute inmitten der Stadt Oldenburg und ist eines der eindrucksvollsten Bodendenkm\u00e4ler Schleswig-Holsteins. Das Oldenburger Wallmuseum zeigt die arch\u00e4ologischen Sch\u00e4tze der wissenschaftlichen Grabungen in zwei gro\u00dfen Ausstellungen. Tipp: Verpassen Sie nicht die Slawentage am 20. und 21. Juli!<\/p>\n<div id=\"attachment_821\" style=\"width: 1010px\" class=\"wp-caption aligncenter\"><a href=\"https:\/\/infoguide-online.de\/wp-content\/uploads\/2019\/05\/IMG_4851.jpg\"><img loading=\"lazy\" decoding=\"async\" aria-describedby=\"caption-attachment-821\" class=\"size-full wp-image-821\" src=\"https:\/\/infoguide-online.de\/wp-content\/uploads\/2019\/05\/IMG_4851.jpg\" alt=\"\u00a9Oldenburger Wallmuseum\" width=\"1000\" height=\"750\" srcset=\"https:\/\/infoguide-online.de\/wp-content\/uploads\/2019\/05\/IMG_4851.jpg 1000w, https:\/\/infoguide-online.de\/wp-content\/uploads\/2019\/05\/IMG_4851-300x225.jpg 300w, https:\/\/infoguide-online.de\/wp-content\/uploads\/2019\/05\/IMG_4851-768x576.jpg 768w, https:\/\/infoguide-online.de\/wp-content\/uploads\/2019\/05\/IMG_4851-624x468.jpg 624w\" sizes=\"auto, (max-width: 1000px) 100vw, 1000px\" \/><\/a><p id=\"caption-attachment-821\" class=\"wp-caption-text\">\u00a9Oldenburger Wallmuseum<\/p><\/div>\n<p><strong>Mega-Meeresabenteuer<\/strong><\/p>\n<div id=\"attachment_818\" style=\"width: 1010px\" class=\"wp-caption aligncenter\"><a href=\"https:\/\/infoguide-online.de\/wp-content\/uploads\/2019\/05\/Foto-MZ-003.jpg\"><img loading=\"lazy\" decoding=\"async\" aria-describedby=\"caption-attachment-818\" class=\"size-full wp-image-818\" src=\"https:\/\/infoguide-online.de\/wp-content\/uploads\/2019\/05\/Foto-MZ-003.jpg\" alt=\"\u00a9Meereszentrum Fehmarn\" width=\"1000\" height=\"664\" srcset=\"https:\/\/infoguide-online.de\/wp-content\/uploads\/2019\/05\/Foto-MZ-003.jpg 1000w, https:\/\/infoguide-online.de\/wp-content\/uploads\/2019\/05\/Foto-MZ-003-300x199.jpg 300w, https:\/\/infoguide-online.de\/wp-content\/uploads\/2019\/05\/Foto-MZ-003-768x510.jpg 768w, https:\/\/infoguide-online.de\/wp-content\/uploads\/2019\/05\/Foto-MZ-003-624x414.jpg 624w\" sizes=\"auto, (max-width: 1000px) 100vw, 1000px\" \/><\/a><p id=\"caption-attachment-818\" class=\"wp-caption-text\">\u00a9Meereszentrum Fehmarn<\/p><\/div>\n<p>&#8230;mit Kombiticket erleben! Entdecken Sie zwei abenteuerliche Meereswelten mit einem Kombiticket. Die beiden einzigartigen Meereserlebnisse bieten die beiden Meeresthemenh\u00e4user Meereszentrum Fehmarn und die Ostsee Erlebniswelt Heiligenhafen. Im Meereszentrum auf Fehmarn tauchen Sie in die schillernde Unterwasserwelt der tropischen Meere ab. Hier erwarten den Meeresbegeisterten unz\u00e4hlige bunte Korallenfische in echten lebenden Korallen- und Anemoneng\u00e4rten. Der Unterwassertunnel mit Rochen und gro\u00dfen Schwarmfischen sowie das Ozeanaquarium mit Haien sind mit seiner Artenvielfalt und Gr\u00f6\u00dfe einzigartig.<\/p>\n<div id=\"attachment_822\" style=\"width: 1010px\" class=\"wp-caption aligncenter\"><a href=\"https:\/\/infoguide-online.de\/wp-content\/uploads\/2019\/05\/Luftaufnehme-Ostseeerlebniswelt.jpg\"><img loading=\"lazy\" decoding=\"async\" aria-describedby=\"caption-attachment-822\" class=\"size-full wp-image-822\" src=\"https:\/\/infoguide-online.de\/wp-content\/uploads\/2019\/05\/Luftaufnehme-Ostseeerlebniswelt.jpg\" alt=\"\u00a9Ostsee Erlebniswelt Heiligenhafen\" width=\"1000\" height=\"563\" srcset=\"https:\/\/infoguide-online.de\/wp-content\/uploads\/2019\/05\/Luftaufnehme-Ostseeerlebniswelt.jpg 1000w, https:\/\/infoguide-online.de\/wp-content\/uploads\/2019\/05\/Luftaufnehme-Ostseeerlebniswelt-300x169.jpg 300w, https:\/\/infoguide-online.de\/wp-content\/uploads\/2019\/05\/Luftaufnehme-Ostseeerlebniswelt-768x432.jpg 768w, https:\/\/infoguide-online.de\/wp-content\/uploads\/2019\/05\/Luftaufnehme-Ostseeerlebniswelt-624x351.jpg 624w\" sizes=\"auto, (max-width: 1000px) 100vw, 1000px\" \/><\/a><p id=\"caption-attachment-822\" class=\"wp-caption-text\">\u00a9Ostsee Erlebniswelt Heiligenhafen<\/p><\/div>\n<p>Die Ostsee Erlebniswelt bei Heiligenhafen ist keine 20 Minuten mit dem Auto von der Korallenwelt entfernt. Hier stehen die heimische Unterwasserwelt im Aquarium sowie die Entstehung der Ostsee im Geocenter im Vordergrund. Anschlie\u00dfend geht es entweder mit dem Aufzug oder \u00fcber eine gigantische Freitreppe in 80 Meter \u00fcber den Meeresspiegel. Die Aussicht nach Fehmarn bis D\u00e4nemark und \u00fcber die L\u00fcbecker Bucht nach Mecklenburg-Vorpommern ist atemberaubend. In jedem Fall sind das Meereszentrum und die Ostsee Erlebniswelt ein Mega-Meeresabenteuer, das man nicht vers\u00e4umen sollte!<\/p>\n<p><strong>Museums-hof Lensahn mit tollen Events<\/strong><\/p>\n<div id=\"attachment_820\" style=\"width: 1010px\" class=\"wp-caption aligncenter\"><a href=\"https:\/\/infoguide-online.de\/wp-content\/uploads\/2019\/05\/Hof-2.jpg\"><img loading=\"lazy\" decoding=\"async\" aria-describedby=\"caption-attachment-820\" class=\"size-full wp-image-820\" src=\"https:\/\/infoguide-online.de\/wp-content\/uploads\/2019\/05\/Hof-2.jpg\" alt=\"\u00a9Museums-hof Lensahn \" width=\"1000\" height=\"563\" srcset=\"https:\/\/infoguide-online.de\/wp-content\/uploads\/2019\/05\/Hof-2.jpg 1000w, https:\/\/infoguide-online.de\/wp-content\/uploads\/2019\/05\/Hof-2-300x169.jpg 300w, https:\/\/infoguide-online.de\/wp-content\/uploads\/2019\/05\/Hof-2-768x432.jpg 768w, https:\/\/infoguide-online.de\/wp-content\/uploads\/2019\/05\/Hof-2-624x351.jpg 624w\" sizes=\"auto, (max-width: 1000px) 100vw, 1000px\" \/><\/a><p id=\"caption-attachment-820\" class=\"wp-caption-text\">\u00a9Museums-hof Lensahn<\/p><\/div>\n<p>Der Erlebnishof ist einzigartig in Schleswig-Holstein und zeigt aufs Sch\u00f6nste l\u00e4ndliche Geschichte zum Anschauen, Anfassen und Ausprobieren. Erkunden Sie die alten Ger\u00e4te und Maschinen, mit denen fr\u00fcher in der Landwirtschaft, im Handwerk und im Haushalt gearbeitet wurde. In der Maschinenhalle und der Feldscheune sind landwirtschaftliche Ger\u00e4te (1850 &#8211; 1960) wie M\u00e4hdrescher und Feldbearbeitungsger\u00e4te zu besichtigen.<br \/>\nDie L\u00fctten finden viel Spa\u00df beim Spielen in der Heuspielscheune, entern die Trecker, pfl\u00fcgen mit dem Karrenpflug, wiegen sich auf der Dezimalwaage, drehen den Schleifstein oder mahlen das Korn. Tiere streicheln d\u00fcrfen sie auch, denn auf dem Museumshof Lensahn leben Ziegen, Schweine, H\u00fchner und Hasen artgerecht. Au\u00dferdem bietet der Hof viele l\u00e4ndliche Feste zu verschiedenen Themen wie den Schafmarkt, das Oldtimertreffen und Erntedankfest. In der gem\u00fctlichen Gaststube kommen die Speiseklassiker der Holsteiner K\u00fcche auf den Tisch, frisch und saisonal zubereitet. Genie\u00dfen Sie regionale Leckereien in l\u00e4ndlicher Atmosph\u00e4re in der guten Stube oder bei sch\u00f6nem Wetter auf dem Hofplatz. Schauen Sie mal vorbei und lassen Sie sich einige Jahre zur\u00fcckversetzen. Ge\u00f6ffnet hat der Musemshof t\u00e4glich von 10 bis 18 Uhr.<\/p>\n<p><strong>Eselhof Nessendorf ein Spielparadies f\u00fcr Kinder!<\/strong><br \/>\nEselfohlen streicheln und mit ihnen kuscheln \u2013 das ist nicht nur f\u00fcr die L\u00fctten ein Vergn\u00fcgen. Im begehbaren Freigehege kommt man den etwa 60 Grautieren verschiedener Eselrassen ganz nah und entdeckt auf den ausgestellten Lehrpfaden Wissenswertes \u00fcber sie.<br \/>\nDoch der Esel- &amp; Landspielhof Nessendorf unmittelbar an der Hohwachter Bucht (Wiesengrund 3, 24327 Blekendorf OT Nessendorf) hat f\u00fcr Klein und Gro\u00df noch viel mehr zu bieten. Im neuen Effekt-Kino verfolgen Sie die Geschichte von \u201eMini &amp; XXL\u201c und erleben die aufregende Reise zweier Esel. Weiter im Angebot f\u00fcr kleine Entdecker sind die hydraulischen Minibagger, mit denen Sand verladen werden kann. Ein Kindertraum geht beim Spielen mit dem Original CLAAS M\u00e4hdrescher mit viel Technik und Super-Wellenrutsche in Erf\u00fcllung.<\/p>\n<div id=\"attachment_817\" style=\"width: 1010px\" class=\"wp-caption aligncenter\"><a href=\"https:\/\/infoguide-online.de\/wp-content\/uploads\/2019\/05\/Fohlen-2017Ka\u0308the-2.jpg\"><img loading=\"lazy\" decoding=\"async\" aria-describedby=\"caption-attachment-817\" class=\"size-full wp-image-817\" src=\"https:\/\/infoguide-online.de\/wp-content\/uploads\/2019\/05\/Fohlen-2017Ka\u0308the-2.jpg\" alt=\"\u00a9Esel- &amp; Landspielhof Nessendorf\" width=\"1000\" height=\"666\" srcset=\"https:\/\/infoguide-online.de\/wp-content\/uploads\/2019\/05\/Fohlen-2017Ka\u0308the-2.jpg 1000w, https:\/\/infoguide-online.de\/wp-content\/uploads\/2019\/05\/Fohlen-2017Ka\u0308the-2-300x200.jpg 300w, https:\/\/infoguide-online.de\/wp-content\/uploads\/2019\/05\/Fohlen-2017Ka\u0308the-2-768x511.jpg 768w, https:\/\/infoguide-online.de\/wp-content\/uploads\/2019\/05\/Fohlen-2017Ka\u0308the-2-624x416.jpg 624w\" sizes=\"auto, (max-width: 1000px) 100vw, 1000px\" \/><\/a><p id=\"caption-attachment-817\" class=\"wp-caption-text\">\u00a9Esel- &amp; Landspielhof Nessendorf<\/p><\/div>\n<p>Das ist genau das Richtige f\u00fcr die n\u00e4chste Geburtstagsparty. Im verwunschenen Gartenhaus k\u00f6nnen Kinder mit ihren G\u00e4sten und zwei Lieblingseseln nach Herzenslust feiern. Auf dem Programm steht dann auch das Goldsch\u00fcrfen in der Goldmine. Das geht \u00fcbrigens besonders gut in der Buddelhose.<br \/>\nW\u00e4hrend die Kids so besch\u00e4ftigt sind, genie\u00dfen die Erwachsenen mit Blick auf sie im Kaffeegarten des Hofrestaurants \u201eVier Hufe\u201c leckeren Kuchen. <strong>Tipp:<\/strong> Eine Familien-Jahreskarte kostet 70 Euro. Ge\u00f6ffnet hat der Eselhof bis zum 3. November t\u00e4glich von 10 bis 18, Einlass ist bis 17 Uhr.<\/p>\n<p><strong>Zeittor-Museum und Erlebniscaf\u00e9 Hermannsh\u00f6he<\/strong><\/p>\n<div id=\"attachment_816\" style=\"width: 1010px\" class=\"wp-caption aligncenter\"><a href=\"https:\/\/infoguide-online.de\/wp-content\/uploads\/2019\/05\/Fit-fu\u0308r-Flint-2.jpg\"><img loading=\"lazy\" decoding=\"async\" aria-describedby=\"caption-attachment-816\" class=\"wp-image-816 size-full\" src=\"https:\/\/infoguide-online.de\/wp-content\/uploads\/2019\/05\/Fit-fu\u0308r-Flint-2.jpg\" alt=\"\u00a9Zeittor-Museum\" width=\"1000\" height=\"667\" srcset=\"https:\/\/infoguide-online.de\/wp-content\/uploads\/2019\/05\/Fit-fu\u0308r-Flint-2.jpg 1000w, https:\/\/infoguide-online.de\/wp-content\/uploads\/2019\/05\/Fit-fu\u0308r-Flint-2-300x200.jpg 300w, https:\/\/infoguide-online.de\/wp-content\/uploads\/2019\/05\/Fit-fu\u0308r-Flint-2-768x512.jpg 768w, https:\/\/infoguide-online.de\/wp-content\/uploads\/2019\/05\/Fit-fu\u0308r-Flint-2-624x416.jpg 624w\" sizes=\"auto, (max-width: 1000px) 100vw, 1000px\" \/><\/a><p id=\"caption-attachment-816\" class=\"wp-caption-text\">\u00a9Zeittor-Museum<\/p><\/div>\n<p>Arch\u00e4ologie, Mittelalter und Stadtgeschichte, GPS-Schatzsuche, kostenlose Audioguidef\u00fchrung \u2013 das zeiTTor ist ein echtes Mitmach-Museum. Man kann z. B. wie in der Steinzeit arbeiten: L\u00f6cher in Steine bohren, Getreide mahlen oder mit dem Feuerbohrer arbeiten. Wer mehr wissen m\u00f6chte, macht einfach bei \u201eFit f\u00fcr Flint\u201c mit. Wer ein Ger\u00e4t aus der Steinzeit, eine Versteinerung oder einen interessanten Stein findet, kann ihn in der \u201eArch\u00e4ologischen Sprechstunde\u201c kostenlos bestimmen lassen und mehr \u00fcber ihn erfahren. Zum Fundus des Museums geh\u00f6ren au\u00dfergew\u00f6hnliche arch\u00e4ologische Objekte von der sp\u00e4tmesolithischen Siedlungsstelle \u201eMarienbad\u201c, von der Altsteinzeit bis zur V\u00f6lkerwanderungszeit. Auch Zeugnisse aus der Neust\u00e4dter Stadtgeschichte sind zu betrachten, beispielsweise Exponate aus dem Nachlass des B\u00e4nkels\u00e4ngers Ernst Becker. \u00dcbrigens, Kinder und Jugendliche bis 18 Jahre haben sogar freien Eintritt.<\/p>\n<p><strong>Erlebniscaf\u00e9 Hermannsh\u00f6he<\/strong><br \/>\nNach Ihrer Erkundungstour am Brodtener Steilufer lohnt ein Stopp im Erlebniscaf\u00e9 Hermannsh\u00f6he. Zwischen Niendorf und Travem\u00fcnde, am h\u00f6chsten Punkt des Brodtener Steilufers, f\u00fcgt sich die Hermannsh\u00f6he mit ihrer gro\u00dfz\u00fcgigen Terrasse harmonisch in das Naturschutzgebiet ein und bietet einen traumhaften Blick \u00fcber die L\u00fcbecker Bucht. Dort genie\u00dfen Sie in aller Ruhe die traditionelle Holsteiner K\u00fcche, w\u00e4hrend sich die L\u00fctten auf dem Piratenspielplatz und im Obstgarten am\u00fcsieren. Bei Regenwetter gibt\u2019s auch einen Indoorspielplatz.<\/p>\n<div id=\"attachment_819\" style=\"width: 1010px\" class=\"wp-caption aligncenter\"><a href=\"https:\/\/infoguide-online.de\/wp-content\/uploads\/2019\/05\/hermannsho\u0308he.jpg\"><img loading=\"lazy\" decoding=\"async\" aria-describedby=\"caption-attachment-819\" class=\"size-full wp-image-819\" src=\"https:\/\/infoguide-online.de\/wp-content\/uploads\/2019\/05\/hermannsho\u0308he.jpg\" alt=\"\u00a9Erlebniscaf\u00e9 Hermannsh\u00f6he\" width=\"1000\" height=\"747\" srcset=\"https:\/\/infoguide-online.de\/wp-content\/uploads\/2019\/05\/hermannsho\u0308he.jpg 1000w, https:\/\/infoguide-online.de\/wp-content\/uploads\/2019\/05\/hermannsho\u0308he-300x224.jpg 300w, https:\/\/infoguide-online.de\/wp-content\/uploads\/2019\/05\/hermannsho\u0308he-768x574.jpg 768w, https:\/\/infoguide-online.de\/wp-content\/uploads\/2019\/05\/hermannsho\u0308he-624x466.jpg 624w\" sizes=\"auto, (max-width: 1000px) 100vw, 1000px\" \/><\/a><p id=\"caption-attachment-819\" class=\"wp-caption-text\">\u00a9Erlebniscaf\u00e9 Hermannsh\u00f6he<\/p><\/div>\n<p><a href=\"http:\/\/www.visitsealife.com\">www.visitsealife.com<\/a><br \/>\n<a href=\"http:\/\/www.vogelpark-niendorf.de\">www.vogelpark-niendorf.de<\/a><br \/>\n<a href=\"http:\/\/www.oldenburger-wallmuseum.de\">www.oldenburger-wallmuseum.de<\/a><br \/>\n<a href=\"http:\/\/www.die-hermannshoehe.de\">www.die-hermannshoehe.de<\/a><br \/>\n<a href=\"http:\/\/www.zeittor-neustadt.de\">www.zeittor-neustadt.de<\/a><br \/>\n<a href=\"http:\/\/www.zoo-arche-noah.de\">www.zoo-arche-noah.de<\/a><br \/>\n<a href=\"http:\/\/www.mega-meereswelten.de\">www.mega-meereswelten.de<\/a><br \/>\n<a href=\"http:\/\/www.museumshof-lensahn.de\">www.museumshof-lensahn.de<\/a><br \/>\n<a href=\"http:\/\/www.eselundlandspielhof.de\">www.eselundlandspielhof.de<\/a><\/p>\n","protected":false},"excerpt":{"rendered":"<p>SEA LIFE und Vogelpark In Timmendorfer Strand im SEA LIFE sind Sie und Ihre Kinder den Meeresbewohnern ganz nah. Einige von ihnen lassen sich sogar streicheln. In \u00fcber 38 Becken entdecken Sie mehr als 2.500 Tiere aus verschiedenen Regionen der Erde. Neben der Welt der Fische k\u00f6nnen Sie auch ins Reich der Krebse eintauchen. Tipp: [&hellip;]<\/p>\n","protected":false},"author":1,"featured_media":0,"parent":7,"menu_order":10,"comment_status":"closed","ping_status":"closed","template":"","meta":{"footnotes":""},"class_list":["post-600","page","type-page","status-publish","hentry"],"_links":{"self":[{"href":"https:\/\/infoguide-online.de\/index.php?rest_route=\/wp\/v2\/pages\/600","targetHints":{"allow":["GET"]}}],"collection":[{"href":"https:\/\/infoguide-online.de\/index.php?rest_route=\/wp\/v2\/pages"}],"about":[{"href":"https:\/\/infoguide-online.de\/index.php?rest_route=\/wp\/v2\/types\/page"}],"author":[{"embeddable":true,"href":"https:\/\/infoguide-online.de\/index.php?rest_route=\/wp\/v2\/users\/1"}],"replies":[{"embeddable":true,"href":"https:\/\/infoguide-online.de\/index.php?rest_route=%2Fwp%2Fv2%2Fcomments&post=600"}],"version-history":[{"count":6,"href":"https:\/\/infoguide-online.de\/index.php?rest_route=\/wp\/v2\/pages\/600\/revisions"}],"predecessor-version":[{"id":829,"href":"https:\/\/infoguide-online.de\/index.php?rest_route=\/wp\/v2\/pages\/600\/revisions\/829"}],"up":[{"embeddable":true,"href":"https:\/\/infoguide-online.de\/index.php?rest_route=\/wp\/v2\/pages\/7"}],"wp:attachment":[{"href":"https:\/\/infoguide-online.de\/index.php?rest_route=%2Fwp%2Fv2%2Fmedia&parent=600"}],"curies":[{"name":"wp","href":"https:\/\/api.w.org\/{rel}","templated":true}]}}