{"id":603,"date":"2018-04-26T07:44:19","date_gmt":"2018-04-26T06:44:19","guid":{"rendered":"http:\/\/infoguide-online.de\/?page_id=603"},"modified":"2020-09-02T14:10:07","modified_gmt":"2020-09-02T13:10:07","slug":"natur-pur-die-poenitzer-seenplatte","status":"publish","type":"page","link":"https:\/\/infoguide-online.de\/?page_id=603","title":{"rendered":"Natur pur &#8211; Die P\u00f6nitzer Seenplatte"},"content":{"rendered":"<p><strong>Gar nicht weit vom quirligen Ostseestrand Scharbeutz finden Naturfreunde eine idyllische Seenlandschaft der besonderen Art. Die P\u00f6nitzer Seenplatte mit Gro\u00dfem und Kleinem P\u00f6nitzer See und dem Taschensee ist umgeben von Buchenw\u00e4ldern und der Scharbeutzer Heide. In den Sommermonaten laden die Seen zum Baden fernab des Trubels ein. Am Gro\u00dfen P\u00f6nitzer See stehen Ihnen zwei Wasserzug\u00e4nge zur Verf\u00fcgung. Die Badeanstalt am Klingberg eignet sich wunderbar f\u00fcr Familien auch mit kleinen Kindern, denn der Abschnitt wird von der DLRG bewacht. Ge\u00fcbtere Schwimmer w\u00e4hlen den Zugang \u00fcber den kleinen Steg am Haus des<\/strong><br \/>\n<strong>Gastes in Klinberg oder gelangen \u00fcber den Weg am Campinplatz zum Badevergn\u00fcgen.<\/strong><\/p>\n<div id=\"attachment_604\" style=\"width: 843px\" class=\"wp-caption aligncenter\"><a href=\"https:\/\/infoguide-online.de\/wp-content\/uploads\/2018\/04\/Po\u0308nitzer-See-c-www.luebecker-bucht-ostsee.de_.jpg\"><img loading=\"lazy\" decoding=\"async\" aria-describedby=\"caption-attachment-604\" class=\"size-full wp-image-604\" src=\"https:\/\/infoguide-online.de\/wp-content\/uploads\/2018\/04\/Po\u0308nitzer-See-c-www.luebecker-bucht-ostsee.de_.jpg\" alt=\"\u00a9 Foto: www.luebecker-bucht-ostsee.de\" width=\"833\" height=\"500\" srcset=\"https:\/\/infoguide-online.de\/wp-content\/uploads\/2018\/04\/Po\u0308nitzer-See-c-www.luebecker-bucht-ostsee.de_.jpg 833w, https:\/\/infoguide-online.de\/wp-content\/uploads\/2018\/04\/Po\u0308nitzer-See-c-www.luebecker-bucht-ostsee.de_-300x180.jpg 300w, https:\/\/infoguide-online.de\/wp-content\/uploads\/2018\/04\/Po\u0308nitzer-See-c-www.luebecker-bucht-ostsee.de_-768x461.jpg 768w, https:\/\/infoguide-online.de\/wp-content\/uploads\/2018\/04\/Po\u0308nitzer-See-c-www.luebecker-bucht-ostsee.de_-624x375.jpg 624w\" sizes=\"auto, (max-width: 833px) 100vw, 833px\" \/><\/a><p id=\"caption-attachment-604\" class=\"wp-caption-text\">\u00a9 Foto: www.luebecker-bucht-ostsee.de<\/p><\/div>\n<p>Wer lieber wandern oder radeln m\u00f6chte, ist ebenso herzlich willkommen und findet gut gepflegte Wege vor. Immer wieder erhaschen Sie von dort aus Blicke auf die glitzernden Seen. Unter schattigen B\u00e4umen l\u00e4sst es sich prima mit Freunden und der Familie bei einer Pause picknicken. Seit 2003 sind gro\u00dfe Teile der Fl\u00e4chen als Landschaftsschutzgebiet P\u00f6nitzer Seenplatte und Haffwiesen besonders gesch\u00fctzt. Wussten Sie schon, dass der Kleine P\u00f6nitzer See \u00fcber die G\u00f6sebeck mit der Ostsee in Verbindung steht? Auch gibt es einen Zugang zwischen dem Taschensee und dem Kleinen P\u00f6nitzer See \u00fcber den k\u00fcnstlich angelegten D\u00e4nischen Graben. Auf dessen Grund verl\u00e4uft eine Rohrleitung, die den Wasserstand des Taschensees reguliert.<\/p>\n<p>Es gibt viel Platz zum Entspannen, Sport treiben oder um einfach an einem See zu sitzen und den V\u00f6geln zuzuschauen. Das Landschaftsschutzgebiet hat eine Gr\u00f6\u00dfe von etwa 2750 Hektar und umfasst neben den Seen das Luschendorfer, das Sch\u00fcrsdorfer und das S\u00fcseler Moor. Platz nicht nur f\u00fcr menschliche G\u00e4ste, sondern auch f\u00fcr viele zum Teil seltene Tiere und Pflanzen. Wer gern mit dem Boot unterwegs ist, kann die Landschaften vom Wasser aus entdecken. M\u00f6chten Sie gleich etwas l\u00e4nger bleiben, so finden Sie vor Ort sch\u00f6ne Ferienunterk\u00fcnfte, die teils direkt an den Seen liegen. Auch Campern bietet das Gebiet rund um die Seen vielf\u00e4ltige M\u00f6glichkeiten mit allem modernen Komfort in ruhiger Natur. Zur Abwechslung, wenn Sie einen Badetag am Meer einlegen wollen, sind Sie in kurzer Zeit an der Ostsee. Auch gr\u00f6\u00dfere St\u00e4dte wie die Hansestadt L\u00fcbeck sind nur einen Katzensprung entfernt.<\/p>\n<p>Die P\u00f6nitzer Seenplatte bietet mit ihrer abwechslungsreichen Natur eine F\u00fclle an Freizeitm\u00f6glichkeiten. Auch f\u00fcr Angler ist sie eine Reise wert. In den Gew\u00e4ssern leben Hecht, Zander, Barsch, Aal, Brassen und Rotaugen. Zudem finden Naturfreunde, die ihren Hund mitbringen m\u00f6chten, in der Region neben den Hundestr\u00e4nden einen gro\u00dfen Hundeauslauf in der Scharbeutzer Heide. Das eingez\u00e4unte Freigel\u00e4nde ist 18 Hektar gro\u00df und hat so viel Platz zum Toben, Schnuppern und Spielen mit Artgenossen ganz ohne Leine.<\/p>\n<p>Infos zum Hundeauslauf und der Seenplatte finden Sie unter <a href=\"http:\/\/www.hundeauslauf-scharbeutz.de\">www.hundeauslauf-scharbeutz.de <\/a>und <a href=\"http:\/\/www.luebecker-bucht-ostsee.de\">www.luebecker-bucht-ostsee.de<\/a>.<\/p>\n","protected":false},"excerpt":{"rendered":"<p>Gar nicht weit vom quirligen Ostseestrand Scharbeutz finden Naturfreunde eine idyllische Seenlandschaft der besonderen Art. Die P\u00f6nitzer Seenplatte mit Gro\u00dfem und Kleinem P\u00f6nitzer See und dem Taschensee ist umgeben von Buchenw\u00e4ldern und der Scharbeutzer Heide. In den Sommermonaten laden die Seen zum Baden fernab des Trubels ein. Am Gro\u00dfen P\u00f6nitzer See stehen Ihnen zwei Wasserzug\u00e4nge [&hellip;]<\/p>\n","protected":false},"author":1,"featured_media":0,"parent":7,"menu_order":10,"comment_status":"closed","ping_status":"closed","template":"","meta":{"footnotes":""},"class_list":["post-603","page","type-page","status-publish","hentry"],"_links":{"self":[{"href":"https:\/\/infoguide-online.de\/index.php?rest_route=\/wp\/v2\/pages\/603","targetHints":{"allow":["GET"]}}],"collection":[{"href":"https:\/\/infoguide-online.de\/index.php?rest_route=\/wp\/v2\/pages"}],"about":[{"href":"https:\/\/infoguide-online.de\/index.php?rest_route=\/wp\/v2\/types\/page"}],"author":[{"embeddable":true,"href":"https:\/\/infoguide-online.de\/index.php?rest_route=\/wp\/v2\/users\/1"}],"replies":[{"embeddable":true,"href":"https:\/\/infoguide-online.de\/index.php?rest_route=%2Fwp%2Fv2%2Fcomments&post=603"}],"version-history":[{"count":2,"href":"https:\/\/infoguide-online.de\/index.php?rest_route=\/wp\/v2\/pages\/603\/revisions"}],"predecessor-version":[{"id":941,"href":"https:\/\/infoguide-online.de\/index.php?rest_route=\/wp\/v2\/pages\/603\/revisions\/941"}],"up":[{"embeddable":true,"href":"https:\/\/infoguide-online.de\/index.php?rest_route=\/wp\/v2\/pages\/7"}],"wp:attachment":[{"href":"https:\/\/infoguide-online.de\/index.php?rest_route=%2Fwp%2Fv2%2Fmedia&parent=603"}],"curies":[{"name":"wp","href":"https:\/\/api.w.org\/{rel}","templated":true}]}}