{"id":609,"date":"2018-04-26T07:54:34","date_gmt":"2018-04-26T06:54:34","guid":{"rendered":"http:\/\/infoguide-online.de\/?page_id=609"},"modified":"2020-09-02T14:11:32","modified_gmt":"2020-09-02T13:11:32","slug":"oh-wie-sueueuess-fuer-kleine-ostsee-und-strandforscher","status":"publish","type":"page","link":"https:\/\/infoguide-online.de\/?page_id=609","title":{"rendered":"Oh, wie s\u00fc\u00fc\u00fc\u00df!"},"content":{"rendered":"<p><strong>F\u00fcr kleine Ostsee- und Strandforscher<\/strong><\/p>\n<p><strong>Steffi ist Ostsee-Expertin und kommt jedes Jahr in den Sommerferien mit ihren Eltern an die L\u00fcbecker Bucht. \u201eLangweilig wird das nie, immer gibt\u2019s was Neues zu entdecken\u201c, sagt sie und fischt eine Babyohrenqualle aus dem Wasser. \u201eIst die nicht s\u00fc\u00df?\u201c Steffi will Meeresbiologin werden, das wei\u00df sie schon ganz genau. Und weil sie sich ganz gut auskennt bei uns an der Ostsee, erkl\u00e4rt sie euch, wo kleine und gro\u00dfe Forscher f\u00fcndig werden.<\/strong><\/p>\n<div id=\"attachment_610\" style=\"width: 843px\" class=\"wp-caption aligncenter\"><a href=\"https:\/\/infoguide-online.de\/wp-content\/uploads\/2018\/04\/Aquaskop-Tour_Svenja-Beilfusswww.undine-baltic.eu_.jpg\"><img loading=\"lazy\" decoding=\"async\" aria-describedby=\"caption-attachment-610\" class=\"size-full wp-image-610\" src=\"https:\/\/infoguide-online.de\/wp-content\/uploads\/2018\/04\/Aquaskop-Tour_Svenja-Beilfusswww.undine-baltic.eu_.jpg\" alt=\"Aquaskop-Tour \u00a9Svenja Beilfuss-www.undine-baltic.eu\" width=\"833\" height=\"500\" srcset=\"https:\/\/infoguide-online.de\/wp-content\/uploads\/2018\/04\/Aquaskop-Tour_Svenja-Beilfusswww.undine-baltic.eu_.jpg 833w, https:\/\/infoguide-online.de\/wp-content\/uploads\/2018\/04\/Aquaskop-Tour_Svenja-Beilfusswww.undine-baltic.eu_-300x180.jpg 300w, https:\/\/infoguide-online.de\/wp-content\/uploads\/2018\/04\/Aquaskop-Tour_Svenja-Beilfusswww.undine-baltic.eu_-768x461.jpg 768w, https:\/\/infoguide-online.de\/wp-content\/uploads\/2018\/04\/Aquaskop-Tour_Svenja-Beilfusswww.undine-baltic.eu_-624x375.jpg 624w\" sizes=\"auto, (max-width: 833px) 100vw, 833px\" \/><\/a><p id=\"caption-attachment-610\" class=\"wp-caption-text\">Aquaskop-Tour \u00a9Svenja Beilfuss-www.undine-baltic.eu<\/p><\/div>\n<p>Habt Ihr schon mal eine Seenadel gesehen? Es gibt kleine und gro\u00dfe Seenadel-Arten, aber die sehen fast alle gleich aus. Sie haben so einen langgestreckten K\u00f6rper und sind mit den Seepferdchen verwandt. Das k\u00f6nnt ihr an ihrem Kopf auch richtig sehen, denn der ist r\u00f6hrenf\u00f6rmig. Es gibt auch Grasnadeln. Die k\u00f6nnen bis zu 30 Zentimeter lang werden. Alle Arten fressen kleine Krebse, Fischeier und -larven. Die saugen sie schwuppdiwupp aus dem Wasser einfach auf.<\/p>\n<p>Furchtbar gern mag ich auch Quallen. Sie schweben so sanft durchs Meer und sehen dabei wundersch\u00f6n aus. Wusstet ihr, dass die Ohrenquallen auch Nesselkapseln an ihren Tentakeln haben? Aber die sind f\u00fcr uns nicht giftig, nur f\u00fcr Fischlarven und Ruderfu\u00dfkrebse, ihre Leibspeisen. Aufpassen m\u00fcsst ihr bei der Gelben Haarqualle, die man auch Feuerqualle nennt. Zum Gl\u00fcck ist die mit ihrer auff\u00e4lligen M\u00e4hne gleich zu erkennen. Im letzten Sommer habe ich bei einer Ostsee-Unterwassersafari mitgemacht. Das war einfach supertoll und dieses Jahr bin ich garantiert wieder dabei. Los geht es beim BUND Umwelthaus Neust\u00e4dter Bucht. Dabei gibt\u2019s beim Schnorcheln so viel zu entdecken\u2013\u00a0 schillernde Fischschw\u00e4rme, wundersch\u00f6ne Seegraswiesen und auch Seenadeln. W\u00e4hrend der Safari betreut euch eine Meeresbiologin, die euch anschlie\u00dfend alles erkl\u00e4rt, was ihr gesehen habt. \u00dcbrigens, das Projekt nennt sich \u201eUNDINE II\u201c und ist ein deutsch-d\u00e4nisches Interreg-Projekt. Im Juli und August gibt es Termine.<\/p>\n<p>Das Jugendschwimmabzeichen in Bronze solltet ihr daf\u00fcr haben und 12 bis 18 Jahre alt sein. Meldet euch rechtzeitig per E-Mail daf\u00fcr an: svenja.beilfuss@bund-sh.de.<br \/>\nAuch f\u00fcr kleinere Kinder (9 bis 12 Jahre) gibt es im Juli und August spannende Touren beim Umwelthaus in Neustadt. Die nennen sich Ostsee-Entdeckertour. Wenn ihr das Seepferdchen habt, k\u00f6nnt ihr daran teilnehmen. Mit einem Unterwasser-Sichtger\u00e4t (Aquaskop) sind viele Meeresbewohner ganz toll zu sehen. Auch hier schreibt ihr einfach eine E-Mail an svenja.beilfuss@bund-sh.de zur Anmeldung.<\/p>\n<p><strong>Kescherkinder aufgepasst!<\/strong><br \/>\nDie Ostsee entdecken k\u00f6nnt ihr an unterschiedlichen Orten an der L\u00fcbecker Bucht. In Travem\u00fcnde gibt\u2019s die Ostseestation, die im letzten Jahr nicht ge\u00f6ffnet hatte, ab April aber wieder. Da werde ich auch mal mit meinen Eltern hinfahren, denn dort werden Kescher-Exkursionen im Passathafen (\u00fcbrigens, guckt euch unbedingt die Passat mal von innen an) angeboten. Ihr bekommt nicht nur Kescher, sondern auch Planktonnetze und Senken f\u00fcr kleine Fische. F\u00fcr Forscherkinder ist das ganz prima. Danach wird alles besprochen, damit ihr auch wisst, was euch ins Netz gegangen ist. Anschlie\u00dfend geht\u2019s wieder in die Freiheit damit. Habt ihr das Seepferdchen-Abzeichen? Dann k\u00f6nnt ihr mitmachen und eure Eltern nat\u00fcrlich auch.<br \/>\nNoch was Tolles ist in der Ostseestation zu entdecken: In den Oster-, Sommer- und Herbstferien gibt es Mikroskopierkurse im Ostseelabor. Da k\u00f6nnt ihr euch Plankton angucken, mit dem Binokular Seepocken beim Nahrungsfang und erforschen, was so alles auf der Miesmuschel lebt. Meldet euch telefonisch unter 04502 308705 bei der Ostseestation an und fragt nach den Terminen.<\/p>\n<p>Kann man aus Feuersteinen wirklich Feuer machen und piksen Seenadeln? So viele Fragen habe ich immer. Antworten habe ich schon ganz viele bekommen, auch in den anderen D\u00f6rfern an der K\u00fcste. Da gibt\u2019s auch Strand-Entdeckertouren. Wir haben mit Keschern kleine Fische gefangen und sie in Becherlupen und Aquarien beobachtet. Bei der Tourist-Info in Scharbeutz und Pelzerhaken sagt man euch, wann die Termine sind. Und wenn ihr gar nicht warten k\u00f6nnt, leiht euch doch einfach einen Strandentdecker-Beutel aus und geht mit euren Freunden selbst auf Forschungsreise. Das macht auch Spa\u00df. Ich halte immer Ausschau nach meinen Lieblingsmuscheln. Die sind ganz klein und rosafarben. Ihr m\u00fcsst vorsichtig mit ihr sein, sie ist leicht zerbrechlich, sieht aber wundersch\u00f6n aus. Sie hei\u00dft Baltische Plattmuschel oder Rote Bohne. Zur ihrer Nahrung geh\u00f6ren eingestrudelte organische Schwebeteilchen. Sie ern\u00e4hrt sich aber auch von Pflanzenteilchen, die sie mit ihrem Einstr\u00f6msipho (nennt man so, m\u00fcsst ihr mal googeln) abknabbert. Um sich vor Feinden zu sch\u00fctzen, kann sie sich tief in den Sandboden eingraben.<\/p>\n<p>Wenn ihr euch daf\u00fcr interessiert, welche Fische es hier gibt und \u00fcberhaupt etwas \u00fcber Fischfang wissen wollt, fahrt nach Haffkrug. Da gibt es F\u00fchrungen mit einem echten Fischer und auch einen Fischereilehrpfad. Im letzten Jahr habe ich auch eine ganz spannende Wiesensafari in Rettin mitgemacht. Was da so alles herumkrabbelt, kaum zu glauben. Wer auch an Regentagen forschen m\u00f6chte, f\u00fcr den habe ich noch ein paar Webadressen angef\u00fcgt.<\/p>\n<p><a href=\"http:\/\/www.undine-baltic.eu\">www.undine-baltic.eu<\/a><br \/>\n<a href=\"http:\/\/www.bund-umwelthaus.de\">www.bund-umwelthaus.de<\/a><br \/>\n<a href=\"http:\/\/www.ostseestation-priwall.de\">www.ostseestation-priwall.de<\/a><br \/>\n<a href=\"http:\/\/www.luebecker-bucht-ostsee.de\">www.luebecker-bucht-ostsee.de<\/a><br \/>\n<a href=\"http:\/\/www.ostseeerlebniswelt.de\">www.ostseeerlebniswelt.de<\/a><br \/>\n<a href=\"http:\/\/www.meereszentrum.de\">www.meereszentrum.de<\/a><br \/>\n<a href=\"http:\/\/www.visitsealife.com\">www.visitsealife.com<\/a><\/p>\n","protected":false},"excerpt":{"rendered":"<p>F\u00fcr kleine Ostsee- und Strandforscher Steffi ist Ostsee-Expertin und kommt jedes Jahr in den Sommerferien mit ihren Eltern an die L\u00fcbecker Bucht. \u201eLangweilig wird das nie, immer gibt\u2019s was Neues zu entdecken\u201c, sagt sie und fischt eine Babyohrenqualle aus dem Wasser. \u201eIst die nicht s\u00fc\u00df?\u201c Steffi will Meeresbiologin werden, das wei\u00df sie schon ganz genau. [&hellip;]<\/p>\n","protected":false},"author":1,"featured_media":0,"parent":7,"menu_order":10,"comment_status":"closed","ping_status":"closed","template":"","meta":{"footnotes":""},"class_list":["post-609","page","type-page","status-publish","hentry"],"_links":{"self":[{"href":"https:\/\/infoguide-online.de\/index.php?rest_route=\/wp\/v2\/pages\/609","targetHints":{"allow":["GET"]}}],"collection":[{"href":"https:\/\/infoguide-online.de\/index.php?rest_route=\/wp\/v2\/pages"}],"about":[{"href":"https:\/\/infoguide-online.de\/index.php?rest_route=\/wp\/v2\/types\/page"}],"author":[{"embeddable":true,"href":"https:\/\/infoguide-online.de\/index.php?rest_route=\/wp\/v2\/users\/1"}],"replies":[{"embeddable":true,"href":"https:\/\/infoguide-online.de\/index.php?rest_route=%2Fwp%2Fv2%2Fcomments&post=609"}],"version-history":[{"count":2,"href":"https:\/\/infoguide-online.de\/index.php?rest_route=\/wp\/v2\/pages\/609\/revisions"}],"predecessor-version":[{"id":660,"href":"https:\/\/infoguide-online.de\/index.php?rest_route=\/wp\/v2\/pages\/609\/revisions\/660"}],"up":[{"embeddable":true,"href":"https:\/\/infoguide-online.de\/index.php?rest_route=\/wp\/v2\/pages\/7"}],"wp:attachment":[{"href":"https:\/\/infoguide-online.de\/index.php?rest_route=%2Fwp%2Fv2%2Fmedia&parent=609"}],"curies":[{"name":"wp","href":"https:\/\/api.w.org\/{rel}","templated":true}]}}