{"id":612,"date":"2018-04-26T08:01:08","date_gmt":"2018-04-26T07:01:08","guid":{"rendered":"http:\/\/infoguide-online.de\/?page_id=612"},"modified":"2020-09-02T14:09:12","modified_gmt":"2020-09-02T13:09:12","slug":"mein-glueckstagebuch","status":"publish","type":"page","link":"https:\/\/infoguide-online.de\/?page_id=612","title":{"rendered":"Mein Gl\u00fcckstagebuch"},"content":{"rendered":"<p><strong>Das muss ich euch unbedingt erz\u00e4hlen. Ich hei\u00dfe Susanne, bin 10 Jahre alt und <\/strong><strong>wohne mit meinen Eltern im K\u00f6lner Stadtteil L\u00f6venich. F\u00fcr meine Ferien im Sommer <\/strong><strong>an der Ostsee habe ich mir extra ein neues Tagebuch mit Schloss gekauft. <\/strong><strong>Ich find\u2019s sooo toll an der L\u00fcbecker Bucht.<\/strong><\/p>\n<div id=\"attachment_613\" style=\"width: 843px\" class=\"wp-caption aligncenter\"><a href=\"https:\/\/infoguide-online.de\/wp-content\/uploads\/2018\/04\/Depositphotos_151848580_original.jpg\"><img loading=\"lazy\" decoding=\"async\" aria-describedby=\"caption-attachment-613\" class=\"size-full wp-image-613\" src=\"https:\/\/infoguide-online.de\/wp-content\/uploads\/2018\/04\/Depositphotos_151848580_original.jpg\" alt=\"\u00a9Yaruta - depositphotos.com\" width=\"833\" height=\"500\" srcset=\"https:\/\/infoguide-online.de\/wp-content\/uploads\/2018\/04\/Depositphotos_151848580_original.jpg 833w, https:\/\/infoguide-online.de\/wp-content\/uploads\/2018\/04\/Depositphotos_151848580_original-300x180.jpg 300w, https:\/\/infoguide-online.de\/wp-content\/uploads\/2018\/04\/Depositphotos_151848580_original-768x461.jpg 768w, https:\/\/infoguide-online.de\/wp-content\/uploads\/2018\/04\/Depositphotos_151848580_original-624x375.jpg 624w\" sizes=\"auto, (max-width: 833px) 100vw, 833px\" \/><\/a><p id=\"caption-attachment-613\" class=\"wp-caption-text\">\u00a9Yaruta &#8211; depositphotos.com<\/p><\/div>\n<p>Dienstag, 4:30 Uhr. Mama weckt mich und sagt: \u201eMoin, mein Schatz!\u201c. Wir wollen den Sonnenaufgang erleben. Heute nur Katzenw\u00e4sche und gleich ans Meer. Einfach cool, wie der rote Sonnenball den Himmel hinaufklettert.<\/p>\n<p>7:30 Uhr: Fr\u00fchst\u00fcck am Strand. Da haben sie extra einen Tisch aufgebaut f\u00fcr viele Leute. Es gibt knusprige Br\u00f6tchen, aber das Beste ist, dass ich gleich neue Freunde gefunden habe. Benni, Tini und Benjamin, die nennen ihn alle Benji, wohnen ganz in der N\u00e4he. Sie haben auf einem Campingplatz son supersch\u00f6nes H\u00e4uschen gemietet.<\/p>\n<p>10:15 Uhr: Ich bin schon ganz aufgeregt. Unser Surfkurs beginnt. Nat\u00fcrlich bin ich immer wieder ins Wasser geplatscht. Aber, macht nix, es hat ja nicht wehgetan. Unser Surflehrer hat gesagt, wir sollen einfach wieder aufs Board.<\/p>\n<p>13:15 Uhr: Jetzt hab ich aber echt Hunger. Mit Mama und Papa geht es in mein Lieblingsrestaurant. Das kennen wir schon von unseren fr\u00fcheren Ostseebesuchen. Da bestell ich immer Pizza mit extra viel K\u00e4se und Rhabarberschorle. Das Restaurant ist direkt am Strand und wir k\u00f6nnen aufs Meer mit den wei\u00dfen Segelschiffen gucken. Mama nimmt oft Fisch. Sie sagt, \u201eso frisch kriegt man den bei uns nicht.\u201c Ich find Fisch nicht so toll, nur Krabben mag ich. Aber das sind auch keine Fische, sondern Krebse. Zum Nachtisch gibt es ein Eis. Ich liebe Eis, vor allem Schokolade und Brombeere. Papa darf im Moment nicht so viel Eis essen. Er muss abnehmen und ganz viel Sport machen.<\/p>\n<p>14:45 Uhr: Es ist richtig hei\u00df geworden und Mama und Papa drehen unseren Strandkorb in den Schatten. Sie m\u00fcssen sich erstmal ausruhen, Nachrichten checken und so. Ich hab zwar auch ein Handy, aber find es total bl\u00f6d, da immer drauf zu gucken. Da lauf ich lieber ans Wasser und schau mal, ob meine Freunde schon da sind. Wir wollen n\u00e4mlich unsere Sandburg mit Muscheln und Steinen verzieren. Ich hab auch noch Murmeln mitgebracht. Die glitzern so sch\u00f6n, wenn die Sonne drauf scheint.<br \/>\n17:30: Uhr. Wir wollen nach Niendorf an den Hafen und haben uns Fahrr\u00e4der ausgeliehen. Papa und ich, wir lieben den kleinen Hafen mit den Fischkuttern. Davon hab ich auch schon mal ein tolles Bild gemalt. Wir setzen uns auf eine Bank und schauen den B\u00f6tchen zu, wie sie vor sich hinschaukeln und den M\u00f6wen, die sich um Brotreste zanken. Nat\u00fcrlich essen Mama und Papa ein Fischbr\u00f6tchen und ich eins mit leckeren Krabben.<\/p>\n<p>20:50: Uhr. Sooo m\u00fcde. Ich hab aber noch eine Liste gemacht und aufgeschrieben, was ich alles in den Ferien machen m\u00f6chte: nat\u00fcrlich in den Hansapark gehen, Schimpansen besuchen im Gr\u00f6mitzer Zoo, Fische angucken im Sea Life und unbedingt richtig surfen lernen. Jetzt muss ich schlafen, tsch\u00fcss Tagebuch!<\/p>\n<p>Tsch\u00fcss,<br \/>\nEure\u00a0 Susanne<\/p>\n","protected":false},"excerpt":{"rendered":"<p>Das muss ich euch unbedingt erz\u00e4hlen. Ich hei\u00dfe Susanne, bin 10 Jahre alt und wohne mit meinen Eltern im K\u00f6lner Stadtteil L\u00f6venich. F\u00fcr meine Ferien im Sommer an der Ostsee habe ich mir extra ein neues Tagebuch mit Schloss gekauft. Ich find\u2019s sooo toll an der L\u00fcbecker Bucht. Dienstag, 4:30 Uhr. Mama weckt mich und [&hellip;]<\/p>\n","protected":false},"author":1,"featured_media":0,"parent":7,"menu_order":10,"comment_status":"closed","ping_status":"closed","template":"","meta":{"footnotes":""},"class_list":["post-612","page","type-page","status-publish","hentry"],"_links":{"self":[{"href":"https:\/\/infoguide-online.de\/index.php?rest_route=\/wp\/v2\/pages\/612","targetHints":{"allow":["GET"]}}],"collection":[{"href":"https:\/\/infoguide-online.de\/index.php?rest_route=\/wp\/v2\/pages"}],"about":[{"href":"https:\/\/infoguide-online.de\/index.php?rest_route=\/wp\/v2\/types\/page"}],"author":[{"embeddable":true,"href":"https:\/\/infoguide-online.de\/index.php?rest_route=\/wp\/v2\/users\/1"}],"replies":[{"embeddable":true,"href":"https:\/\/infoguide-online.de\/index.php?rest_route=%2Fwp%2Fv2%2Fcomments&post=612"}],"version-history":[{"count":1,"href":"https:\/\/infoguide-online.de\/index.php?rest_route=\/wp\/v2\/pages\/612\/revisions"}],"predecessor-version":[{"id":614,"href":"https:\/\/infoguide-online.de\/index.php?rest_route=\/wp\/v2\/pages\/612\/revisions\/614"}],"up":[{"embeddable":true,"href":"https:\/\/infoguide-online.de\/index.php?rest_route=\/wp\/v2\/pages\/7"}],"wp:attachment":[{"href":"https:\/\/infoguide-online.de\/index.php?rest_route=%2Fwp%2Fv2%2Fmedia&parent=612"}],"curies":[{"name":"wp","href":"https:\/\/api.w.org\/{rel}","templated":true}]}}