{"id":615,"date":"2018-04-26T08:04:13","date_gmt":"2018-04-26T07:04:13","guid":{"rendered":"http:\/\/infoguide-online.de\/?page_id=615"},"modified":"2020-09-02T14:11:42","modified_gmt":"2020-09-02T13:11:42","slug":"coole-tipps-fuer-sportskanonen-vom-radeln-ueber-segway-fahren-bis-zum-klettern","status":"publish","type":"page","link":"https:\/\/infoguide-online.de\/?page_id=615","title":{"rendered":"Schalt mal den Gang rein!"},"content":{"rendered":"<p><strong>Radeln an der L\u00fcbecker Bucht ist immer ein tolles Erlebnis. Wer sich gern in der Natur<br \/>\nbewegt, den Blick auf die Ostsee sch\u00e4tzt und sich den Seewind um die Nase wehen<br \/>\nlassen m\u00f6chte, ist hier genau richtig. Sch\u00f6nste Radwege, die direkt an der K\u00fcste<br \/>\nentlangf\u00fchren von Travem\u00fcnde bis Fehmarn bieten immer wieder wundersch\u00f6ne<br \/>\nAusblicke aufs Meer und die Region. Auch Radtouren ins Achterland durch Feld, Wald<br \/>\nund Wiesen sind in der h\u00fcgeligen holsteinischen Schweiz ein Genuss. <\/strong><\/p>\n<div id=\"attachment_813\" style=\"width: 1010px\" class=\"wp-caption aligncenter\"><a href=\"https:\/\/infoguide-online.de\/wp-content\/uploads\/2019\/05\/radfahren-steilkueste-clique-sommer-copyright-tsg.jpg\"><img loading=\"lazy\" decoding=\"async\" aria-describedby=\"caption-attachment-813\" class=\"wp-image-813 size-full\" src=\"https:\/\/infoguide-online.de\/wp-content\/uploads\/2019\/05\/radfahren-steilkueste-clique-sommer-copyright-tsg.jpg\" alt=\"\u00a9TSG \" width=\"1000\" height=\"667\" srcset=\"https:\/\/infoguide-online.de\/wp-content\/uploads\/2019\/05\/radfahren-steilkueste-clique-sommer-copyright-tsg.jpg 1000w, https:\/\/infoguide-online.de\/wp-content\/uploads\/2019\/05\/radfahren-steilkueste-clique-sommer-copyright-tsg-300x200.jpg 300w, https:\/\/infoguide-online.de\/wp-content\/uploads\/2019\/05\/radfahren-steilkueste-clique-sommer-copyright-tsg-768x512.jpg 768w, https:\/\/infoguide-online.de\/wp-content\/uploads\/2019\/05\/radfahren-steilkueste-clique-sommer-copyright-tsg-624x416.jpg 624w\" sizes=\"auto, (max-width: 1000px) 100vw, 1000px\" \/><\/a><p id=\"caption-attachment-813\" class=\"wp-caption-text\">\u00a9TSG<\/p><\/div>\n<p>An den Tourismus-Points erhalten Sie viele Tipps und zum Teil kostenlose Radkarten mit abwechslungsreichen Touren. Ebenso kulturelle Highlights am Wegesrand sind aufger\u00fchrt. Infos gibt es au\u00dferdem zu Verleihstationen, die nat\u00fcrlich auch E-Bikes f\u00fcr Sie im Angebot haben. Zudem finden in der Umgebung unterschiedliche Fahrrad-Events statt, die es lohnen mitzumachen.<br \/>\nEine sch\u00f6ne Familientour f\u00fchrt zum Beispiel von Timmendorfer Strand \u00fcber Scharbeutz bis zum P\u00f6nitzer See und wieder zur\u00fcck an den Strand. Fahren Sie gem\u00fctlich \u00fcber die Promenade am Meer entlang bis nach Haffkrug. Von dort geht\u2019s ins Binnenland bis an den P\u00f6nitzer See, wo Sie nach einem erfrischenden Bad prima ein Picknick im Gr\u00fcnen veranstalten k\u00f6nnen.<br \/>\nWer sich Zeit nehmen m\u00f6chte, dem empfehlen wir den Ostseek\u00fcstenradweg von Flensburg bis nach Travem\u00fcnde. Mal haben Sie die Ostsee im Blick, mal radeln Sie an bewaldeten Steilufern entlang oder durch das gr\u00fcne Hinterland. Entdecken Sie alte Fischerd\u00f6rfer und pulsierende Hafenst\u00e4dte. Nachdem Sie Station in Eckernf\u00f6rde, Laboe und Kiel gemacht haben, fahren Sie auf die Sonneninsel Fehmarn zu. Ihr weiterer Weg f\u00fchrt Sie durch traditionsreiche Urlaubsorte wie Gr\u00f6mitz, das Hafenst\u00e4dtchen Neustadt in Holstein und Sierksdorf. Von dort geht\u2019s direkt am Strand weiter nach Scharbeutz und Timmendorfer Strand bis nach Travem\u00fcnde.<br \/>\nTipp: Verschiedene leichte bis mittelschwere Entdecker-Touren bietet zum Beispiel im Fr\u00fchjahr und Sommer die Tourismus-Agentur L\u00fcbecker Bucht an. Unter der Leitung eines erfahrenen Guides radeln Sie entlang der K\u00fcste und auf ruhigen Nebenwegen. Entdecken Sie die wundersch\u00f6ne ostholsteinische Landschaft mit historischen Geb\u00e4uden und St\u00e4tten und erfahren Sie abenteuerliche Geschichten aus alten Zeiten. Dabei werden die individuellen W\u00fcnsche der Gruppe ber\u00fccksichtigt.<br \/>\nIm OstseeFerienLand Gr\u00f6mitz stehen gleich zweimal im Jahr Fahrradwochen auf dem Programm \u2013 sieben Tage, sieben Touren, sieben verschiedene Startpunkte. Die erste beginnt am 20. Mai und die zweite am 16. September. Ein Erlebnis f\u00fcr Natur- und Radfans. Die Details erfahren Sie unter den angegebenen Internetadressen.<\/p>\n<p><a href=\"http:\/\/www.luebecker-bucht-ostsee.de\">www.luebecker-bucht-ostsee.de<\/a><br \/>\n<a href=\"http:\/\/www.sh-tourismus.de\">www.sh-tourismus.de<\/a><br \/>\n<a href=\"http:\/\/www.groemitz.de\">www.groemitz.de<\/a><\/p>\n","protected":false},"excerpt":{"rendered":"<p>Radeln an der L\u00fcbecker Bucht ist immer ein tolles Erlebnis. Wer sich gern in der Natur bewegt, den Blick auf die Ostsee sch\u00e4tzt und sich den Seewind um die Nase wehen lassen m\u00f6chte, ist hier genau richtig. Sch\u00f6nste Radwege, die direkt an der K\u00fcste entlangf\u00fchren von Travem\u00fcnde bis Fehmarn bieten immer wieder wundersch\u00f6ne Ausblicke aufs [&hellip;]<\/p>\n","protected":false},"author":1,"featured_media":0,"parent":7,"menu_order":10,"comment_status":"closed","ping_status":"closed","template":"","meta":{"footnotes":""},"class_list":["post-615","page","type-page","status-publish","hentry"],"_links":{"self":[{"href":"https:\/\/infoguide-online.de\/index.php?rest_route=\/wp\/v2\/pages\/615","targetHints":{"allow":["GET"]}}],"collection":[{"href":"https:\/\/infoguide-online.de\/index.php?rest_route=\/wp\/v2\/pages"}],"about":[{"href":"https:\/\/infoguide-online.de\/index.php?rest_route=\/wp\/v2\/types\/page"}],"author":[{"embeddable":true,"href":"https:\/\/infoguide-online.de\/index.php?rest_route=\/wp\/v2\/users\/1"}],"replies":[{"embeddable":true,"href":"https:\/\/infoguide-online.de\/index.php?rest_route=%2Fwp%2Fv2%2Fcomments&post=615"}],"version-history":[{"count":5,"href":"https:\/\/infoguide-online.de\/index.php?rest_route=\/wp\/v2\/pages\/615\/revisions"}],"predecessor-version":[{"id":814,"href":"https:\/\/infoguide-online.de\/index.php?rest_route=\/wp\/v2\/pages\/615\/revisions\/814"}],"up":[{"embeddable":true,"href":"https:\/\/infoguide-online.de\/index.php?rest_route=\/wp\/v2\/pages\/7"}],"wp:attachment":[{"href":"https:\/\/infoguide-online.de\/index.php?rest_route=%2Fwp%2Fv2%2Fmedia&parent=615"}],"curies":[{"name":"wp","href":"https:\/\/api.w.org\/{rel}","templated":true}]}}