{"id":619,"date":"2018-04-26T08:15:06","date_gmt":"2018-04-26T07:15:06","guid":{"rendered":"http:\/\/infoguide-online.de\/?page_id=619"},"modified":"2020-09-02T14:11:56","modified_gmt":"2020-09-02T13:11:56","slug":"topevents-das-ganze-jahr-ueber","status":"publish","type":"page","link":"https:\/\/infoguide-online.de\/?page_id=619","title":{"rendered":"TOPEVENTS &#8230;das ganze Jahr \u00fcber!"},"content":{"rendered":"<p><strong>Travem\u00fcnder Woche<\/strong><br \/>\nDie sch\u00f6nste Regattawoche der Welt steht in Travem\u00fcnde vom 20. bis zum 29. Juli auf dem Programm. F\u00fcr die 129. Auflage der Travem\u00fcnder Woche hat Gesamt-Wettfahrtleiter Brian Schweder Regatten in 26 unterschiedlichen Klassen bzw. Disziplinen vor sich. Neun Regattabahnen werden daf\u00fcr in der L\u00fcbecker Bucht abgesteckt und zehn Wettfahrtleiter-Teams sind engagiert. Der sportliche Fokus liegt ohne Zweifel auf der Ausrichtung der Weltmeisterschaft der Vaurien sowie der Europameisterschaft der Flying Junior. Neben dem Regattageschehen auf den etablierten Bahnen, die von dem landnahen SAP Media Race Course bis hin zur Seebahn hinter Fehmarn reichen, sowie den Showrennen (SAP Trave Races) in der Trave, feiert ein weiteres Projekt vor Travem\u00fcnde Premiere.<\/p>\n<div id=\"attachment_620\" style=\"width: 843px\" class=\"wp-caption aligncenter\"><a href=\"https:\/\/infoguide-online.de\/wp-content\/uploads\/2018\/04\/1.-Bundesliga-2017.07.23_59136__www.segel-bilder.de_.jpg\"><img loading=\"lazy\" decoding=\"async\" aria-describedby=\"caption-attachment-620\" class=\"size-full wp-image-620\" src=\"https:\/\/infoguide-online.de\/wp-content\/uploads\/2018\/04\/1.-Bundesliga-2017.07.23_59136__www.segel-bilder.de_.jpg\" alt=\"\u00a9 Foto: www.segel-bilder.de\" width=\"833\" height=\"500\" srcset=\"https:\/\/infoguide-online.de\/wp-content\/uploads\/2018\/04\/1.-Bundesliga-2017.07.23_59136__www.segel-bilder.de_.jpg 833w, https:\/\/infoguide-online.de\/wp-content\/uploads\/2018\/04\/1.-Bundesliga-2017.07.23_59136__www.segel-bilder.de_-300x180.jpg 300w, https:\/\/infoguide-online.de\/wp-content\/uploads\/2018\/04\/1.-Bundesliga-2017.07.23_59136__www.segel-bilder.de_-768x461.jpg 768w, https:\/\/infoguide-online.de\/wp-content\/uploads\/2018\/04\/1.-Bundesliga-2017.07.23_59136__www.segel-bilder.de_-624x375.jpg 624w\" sizes=\"auto, (max-width: 833px) 100vw, 833px\" \/><\/a><p id=\"caption-attachment-620\" class=\"wp-caption-text\">\u00a9 Foto: www.segel-bilder.de<\/p><\/div>\n<p>Am zweiten TW-Wochenende wird der L\u00fcbecker Verein Sail United Segelsport f\u00fcr Kinder, Jugendliche und Erwachsene mit geistiger oder k\u00f6rperlicher Behinderung anbieten. Die Teilnehmer werden eineinhalb Tage in kleinen Gruppen eingewiesen und zum Abschluss in gemischten Teams eine kleine Regatta segeln. Mit an Bord ist auch Heiko Kr\u00f6ger, der zweimalige Paralympics-Medaillengewinner. Er unterst\u00fctzt die Idee von Sail-United-Initiator Tobias Michelsen. \u201eWir wollen mit der Aktion unsere Idee weiter bekannt machen und hoffen, dass sich in den n\u00e4chsten Jahren bundesweit Initiativen f\u00fcr das inklusive Segeln entwickeln\u201c, sagte Michelsen.<\/p>\n<p>Travem\u00fcnde macht\u2019s m\u00f6glich! Jedes Jahr im Juli wird 10 Tage lang das traditionsreiche Festival an der L\u00fcbecker Bucht gefeiert. Die Travem\u00fcnder Woche ist ein Familienfest mit einer Vielzahl an Attraktionen f\u00fcr Klein und Gro\u00df, vielf\u00e4ltigem Gastronomieangebot und kostenlosem B\u00fchnenprogramm. Und der Segelsport wird f\u00fcr die Zuschauer \u00fcber Super-Leinw\u00e4nde an Land geholt. Infos unter <a href=\"http:\/\/www.travemuender-woche.com\">www.travemuender-woche.com<\/a>.<\/p>\n<p><strong>Kieler Woche<\/strong><br \/>\nNoch ein gro\u00dfes Segelsportereignis erwartet die Besucher in Kiel vom 16. bis 24. Juni in der Landeshauptstadt. Neun Tage lang bietet die Segel- und Festwoche Weltklassesport, musikalische H\u00f6hepunkte, hochkar\u00e4tige Kulturangebote und ganz viel Spiel und Spa\u00df f\u00fcr Klein und Gro\u00df. Rund drei Millionen G\u00e4ste aus aller Welt st\u00fcrzen sich Jahr f\u00fcr Jahr Ende Juni in den bunten Festtrubel. Die 136. Kieler Woche lockt mit zahlreichen H\u00f6hepunkten zu Wasser und an Land.<\/p>\n<p>Neben den spannenden Wettfahrten auf den Regattabahnen erwartet die G\u00e4ste der Kieler Woche ein vielf\u00e4ltiges Sommerfest-Programm. Zu den H\u00f6hepunkten geh\u00f6ren die offizielle Er\u00f6ffnung mit Bundespr\u00e4sident Frank Walter Steinmeier (16. Juni), die traditionelle Windjammerparade (23. Juni), das gro\u00dfe Abschlussfeuerwerk \u00fcber der Kieler F\u00f6rde (24. Juni), die Kinderangebote auf der Spiellinie sowie zahlreiche Konzerte und Ausstellungen. Infos unter <a href=\"http:\/\/www.kieler-woche.de\">www.kieler-woche.de<\/a>.<\/p>\n<p><strong>Mercedes Benz SUP World Cup<\/strong><br \/>\nSUP-Fans haben Gl\u00fcck: Auch der SUP World Cup findet bereits zum dritten Mal an der L\u00fcbecker Bucht statt. In Scharbeutz dreht sich vom 29. Juni bis zum 1. Juli wieder alles um Stand Up Paddling auf Weltklasseniveau. Neben den besten Athleten der Welt steigen auch Hobbysportler, Firmenteams und Promis in der L\u00fcbecker Bucht auf das Board. Die Topstars der internationalen Stand-Up-Paddling-Szene treten in den Disziplinen Sprint und Long Distance gegeneinander an. W\u00e4hrend in der temporeichen Kurzdistanz \u00fcber eine Strecke von 500 Metern die Schnellkraft im Vordergrund steht, liegt das Augenmerk beim Long Distance Race auf Taktik und Ausdauer, um die 10.000 Meter schnellstm\u00f6glich zu absolvieren. Beim Mercedes Benz SUP World Cup Scharbeutz wird ein Gesamtpreisgeld in H\u00f6he von 20.000 Euro ausgesch\u00fcttet. Die Veranstaltung ist Teil der Eurotour sowie der nationalen German SUP Challenge.<\/p>\n<p>Die erpaddelten Punkte flie\u00dfen au\u00dferdem in die Rangliste der SUP Bundesliga, der German SUP League, ein. Neben den Profis besteht f\u00fcr Hobbysportler die Chance, sich beim Jedermann-Rennen auf der Ostsee zu beweisen. Ambitionierte Freizeit-SUPler k\u00f6nnen beim Rennen \u00fcber 6.000 Meter, neben den Siegerpokalen, auch wertvolle Sachpreise gewinnen. Der Wassersport-Nachwuchs hat beim Kids Race \u00fcber 1.000 Meter die Chance, erste Wettkampferlebnisse mit Board und Paddel zu sammeln. Beim Corporate Race k\u00e4mpfen Firmenteams um den Sieg auf der Ostsee. Ein Highlight des Mercedes Benz SUP World Cup ist wie im vergangenen Jahr die Promi-Staffel. Zwei mit bekannten Gesichtern gespickte Teams werden sich in dem Ostseebad duellieren und die Siegpr\u00e4mie von 3.000 Euro f\u00fcr einen guten Zweck spenden. Auf der gro\u00dfen Herstellermesse und dem angeschlossenen Testival stellen namhafte Produzenten die neuesten Produkte der Szene vor, die direkt vor Ort kostenfrei getestet werden k\u00f6nnen. SUP Yoga und weitere Side-Events komplettieren das bunte Rahmenprogramm, das mit abendlichen Liveauftritten verschiedener K\u00fcnstler abgerundet wird.<\/p>\n<p>\u201eDer Mitmach-Faktor beim Publikum ist hoch, egal ob bei dem Jedermann-, Firmen- oder dem Kids-Race\u201c, erkl\u00e4rt Matthias Neumann, Gesch\u00e4ftsf\u00fchrer der veranstaltenden Agentur ACT AGENCY aus Hamburg. 2017 holten sich \u00fcbrigens die US-Amerikaner Connor Baxter und Fiona Wylde den Gesamtsieg beim Mercedes Benz SUP World Cup Langstrecke. Kai Nicolas Steimer belegte in der Herrenkonkurrenz \u00fcber 500 Meter Rang 13. Im Long Distance Race \u00fcberquerte Kanu Olympiasieger Sebastian Brendel als bester Einheimischer auf Platz 19 die Ziellinie. Knapp 10.000 Zuschauer verfolgten im vergangenen Jahr die Wettk\u00e4mpfe beim Cup. Mal sehen, wie viele es in diesem Jahr werden.<\/p>\n<p><strong>Mercedes-Benz Kitesurf World Cup<\/strong><br \/>\nDer Mercedes-Benz Kitesurf World Cup auf Fehmarn ist das gr\u00f6\u00dfte Kitesurf-Event der Welt und steht in diesem Jahr vom 24. August bis zum 2. September auf dem Programm. Zum bereits dritten Mal findet das Event auf der Sonneninsel Fehmarn statt. Hier k\u00e4mpfen die besten Kitesurfer der Welt um den Sieg, wichtige Weltranglistenpunkte und Preisgelder.<br \/>\nDer S\u00fcdstrand ist erneut Austragungsort des einzigen Kitesurf World Cups in Deutschland. Dabei d\u00fcrfen sich die Zuschauer wieder auf atemberaubende Flugeinlagen sowie rasante Rennen der weltbesten und schnellsten Profis freuen. Gleichzeitig ist das 10-Tages-Event eine gro\u00dfe Kitesurf- und SUP-Messe, bei der namhafte Hersteller das Equipment der kommenden Saison zum kostenfreien Test anbieten. Ein spannendes Rahmenprogramm mit Autogrammstunden, Gewinnspielen, Moderation und Interviews l\u00e4sst bei Jung und Alt keine Langeweile aufkommen. Die abwechslungsreiche Gastronomie, der Event-Campground sowie die abendlichen Livekonzerte und Partys runden das einmalige Festivalfeeling direkt am Ostseestrand ab.<\/p>\n<p>Sportlich gibt es Strapless Freestyle mit GKA World-Cup-Status und die Foil und Kite-Park-Show, die beide keine offiziellen World-Cup-Disziplinen des Mercedes-Benz Kitesurf World Cup sind. Auch ein Rekordversuch wird gestartet.<br \/>\nNeben den sportlichen Highlights bietet der Kitesurf World Cup ein umfassendes Rahmenprogramm mit vielen Side-Events und der Kitesurf Messe, wo manche der bekanntesten Wassersport-Marken ihr neuestes Material ausstellen. Auf dem Testival-Gel\u00e4nde am Strukkamphuk kann das Material getestet werden. Beach-Partys, Live-Acts und die Kitesurf-Party sorgen f\u00fcr Spa\u00df und Spannung. Infos unter <a href=\"http:\/\/www.kitesurfworldcup.de\">www.kitesurfworldcup.de<\/a>.<\/p>\n<p><strong>Deutsche smart Beach-Volleyball Meisterschaften<\/strong><br \/>\nSie sind der H\u00f6hepunkt der Saison und die Gelegenheit, die Topteams in Deutschland beim Kr\u00e4ftemessen anzufeuern: die Deutschen smart Beach-Volleyball Meisterschaften. Wie immer wird das Event an der Seebr\u00fccke in Timmendorfer Strand ausgespielt \u2013 in diesem Jahr vom 30. August bis zum 2. September.<\/p>\n<p>Einmal im Jahr wird Timmendorfer Strand zum Wimbledon des Beachvolleyballs. Hier spielen die besten Beachvolleyballer Sommer f\u00fcr Sommer um den deutschen Meistertitel. Bei der Er\u00f6ffnungsfeier auf dem Timmendorfer Platz werden alle Teams vorgestellt und mit Musik, Talks sowie Gewinnspielen wird den Zuschauern ein buntes Programm geboten. Insgesamt spielen an den vier Wettkampftagen die jeweils besten deutschen Frauen- und M\u00e4nnerteams die Deutschen Meister 2018 in der Ahmann-Hager-Arena und auf den drei Nebencourts aus. Als Titelverteidiger reisen die Olympiasiegerrinnen Chantal Laboureur\/Julia Sude an die L\u00fcbecker Bucht und bei den Herren will das Nationalteam Tim Holler\/Clemens Wickler den Titel verteidigen. Der Kurpark und der Seebr\u00fcckenvorplatz werden durch die St\u00e4nde der Sponsoren mit vielen Mitmachaktionen und Gewinnspielen zur bunten Flaniermeile. Ein reichhaltiges gastronomisches Angebot rundet die Deutschen smart Beach-Volleyball Meisterschaften ab. Der Eintritt in die Ahmann-Hager-Arena mit 6.000 Sitzpl\u00e4tzen ist an allen Tagen frei. Auch nach den Spielen des Tages geht das Meisterschafts-Programm bei freiem Eintritt weiter. Dann wird das Eventgel\u00e4nde zur gro\u00dfen Chill-Out-Zone f\u00fcr Fans und Spieler. Die genauen Termine f\u00fcr das Rahmenprogramm standen bei Redaktionsschluss noch nicht fest. Alle Infos dazu unter <a href=\"http:\/\/www.beach-volleyball.de\">www.beach-volleyball.de<\/a>.<\/p>\n","protected":false},"excerpt":{"rendered":"<p>Travem\u00fcnder Woche Die sch\u00f6nste Regattawoche der Welt steht in Travem\u00fcnde vom 20. bis zum 29. Juli auf dem Programm. F\u00fcr die 129. Auflage der Travem\u00fcnder Woche hat Gesamt-Wettfahrtleiter Brian Schweder Regatten in 26 unterschiedlichen Klassen bzw. Disziplinen vor sich. Neun Regattabahnen werden daf\u00fcr in der L\u00fcbecker Bucht abgesteckt und zehn Wettfahrtleiter-Teams sind engagiert. Der sportliche [&hellip;]<\/p>\n","protected":false},"author":1,"featured_media":0,"parent":7,"menu_order":10,"comment_status":"closed","ping_status":"closed","template":"","meta":{"footnotes":""},"class_list":["post-619","page","type-page","status-publish","hentry"],"_links":{"self":[{"href":"https:\/\/infoguide-online.de\/index.php?rest_route=\/wp\/v2\/pages\/619","targetHints":{"allow":["GET"]}}],"collection":[{"href":"https:\/\/infoguide-online.de\/index.php?rest_route=\/wp\/v2\/pages"}],"about":[{"href":"https:\/\/infoguide-online.de\/index.php?rest_route=\/wp\/v2\/types\/page"}],"author":[{"embeddable":true,"href":"https:\/\/infoguide-online.de\/index.php?rest_route=\/wp\/v2\/users\/1"}],"replies":[{"embeddable":true,"href":"https:\/\/infoguide-online.de\/index.php?rest_route=%2Fwp%2Fv2%2Fcomments&post=619"}],"version-history":[{"count":1,"href":"https:\/\/infoguide-online.de\/index.php?rest_route=\/wp\/v2\/pages\/619\/revisions"}],"predecessor-version":[{"id":621,"href":"https:\/\/infoguide-online.de\/index.php?rest_route=\/wp\/v2\/pages\/619\/revisions\/621"}],"up":[{"embeddable":true,"href":"https:\/\/infoguide-online.de\/index.php?rest_route=\/wp\/v2\/pages\/7"}],"wp:attachment":[{"href":"https:\/\/infoguide-online.de\/index.php?rest_route=%2Fwp%2Fv2%2Fmedia&parent=619"}],"curies":[{"name":"wp","href":"https:\/\/api.w.org\/{rel}","templated":true}]}}