{"id":626,"date":"2018-04-26T08:25:27","date_gmt":"2018-04-26T07:25:27","guid":{"rendered":"http:\/\/infoguide-online.de\/?page_id=626"},"modified":"2020-09-02T14:10:31","modified_gmt":"2020-09-02T13:10:31","slug":"nolde-meets-luebeck-sonderausstellungen-der-luebecker-museen-2018","status":"publish","type":"page","link":"https:\/\/infoguide-online.de\/?page_id=626","title":{"rendered":"Nolde meets L\u00fcbeck"},"content":{"rendered":"<p><strong>Sonderausstellungen der L\u00fcbecker Museen 2018<\/strong><\/p>\n<p><strong>Das ganze Jahr \u00fcber finden in der Hansestadt Sonderausstellungen statt, die besonderen Kunstgenuss versprechen. Im Mai (7. Mai bis 23. September) feiert das Buddenbrookhaus mit der Ausstellung \u201eHerzensheimat\u201c \u2013 Das L\u00fcbeck von Heinrich und Thomas Mann das 25-j\u00e4hrige Jubil\u00e4um. Das Buddenbrookhaus zeigt dann die gro\u00dfe Jubil\u00e4umsausstellung \u201eHerzensheimat\u201c.<\/strong><\/p>\n<p>Die Schau nimmt die Perspektive der Mann-Br\u00fcder ein und zeigt deren lebenslange Besch\u00e4ftigung mit der eigenen Herkunft. Als Jugendliche rebellieren die Senatorens\u00f6hne Heinrich und Thomas gegen die muffige B\u00fcrgerwelt ihrer Heimatstadt. In den L\u00fcbeck-Romanen Buddenbrooks und Professor Unrat zeichnen sie ein wenig schmeichelhaftes Bild der Heimat: Beide Romane werden zum Skandal. Aber die L\u00fcbecker sind auch stolz auf ihre ber\u00fchmten S\u00f6hne. Und f\u00fcr Heinrich und Thomas Mann bleiben L\u00fcbeck und die Welt des Nordens trotz allem zeitlebens \u201eHerzensheimat\u201c.<\/p>\n<div id=\"attachment_627\" style=\"width: 843px\" class=\"wp-caption aligncenter\"><a href=\"https:\/\/infoguide-online.de\/wp-content\/uploads\/2018\/04\/Heinrich-Carla-Thomas-und-Julia-Mann-ca.-1889-\u00a9-ETH-Bibliothek-Zu\u0308rich-Thomas-Mann-Archiv_-Fotograf-Unbekannt.jpg\"><img loading=\"lazy\" decoding=\"async\" aria-describedby=\"caption-attachment-627\" class=\"size-full wp-image-627\" src=\"https:\/\/infoguide-online.de\/wp-content\/uploads\/2018\/04\/Heinrich-Carla-Thomas-und-Julia-Mann-ca.-1889-\u00a9-ETH-Bibliothek-Zu\u0308rich-Thomas-Mann-Archiv_-Fotograf-Unbekannt.jpg\" alt=\"\u00a9 ETH-Bibliothek Z\u00fcrich, Thomas-Mann-Archiv\" width=\"833\" height=\"500\" srcset=\"https:\/\/infoguide-online.de\/wp-content\/uploads\/2018\/04\/Heinrich-Carla-Thomas-und-Julia-Mann-ca.-1889-\u00a9-ETH-Bibliothek-Zu\u0308rich-Thomas-Mann-Archiv_-Fotograf-Unbekannt.jpg 833w, https:\/\/infoguide-online.de\/wp-content\/uploads\/2018\/04\/Heinrich-Carla-Thomas-und-Julia-Mann-ca.-1889-\u00a9-ETH-Bibliothek-Zu\u0308rich-Thomas-Mann-Archiv_-Fotograf-Unbekannt-300x180.jpg 300w, https:\/\/infoguide-online.de\/wp-content\/uploads\/2018\/04\/Heinrich-Carla-Thomas-und-Julia-Mann-ca.-1889-\u00a9-ETH-Bibliothek-Zu\u0308rich-Thomas-Mann-Archiv_-Fotograf-Unbekannt-768x461.jpg 768w, https:\/\/infoguide-online.de\/wp-content\/uploads\/2018\/04\/Heinrich-Carla-Thomas-und-Julia-Mann-ca.-1889-\u00a9-ETH-Bibliothek-Zu\u0308rich-Thomas-Mann-Archiv_-Fotograf-Unbekannt-624x375.jpg 624w\" sizes=\"auto, (max-width: 833px) 100vw, 833px\" \/><\/a><p id=\"caption-attachment-627\" class=\"wp-caption-text\">\u00a9 ETH-Bibliothek Z\u00fcrich, Thomas-Mann-Archiv<\/p><\/div>\n<p>Eine ganz besondere Ausstellung erwartet Sie ab 7. Juli (bis 7. Oktober) im Museum Behnhaus Dr\u00e4gerhaus. \u201eEmil Nolde. Farbenzauber \u2013 Eine Retrospektive auf Papier\u201c ist der Titel der Pr\u00e4sentation, die sich ausschlie\u00dflich mit dem Medium Papier im Schaffen Noldes besch\u00e4ftigt. Die Ausstellung des bedeutendsten Aquarellisten des 20. Jahrhunderts in L\u00fcbeck spannt einen Bogen von bislang noch nie gezeigten Arbeiten bis hin zu den gesch\u00e4tzten Meisterwerken wie den sogenannten \u201eUngemalten Bildern\u201c. 2017 war der 150. Geburtstag von Emil Nolde. Anlass f\u00fcr acht Museen im Norden, bei \u201eNolde im Norden\u201c \u00fcber nationale und internationale Grenzen hinweg, diesen bedeutenden Maler zu w\u00fcrdigen. In der Radikalit\u00e4t, mit der er das Kolorit einsetzt, in der expressiven Leuchtkraft der Bl\u00e4tter und in der \u00fcberzeugenden Virtuosit\u00e4t unterscheidet sich Nolde von seinen Zeitgenossen. \u00dcber alle acht Nolde-Ausstellungen informiert die gemeinsame Homepage <a href=\"http:\/\/www.nolde-im-norden.de\">www.nolde-im-norden.de<\/a>.<\/p>\n<p>Wer Lust auf \u201eModenmythen der 50er bis 70er Jahre\u201c hat, findet in der Kunsthalle St. Annen ab 10. Mai (29. Juli) stilvolle Roben von \u201eChanel, Dior, Pucci \u2026\u201c. Sch\u00f6n, bunt und unbeschwert sollte die Welt nach dem Zweiten Weltkrieg wieder werden, Luxus und au\u00dfergew\u00f6hnliche Mode den Blick endlich wieder auf die Sonnenseiten des Lebens werfen. Die gro\u00dfen Couturiers des 20. Jahrhunderts haben daraus resultierend eine eindrucksvolle Mode geschaffen und die karge, praktische Mode der Kriegsjahre geh\u00f6rte endlich der Vergangenheit an.<\/p>\n<p>\u201eBob Dylan\u201c steht ab 13. Oktober im Mittelpunkt des G\u00fcnter-Grass-Hauses. Das Buddenbrookhaus und das G\u00fcnter Grass-Haus nehmen gemeinsam das gesamte OEuvre des K\u00fcnstlers in den Blick, vergleichen dabei die Kunstformen und setzen die Arbeitsweisen in Beziehung. Die von Heinrich Detering, einem der besten Kenner Bob Dylans, kuratorisch begleitete Ausstellung pr\u00e4sentiert Bob Dylan als Songwriter, Dichter, Schriftsteller, Filmk\u00fcnstler und Nobelpreistr\u00e4ger und ist damit die erste Ausstellung dieser Art. Weitere Infos unter <a href=\"http:\/\/www.die-luebecker-museen.de\">www.die-luebecker-museen.de<\/a>.<\/p>\n","protected":false},"excerpt":{"rendered":"<p>Sonderausstellungen der L\u00fcbecker Museen 2018 Das ganze Jahr \u00fcber finden in der Hansestadt Sonderausstellungen statt, die besonderen Kunstgenuss versprechen. Im Mai (7. Mai bis 23. September) feiert das Buddenbrookhaus mit der Ausstellung \u201eHerzensheimat\u201c \u2013 Das L\u00fcbeck von Heinrich und Thomas Mann das 25-j\u00e4hrige Jubil\u00e4um. Das Buddenbrookhaus zeigt dann die gro\u00dfe Jubil\u00e4umsausstellung \u201eHerzensheimat\u201c. Die Schau nimmt [&hellip;]<\/p>\n","protected":false},"author":1,"featured_media":0,"parent":7,"menu_order":10,"comment_status":"closed","ping_status":"closed","template":"","meta":{"footnotes":""},"class_list":["post-626","page","type-page","status-publish","hentry"],"_links":{"self":[{"href":"https:\/\/infoguide-online.de\/index.php?rest_route=\/wp\/v2\/pages\/626","targetHints":{"allow":["GET"]}}],"collection":[{"href":"https:\/\/infoguide-online.de\/index.php?rest_route=\/wp\/v2\/pages"}],"about":[{"href":"https:\/\/infoguide-online.de\/index.php?rest_route=\/wp\/v2\/types\/page"}],"author":[{"embeddable":true,"href":"https:\/\/infoguide-online.de\/index.php?rest_route=\/wp\/v2\/users\/1"}],"replies":[{"embeddable":true,"href":"https:\/\/infoguide-online.de\/index.php?rest_route=%2Fwp%2Fv2%2Fcomments&post=626"}],"version-history":[{"count":2,"href":"https:\/\/infoguide-online.de\/index.php?rest_route=\/wp\/v2\/pages\/626\/revisions"}],"predecessor-version":[{"id":659,"href":"https:\/\/infoguide-online.de\/index.php?rest_route=\/wp\/v2\/pages\/626\/revisions\/659"}],"up":[{"embeddable":true,"href":"https:\/\/infoguide-online.de\/index.php?rest_route=\/wp\/v2\/pages\/7"}],"wp:attachment":[{"href":"https:\/\/infoguide-online.de\/index.php?rest_route=%2Fwp%2Fv2%2Fmedia&parent=626"}],"curies":[{"name":"wp","href":"https:\/\/api.w.org\/{rel}","templated":true}]}}