{"id":629,"date":"2018-04-26T08:30:41","date_gmt":"2018-04-26T07:30:41","guid":{"rendered":"http:\/\/infoguide-online.de\/?page_id=629"},"modified":"2020-09-02T14:08:32","modified_gmt":"2020-09-02T13:08:32","slug":"feste-festivals-feiern-hier-weiss-man-wies-geht","status":"publish","type":"page","link":"https:\/\/infoguide-online.de\/?page_id=629","title":{"rendered":"Feste &#038; Festivals feiern&#8230;"},"content":{"rendered":"<p><strong>&#8230;hier wei\u00df man, wie\u2018s geht!. In Travem\u00fcnde wird das Meer beim Anbaden am 12. Mai er\u00f6ffnet. Badenixen und <\/strong><strong>Strandjungs aufgepasst! Die traditionelle Anbade-Zeremonie ist ein Muss f\u00fcr alle Tollk\u00fchnen und Wagemutigen. Der Sprung ins kalte Nass lohnt sich in diesem Jahr doppelt, denn <\/strong><strong>neben einer tollen Urkunde, leckerem Schinkenbrot und w\u00e4rmendem Rum, erhalten die <\/strong><strong>ersten 250 Badeg\u00e4ste ein tolles \u201eAnbade\u201c-T-Shirt.<\/strong><\/p>\n<div id=\"attachment_630\" style=\"width: 843px\" class=\"wp-caption aligncenter\"><a href=\"https:\/\/infoguide-online.de\/wp-content\/uploads\/2018\/04\/Anbaden-in-Travemu\u0308nde-im-Mai-c-LTM-Rene\u0301-Sindt.jpg\"><img loading=\"lazy\" decoding=\"async\" aria-describedby=\"caption-attachment-630\" class=\"size-full wp-image-630\" src=\"https:\/\/infoguide-online.de\/wp-content\/uploads\/2018\/04\/Anbaden-in-Travemu\u0308nde-im-Mai-c-LTM-Rene\u0301-Sindt.jpg\" alt=\"\u00a9LTM - Rene\u0301 Sindt\" width=\"833\" height=\"500\" srcset=\"https:\/\/infoguide-online.de\/wp-content\/uploads\/2018\/04\/Anbaden-in-Travemu\u0308nde-im-Mai-c-LTM-Rene\u0301-Sindt.jpg 833w, https:\/\/infoguide-online.de\/wp-content\/uploads\/2018\/04\/Anbaden-in-Travemu\u0308nde-im-Mai-c-LTM-Rene\u0301-Sindt-300x180.jpg 300w, https:\/\/infoguide-online.de\/wp-content\/uploads\/2018\/04\/Anbaden-in-Travemu\u0308nde-im-Mai-c-LTM-Rene\u0301-Sindt-768x461.jpg 768w, https:\/\/infoguide-online.de\/wp-content\/uploads\/2018\/04\/Anbaden-in-Travemu\u0308nde-im-Mai-c-LTM-Rene\u0301-Sindt-624x375.jpg 624w\" sizes=\"auto, (max-width: 833px) 100vw, 833px\" \/><\/a><p id=\"caption-attachment-630\" class=\"wp-caption-text\">\u00a9LTM &#8211; Rene\u0301 Sindt<\/p><\/div>\n<p>Jedes Jahr lockt die Lifestyle-Messe Ambienta viele Besucher auf das idyllische Gut Sierhagen. In diesem Jahr notieren Sie sich am besten den 10. bis 13. Mai schon einmal in Ihrem Kalender. Bereits zum 15. Mal pr\u00e4sentieren dann \u00fcber 150 ausgew\u00e4hlte Aussteller Sch\u00f6nes und Praktisches aus den Bereichen Wohnen, Garten, Mode und Accessoires. Vier Tage lang steht auf dem Gut Sierhagen im Herzen der holsteinischen Schweiz alles im Zeichen des Fr\u00fchlings, des kultivierten Landlebens und der Gartenliebe. Daneben erwartet Sie ein abwechslungsreiches kulinarisches Angebot und ein tolles Rahmenprogramm.<\/p>\n<p>Ganz neu in Eutin ist das alternative Festival f\u00fcr Gesundheit und Lebenskunst zu Pfingsten vom 20. bis zum 21. Mai. Unter dem Titel \u201eDer ganze Mensch\u201c finden Sie im sch\u00f6nen Eutiner K\u00fcchengarten Interessantes zum Thema.<\/p>\n<p>In Timmendorfer Strand kommen Gartenliebhaber und Lifestyle-Fans vom 1. bis zum 3. Juni voll auf ihre Kosten. Freuen Sie sich auf \u201egarten&amp;style\u201c im noblen K\u00fcstenort.<br \/>\nAn dem Wochenende treffen sich Gartenliebhaber und Lifestyle-Fans im Strandpark zum St\u00f6bern und Genie\u00dfen. Zu entdecken gibt es Sch\u00f6nes, Innovatives, Extravagantes und Wissenswertes aus allen Produktbereichen rund um das Thema\u00a0 Garten und Lifestyle.<\/p>\n<p>Im Rahmen des Stadtjubil\u00e4ums 875 Jahre L\u00fcbeck wird das Aegidienviertel am zweiten Juniwochenende zum sch\u00f6nsten Ort der Welt beim HanseKulturFestival vom 8. bis zum 10. Juni. Dekorierte Stra\u00dfen, Musik aus allen Ecken, \u00fcberraschende Begegnungen und versteckte Sch\u00e4tze. Die Stra\u00dfen, G\u00e4nge und H\u00f6fe werden zur B\u00fchne, die G\u00e4rten und Wohnzimmer der Altstadtbewohner verspr\u00fchen l\u00fcbsche Gastfreundschaft und auf dem Wasser gibt es viel zu sehen.<\/p>\n<p>Vom 18. Juli bis zum 22. August stehen die Gr\u00f6mitzer Sommern\u00e4chte auf dem Programm. Hier werden jeden Mittwoch kleine Veranstaltungen unter einem anderen Motto durchgef\u00fchrt \u2013 mal mit einer bunten Lasershow im Kurpark, mal mit Salsa-Musik direkt am Strand oder mit klassischen Kl\u00e4ngen im bunt beleuchteten Klosterhof.<\/p>\n<p>Eine bunte Zirkuswelt erwartet junge Leute beim Strandtastico, dem Kinder &amp; Jugend Artisten-Festival an der L\u00fcbecker Bucht. Vom 7. bis 13. Oktober k\u00f6nnen sie dann sieben Tage lang jonglieren, auf dem Seil tanzen, am Trapez turnen und etwas Tolles aus dem Hut zaubern. In den Ostseeorten Scharbeutz, Haffkrug und Pelzerhaken wird gemeinsam in Zirkus-Workshops trainiert und viel Neues gelernt. In den Zirkusshows zeigen Profi-Artisten ebenso wie Nachwuchsartisten beeindruckende Darbietungen und begeisterten das Publikum immer wieder aufs Neue.<\/p>\n<p>Beim spektakul\u00e4ren Drachenfestival vom 19. bis zum 21. Oktober in Burgtiefe auf Fehmarn verwandelt sich nicht nur der S\u00fcdstrand in Burgtiefe in ein buntes Paradies, sondern auch der Himmel \u00fcber der Sonneninsel Fehmarn. Das gro\u00dfe Open-Air-Event bietet drei Tage lang tolle Highlights f\u00fcr die ganze Familie, z. B. Drachenshows mit ausgefallenen Gro\u00df- und Lenkdrachen, eine Nachtflugshow, Bonbonregen vom Himmel und ein abwechslungsreiches B\u00fchnenprogramm.<\/p>\n<p><a href=\"http:\/\/www.gut-sierhagen.de\">www.gut-sierhagen.de<\/a><br \/>\n<a href=\"http:\/\/www.travemuende-tourismus.de\">www.travemuende-tourismus.de<\/a><br \/>\n<a href=\"http:\/\/www.luebeck-tourismus.de\">www.luebeck-tourismus.de<\/a><br \/>\n<a href=\"http:\/\/www.timmendorfer-strand.de\">www.timmendorfer-strand.de<\/a><br \/>\n<a href=\"http:\/\/www.groemitz.de\">www.groemitz.de<\/a><br \/>\n<a href=\"http:\/\/www.fehmarn.de\">www.fehmarn.de<\/a><br \/>\n<a href=\"http:\/\/www.holsteinischeschweiz.de\">www.holsteinischeschweiz.de<\/a><br \/>\n<a href=\"http:\/\/www.luebecker-bucht-ostsee.de\">www.luebecker-bucht-ostsee.de<\/a><\/p>\n","protected":false},"excerpt":{"rendered":"<p>&#8230;hier wei\u00df man, wie\u2018s geht!. In Travem\u00fcnde wird das Meer beim Anbaden am 12. Mai er\u00f6ffnet. Badenixen und Strandjungs aufgepasst! Die traditionelle Anbade-Zeremonie ist ein Muss f\u00fcr alle Tollk\u00fchnen und Wagemutigen. Der Sprung ins kalte Nass lohnt sich in diesem Jahr doppelt, denn neben einer tollen Urkunde, leckerem Schinkenbrot und w\u00e4rmendem Rum, erhalten die ersten [&hellip;]<\/p>\n","protected":false},"author":1,"featured_media":0,"parent":7,"menu_order":10,"comment_status":"closed","ping_status":"closed","template":"","meta":{"footnotes":""},"class_list":["post-629","page","type-page","status-publish","hentry"],"_links":{"self":[{"href":"https:\/\/infoguide-online.de\/index.php?rest_route=\/wp\/v2\/pages\/629","targetHints":{"allow":["GET"]}}],"collection":[{"href":"https:\/\/infoguide-online.de\/index.php?rest_route=\/wp\/v2\/pages"}],"about":[{"href":"https:\/\/infoguide-online.de\/index.php?rest_route=\/wp\/v2\/types\/page"}],"author":[{"embeddable":true,"href":"https:\/\/infoguide-online.de\/index.php?rest_route=\/wp\/v2\/users\/1"}],"replies":[{"embeddable":true,"href":"https:\/\/infoguide-online.de\/index.php?rest_route=%2Fwp%2Fv2%2Fcomments&post=629"}],"version-history":[{"count":2,"href":"https:\/\/infoguide-online.de\/index.php?rest_route=\/wp\/v2\/pages\/629\/revisions"}],"predecessor-version":[{"id":656,"href":"https:\/\/infoguide-online.de\/index.php?rest_route=\/wp\/v2\/pages\/629\/revisions\/656"}],"up":[{"embeddable":true,"href":"https:\/\/infoguide-online.de\/index.php?rest_route=\/wp\/v2\/pages\/7"}],"wp:attachment":[{"href":"https:\/\/infoguide-online.de\/index.php?rest_route=%2Fwp%2Fv2%2Fmedia&parent=629"}],"curies":[{"name":"wp","href":"https:\/\/api.w.org\/{rel}","templated":true}]}}