{"id":7,"date":"2020-04-16T13:26:01","date_gmt":"2020-04-16T12:26:01","guid":{"rendered":"http:\/\/infoguide-online.de\/?page_id=7"},"modified":"2024-07-24T09:32:37","modified_gmt":"2024-07-24T08:32:37","slug":"inhalt","status":"publish","type":"page","link":"https:\/\/infoguide-online.de\/?page_id=7","title":{"rendered":"Inhalt"},"content":{"rendered":"<div>\n<p><strong>URLAUB im Norden<\/strong><\/p>\n<div class=\"entry-content\">\n<div>\n<p>Barfu\u00df im Sand, einen leckeren Cocktail in der Hand und dazu entspannte Livemusik, w\u00e4hrend sich die Sonne langsam f\u00fcr diesen Tag verabschiedet und dabei spektakul\u00e4re Rott\u00f6ne an den Horizont zaubert. Traumhafte Urlaubstage k\u00f6nnen Sie jedoch nicht nur an der Ostsee verbringen, auch das gr\u00fcne Achterland lockt mit h\u00fcgeligem Ambiente zwischen Wald, Feldern und Seen.<br \/>\nVielf\u00e4ltig, lebendig, frisch und gr\u00fcn \u2013 so ist der Norden rund um die L\u00fcbecker Bucht. Bei ausgedehnten Fahrradtouren direkt an der K\u00fcste entlang gelangen Sie \u00fcber quirlige Promenaden in typische D\u00f6rfer mit alten Kirchen und Hofcaf\u00e9s. Dort lassen Sie sich mit selbst gebackener Himbeertorte verw\u00f6hnen und erfahren bei einem Kl\u00f6nschnack, was die Region zu bieten hat. Zahlreiche Top-Events aus allen Bereichen vers\u00fc\u00dfen Ihnen das ganze Jahr Ihren Aufenthalt in Ostholstein und L\u00fcbeck.<br \/>\nTipp f\u00fcr Strandtage: Ein praktisches Tool ist die Strandampel. Springt sie auf Rot, lohnt es sich, einen ruhigeren Strand zu w\u00e4hlen. Auch erfahren Sie dort, wann die DLRG eine Badewarnung ausgegeben hat. Wir w\u00fcnschen tolle Tage an der Ostsee und in der Holsteinischen Schweiz!   <\/p>\n<\/div>\n<\/div>\n<\/div>\n","protected":false},"excerpt":{"rendered":"<p>URLAUB im Norden Barfu\u00df im Sand, einen leckeren Cocktail in der Hand und dazu entspannte Livemusik, w\u00e4hrend sich die Sonne langsam f\u00fcr diesen Tag verabschiedet und dabei spektakul\u00e4re Rott\u00f6ne an den Horizont zaubert. Traumhafte Urlaubstage k\u00f6nnen Sie jedoch nicht nur an der Ostsee verbringen, auch das gr\u00fcne Achterland lockt mit h\u00fcgeligem Ambiente zwischen Wald, Feldern [&hellip;]<\/p>\n","protected":false},"author":1,"featured_media":0,"parent":0,"menu_order":0,"comment_status":"closed","ping_status":"closed","template":"","meta":{"footnotes":""},"class_list":["post-7","page","type-page","status-publish","hentry"],"_links":{"self":[{"href":"https:\/\/infoguide-online.de\/index.php?rest_route=\/wp\/v2\/pages\/7","targetHints":{"allow":["GET"]}}],"collection":[{"href":"https:\/\/infoguide-online.de\/index.php?rest_route=\/wp\/v2\/pages"}],"about":[{"href":"https:\/\/infoguide-online.de\/index.php?rest_route=\/wp\/v2\/types\/page"}],"author":[{"embeddable":true,"href":"https:\/\/infoguide-online.de\/index.php?rest_route=\/wp\/v2\/users\/1"}],"replies":[{"embeddable":true,"href":"https:\/\/infoguide-online.de\/index.php?rest_route=%2Fwp%2Fv2%2Fcomments&post=7"}],"version-history":[{"count":16,"href":"https:\/\/infoguide-online.de\/index.php?rest_route=\/wp\/v2\/pages\/7\/revisions"}],"predecessor-version":[{"id":1554,"href":"https:\/\/infoguide-online.de\/index.php?rest_route=\/wp\/v2\/pages\/7\/revisions\/1554"}],"wp:attachment":[{"href":"https:\/\/infoguide-online.de\/index.php?rest_route=%2Fwp%2Fv2%2Fmedia&parent=7"}],"curies":[{"name":"wp","href":"https:\/\/api.w.org\/{rel}","templated":true}]}}