{"id":951,"date":"2020-09-02T14:50:35","date_gmt":"2020-09-02T13:50:35","guid":{"rendered":"https:\/\/infoguide-online.de\/?page_id=951"},"modified":"2020-09-02T14:53:47","modified_gmt":"2020-09-02T13:53:47","slug":"luebeck-die-mischung-machts","status":"publish","type":"page","link":"https:\/\/infoguide-online.de\/?page_id=951","title":{"rendered":"L\u00fcbeck \u2013 Die Mischung macht\u2019s!"},"content":{"rendered":"<p><strong>Sieben T\u00fcrme pr\u00e4gen die Stadt, prachtvolle Kaufmannsh\u00e4user, zahlreiche G\u00e4nge und versteckte H\u00f6fe ebenso. Auf nur 100 Hektar dr\u00e4ngt sich der historische Stadtkern \u2013 umgeben von Trave und Elbe-L\u00fcbeck-Kanal. Das Burg- und Holstentor sind als Reste der mittelalterlichen Stadtmauer erhalten geblieben. Auch erhalten geblieben sind zahlreiche Schmuckfassaden der mittelst\u00e4ndischen Backsteingeb\u00e4ude und H\u00e4user verschiedener Baustile vom Mittelalter bis zur Renaissance.<\/strong><\/p>\n<div id=\"attachment_956\" style=\"width: 810px\" class=\"wp-caption aligncenter\"><a href=\"https:\/\/infoguide-online.de\/wp-content\/uploads\/2020\/09\/LTM-Oliver-Schmidt.jpg\"><img loading=\"lazy\" decoding=\"async\" aria-describedby=\"caption-attachment-956\" class=\"size-full wp-image-956\" src=\"https:\/\/infoguide-online.de\/wp-content\/uploads\/2020\/09\/LTM-Oliver-Schmidt.jpg\" alt=\"\u00a9 LTM - Oliver Schmidt\" width=\"800\" height=\"338\" srcset=\"https:\/\/infoguide-online.de\/wp-content\/uploads\/2020\/09\/LTM-Oliver-Schmidt.jpg 800w, https:\/\/infoguide-online.de\/wp-content\/uploads\/2020\/09\/LTM-Oliver-Schmidt-300x127.jpg 300w, https:\/\/infoguide-online.de\/wp-content\/uploads\/2020\/09\/LTM-Oliver-Schmidt-768x324.jpg 768w, https:\/\/infoguide-online.de\/wp-content\/uploads\/2020\/09\/LTM-Oliver-Schmidt-624x264.jpg 624w\" sizes=\"auto, (max-width: 800px) 100vw, 800px\" \/><\/a><p id=\"caption-attachment-956\" class=\"wp-caption-text\">\u00a9 LTM &#8211; Oliver Schmidt<\/p><\/div>\n<p>Architektonische Vielfalt entdecken Sie in der Gro\u00dfen Petersgrube. Von dort haben Sie einen tollen Blick auf den Turm der St. Petri-Kirche. Die Aussicht vom Turm auf die Hansestadt ist \u00fcbrigens grandios. Unbedingt zu empfehlen! Fast alle Baustile der l\u00fcbschen Geschichte finden Sie in der Petersgrube wieder: Die meisten Grundst\u00fccke wurden Ende des 13. und Anfang des 14. Jahrhunderts bebaut. Heute fallen Fassaden im Stil der Gotik und Renaissance sowie des Barocks auf, auch Rokoko und Klassizismus sind vertreten.<\/p>\n<p>Lohnenswert ist ein Besuch in den Museen der Hansestadt, die mit Thomas Mann, G\u00fcnter Grass und Willy Brandt auch mit drei ber\u00fchmten M\u00e4nnern aufwarten kann. L\u00fcbeck wird nie langweilig, selbst Menschen, die ihr Leben lang dort verbracht haben, entdecken immer wieder Neues. Zudem ist das kulturelle Angebot einfach fantastisch und es ist tats\u00e4chlich f\u00fcr jeden etwas dabei \u2013 ob jung oder alt.<\/p>\n<p>Christian Martin Lukas, der Gesch\u00e4ftsf\u00fchrer der L\u00fcbeck und Travem\u00fcnde Marketing GmbH, sagt \u00fcber die Hansestadt: \u201eIch bin nach L\u00fcbeck wegen der Liebe gekommen und habe mich dann in die Stadt verliebt. L\u00fcbeck ist meine Heimat geworden, hier f\u00fchle ich mich freudig, lebendig und gelassen zugleich. Die Stadt gibt mir Geborgenheit und das Meer in Travem\u00fcnde die Weite und Freiheit, die ich brauche. Mein Tipp: Ein Bummel durch die wundersch\u00f6ne L\u00fcbecker Altstadt und abends im idyllischen Malerwinkel am Traveufer diesen besonderen Tag ausklingen lassen.&#8220;<\/p>\n<p>Eine F\u00fclle an Infos finden Sie unter <a href=\"http:\/\/www.luebeck-tourismus.de\">www.luebeck-tourismus.de<\/a>.<\/p>\n<p>Foto: \u00a9 LTM &#8211; Oliver Schmidt<\/p>\n","protected":false},"excerpt":{"rendered":"<p>Sieben T\u00fcrme pr\u00e4gen die Stadt, prachtvolle Kaufmannsh\u00e4user, zahlreiche G\u00e4nge und versteckte H\u00f6fe ebenso. Auf nur 100 Hektar dr\u00e4ngt sich der historische Stadtkern \u2013 umgeben von Trave und Elbe-L\u00fcbeck-Kanal. Das Burg- und Holstentor sind als Reste der mittelalterlichen Stadtmauer erhalten geblieben. Auch erhalten geblieben sind zahlreiche Schmuckfassaden der mittelst\u00e4ndischen Backsteingeb\u00e4ude und H\u00e4user verschiedener Baustile vom Mittelalter [&hellip;]<\/p>\n","protected":false},"author":1,"featured_media":0,"parent":7,"menu_order":1,"comment_status":"closed","ping_status":"closed","template":"","meta":{"footnotes":""},"class_list":["post-951","page","type-page","status-publish","hentry"],"_links":{"self":[{"href":"https:\/\/infoguide-online.de\/index.php?rest_route=\/wp\/v2\/pages\/951","targetHints":{"allow":["GET"]}}],"collection":[{"href":"https:\/\/infoguide-online.de\/index.php?rest_route=\/wp\/v2\/pages"}],"about":[{"href":"https:\/\/infoguide-online.de\/index.php?rest_route=\/wp\/v2\/types\/page"}],"author":[{"embeddable":true,"href":"https:\/\/infoguide-online.de\/index.php?rest_route=\/wp\/v2\/users\/1"}],"replies":[{"embeddable":true,"href":"https:\/\/infoguide-online.de\/index.php?rest_route=%2Fwp%2Fv2%2Fcomments&post=951"}],"version-history":[{"count":1,"href":"https:\/\/infoguide-online.de\/index.php?rest_route=\/wp\/v2\/pages\/951\/revisions"}],"predecessor-version":[{"id":957,"href":"https:\/\/infoguide-online.de\/index.php?rest_route=\/wp\/v2\/pages\/951\/revisions\/957"}],"up":[{"embeddable":true,"href":"https:\/\/infoguide-online.de\/index.php?rest_route=\/wp\/v2\/pages\/7"}],"wp:attachment":[{"href":"https:\/\/infoguide-online.de\/index.php?rest_route=%2Fwp%2Fv2%2Fmedia&parent=951"}],"curies":[{"name":"wp","href":"https:\/\/api.w.org\/{rel}","templated":true}]}}