{"id":953,"date":"2020-09-02T14:37:51","date_gmt":"2020-09-02T13:37:51","guid":{"rendered":"https:\/\/infoguide-online.de\/?page_id=953"},"modified":"2020-09-02T14:39:24","modified_gmt":"2020-09-02T13:39:24","slug":"unschlagbar-lecker-das-fischbroetchen","status":"publish","type":"page","link":"https:\/\/infoguide-online.de\/?page_id=953","title":{"rendered":"Unschlagbar lecker &#8211; Das Fischbr\u00f6tchen"},"content":{"rendered":"<p><strong>Bei uns an der K\u00fcste ist es Kult. Ihm wird ein eigener Tag gewidmet, an dem es gefeiert wird. Der musste in diesem Jahr leider ausfallen, was aber nicht bedeutet, dass Sie im Norden keine Fischbr\u00f6tchen mehr bekommen. Im Gegenteil! Was dem Berliner die Currywurst, ist f\u00fcr den Norddeutschen das Fischbr\u00f6tchen. Es gibt sogar eine Ode an das Fischbr\u00f6tchen, die die Kieler Slammerin Mona Harry geschrieben hat und in der es hei\u00dft: &#8222;Woraus Fischbr\u00f6tchen bestehen? Da muss man nicht lange raten. Man nehme Fisch und ein Br\u00f6tchen \u2013 et voil\u00e0: ein Fischbr\u00f6tchen.&#8220;<\/strong><\/p>\n<div id=\"attachment_954\" style=\"width: 810px\" class=\"wp-caption aligncenter\"><a href=\"https:\/\/infoguide-online.de\/wp-content\/uploads\/2020\/09\/Depositphotos_354828238_xl-2015.jpg\"><img loading=\"lazy\" decoding=\"async\" aria-describedby=\"caption-attachment-954\" class=\"size-full wp-image-954\" src=\"https:\/\/infoguide-online.de\/wp-content\/uploads\/2020\/09\/Depositphotos_354828238_xl-2015.jpg\" alt=\"\u00a9 IMelnyk - depositphotos.com\" width=\"800\" height=\"533\" srcset=\"https:\/\/infoguide-online.de\/wp-content\/uploads\/2020\/09\/Depositphotos_354828238_xl-2015.jpg 800w, https:\/\/infoguide-online.de\/wp-content\/uploads\/2020\/09\/Depositphotos_354828238_xl-2015-300x200.jpg 300w, https:\/\/infoguide-online.de\/wp-content\/uploads\/2020\/09\/Depositphotos_354828238_xl-2015-768x512.jpg 768w, https:\/\/infoguide-online.de\/wp-content\/uploads\/2020\/09\/Depositphotos_354828238_xl-2015-624x416.jpg 624w\" sizes=\"auto, (max-width: 800px) 100vw, 800px\" \/><\/a><p id=\"caption-attachment-954\" class=\"wp-caption-text\">\u00a9 IMelnyk &#8211; depositphotos.com<\/p><\/div>\n<p>So variantenreich der Norden, so vielseitig werden Fischbr\u00f6tchen hier aufgetischt. Ob klassisch mit Rollmops, Matjes oder Krabben oder in moderner Variante mit gebratenem<br \/>\nKabeljaufilet, Chutney und hauchfeinem Gem\u00fcse \u2013 knusprig m\u00fcssen die Br\u00f6tchen immer sein. Also unbedingt probieren, wenn Sie in der Region Urlaub machen, zum Beispiel in Timmendorfer Strand. Machen Sie einen Abstecher in den Niendorfer Hafen, haben Sie gleich mehrere M\u00f6glich-keiten, Bekanntschaft mit der leckeren Spezialit\u00e4t zu machen. Etwas<br \/>\nGeduld ist in diesen Tagen mitzubringen, denn es kann schon sein, dass sich eine Schlange vor der Fischbude bildet. Aber auch in anderen Orten von Howacht \u00fcber Scharbeutz bis Travem\u00fcnde werden die maritimen Delikatessen angeboten. Ebenso im Achterland der Holsteinischen Schweiz k\u00f6nnen Sie herzhaft in ein Br\u00f6tchen mit ger\u00e4ucherter Mar\u00e4ne aus den S\u00fc\u00dfwasserseen bei\u00dfen.<\/p>\n<p>Weitere Infos finden Sie unter Sie unter www.ostsee-schleswig-holstein.de<\/p>\n<p>Wir haben f\u00fcr Sie ein tolles Rezept zum Nachkochen gefunden:<\/p>\n<p><strong>Fischst\u00e4bchen Burger<\/strong><\/p>\n<p><strong>Zutaten f\u00fcr 3 Portionen<br \/>\n<\/strong>\u2022 300 g Lengfischfilet<br \/>\n\u2022 Jodsalz<br \/>\n\u2022 Cayennepfeffer<br \/>\n\u2022 2 EL Mehl<br \/>\n\u2022 1 Ei<br \/>\n\u2022 75 g Paniermehl<br \/>\n\u2022 2 EL R\u00fcb\u00f6l (Raps\u00f6l)<br \/>\n\u2022 150 g Avocado<br \/>\n\u2022 1 Bund Koriander<br \/>\n(ersatzweise Petersilie)<br \/>\n\u2022 3 EL KNORR Schlemmersauce<br \/>\nChili Sauce<br \/>\n\u2022 3 Hamburgerbr\u00f6tchen<\/p>\n<p><strong>Zubereitung<br \/>\n<\/strong>1. Lengfischfilet waschen, trocken tupfen und in 3 bis 4 cm dicke Streifen schneiden. Mit Salz und Cayennepfeffer w\u00fcrzen. Filets nacheinander in Mehl, verquirltem Ei und Paniermehl wenden.<br \/>\n2. Raps\u00f6l in einer beschichteten Pfanne erhitzen und die Fischst\u00e4bchen darin rundherum 8 bis 10 Minuten braten. Auf K\u00fcchenpapier abtropfen lassen.<br \/>\n3. Avocado sch\u00e4len und vom Kern in d\u00fcnne Spalten schneiden. Koriander waschen, trocken tupfen und die Bl\u00e4ttchen abzupfen.<br \/>\n4. Korianderbl\u00e4ttchen, Avocadospalten und KNORR Schlemmersauce &#8222;Chili&#8220; in die Br\u00f6tchen f\u00fcllen und servieren.<\/p>\n<p><strong>Tipps zu diesem Rezept<\/strong><br \/>\nWenn Kinder mitessen, statt der w\u00fcrzigen Schlemmersauce &#8222;Chili&#8220; besser KNORR Tomaten Ketchup verwenden. Viele Kids lieben Ketchup \u00fcber alles, weil er so sch\u00f6n fruchtig- mild und abgerundet schmeckt. In der Sonne gereifte, saftige Tomaten verleihen ihm das Aroma.<\/p>\n<p><strong>Zubereitungszeiten<\/strong><br \/>\nVorbereitungszeit: 20 min<br \/>\nKochzeit: 10 min<\/p>\n<p><strong>N\u00e4hrwerte<\/strong><br \/>\nEnergie (Kilojoule): 2126 kJ<br \/>\nEnergie (Kilokalorien): 508 kcal<br \/>\nFett: 18 g, davon ges\u00e4ttigte Fetts\u00e4uren: 2,8 g<br \/>\nKohlenhydrate: 53 g, davon Zucker: 6,8 g<br \/>\nBallaststoffe: 5,6 g, Eiwei\u00df: 29 g, Salz: 1,6 g<\/p>\n","protected":false},"excerpt":{"rendered":"<p>Bei uns an der K\u00fcste ist es Kult. Ihm wird ein eigener Tag gewidmet, an dem es gefeiert wird. Der musste in diesem Jahr leider ausfallen, was aber nicht bedeutet, dass Sie im Norden keine Fischbr\u00f6tchen mehr bekommen. Im Gegenteil! Was dem Berliner die Currywurst, ist f\u00fcr den Norddeutschen das Fischbr\u00f6tchen. Es gibt sogar eine [&hellip;]<\/p>\n","protected":false},"author":1,"featured_media":0,"parent":7,"menu_order":1,"comment_status":"closed","ping_status":"closed","template":"","meta":{"footnotes":""},"class_list":["post-953","page","type-page","status-publish","hentry"],"_links":{"self":[{"href":"https:\/\/infoguide-online.de\/index.php?rest_route=\/wp\/v2\/pages\/953","targetHints":{"allow":["GET"]}}],"collection":[{"href":"https:\/\/infoguide-online.de\/index.php?rest_route=\/wp\/v2\/pages"}],"about":[{"href":"https:\/\/infoguide-online.de\/index.php?rest_route=\/wp\/v2\/types\/page"}],"author":[{"embeddable":true,"href":"https:\/\/infoguide-online.de\/index.php?rest_route=\/wp\/v2\/users\/1"}],"replies":[{"embeddable":true,"href":"https:\/\/infoguide-online.de\/index.php?rest_route=%2Fwp%2Fv2%2Fcomments&post=953"}],"version-history":[{"count":1,"href":"https:\/\/infoguide-online.de\/index.php?rest_route=\/wp\/v2\/pages\/953\/revisions"}],"predecessor-version":[{"id":955,"href":"https:\/\/infoguide-online.de\/index.php?rest_route=\/wp\/v2\/pages\/953\/revisions\/955"}],"up":[{"embeddable":true,"href":"https:\/\/infoguide-online.de\/index.php?rest_route=\/wp\/v2\/pages\/7"}],"wp:attachment":[{"href":"https:\/\/infoguide-online.de\/index.php?rest_route=%2Fwp%2Fv2%2Fmedia&parent=953"}],"curies":[{"name":"wp","href":"https:\/\/api.w.org\/{rel}","templated":true}]}}