{"id":965,"date":"2020-09-02T15:15:59","date_gmt":"2020-09-02T14:15:59","guid":{"rendered":"https:\/\/infoguide-online.de\/?page_id=965"},"modified":"2020-09-02T15:19:34","modified_gmt":"2020-09-02T14:19:34","slug":"der-norden-zu-jeder-jahreszeit-top","status":"publish","type":"page","link":"https:\/\/infoguide-online.de\/?page_id=965","title":{"rendered":"Der Norden &#8230;zu jeder Jahreszeit top!"},"content":{"rendered":"<p><strong>Der Sand am Ufersaum ist mit einer zarten Schneeschicht bedeckt, die Sicht ist klar, im Ostseewasser leuchten bunte Kiesel und in der Ferne ist ein Fischkutter \u2013 umgeben von M\u00f6wen \u2013 unterwegs. Die Ostsee wird immer beliebter und das auch gerade im Winter. Die Tourismus-Agentur Schleswig-Holstein beschreibt die Ostsee als einer der \u201eLeuchtt\u00fcrme\u201c. Zudem stufen rund 63 % aller Deutschen die Urlaubsregion als &#8222;sympathisch&#8220; ein. Fast 100 Prozent aller G\u00e4ste sind mit ihrem Urlaub an der Ostsee Schleswig-Holsteins zufrieden und bewerten Ihren Aufenthalt mit &#8222;sehr gut&#8220; und &#8222;gut&#8220;. Wenn das nicht f\u00fcr sich spricht.<\/strong><\/p>\n<div id=\"attachment_969\" style=\"width: 810px\" class=\"wp-caption aligncenter\"><a href=\"https:\/\/infoguide-online.de\/wp-content\/uploads\/2020\/09\/Groemitz_Strand_Ostsee_Franke.jpg\"><img loading=\"lazy\" decoding=\"async\" aria-describedby=\"caption-attachment-969\" class=\"wp-image-969 size-full\" src=\"https:\/\/infoguide-online.de\/wp-content\/uploads\/2020\/09\/Groemitz_Strand_Ostsee_Franke.jpg\" alt=\"Foto: Oliver Franke\" width=\"800\" height=\"533\" srcset=\"https:\/\/infoguide-online.de\/wp-content\/uploads\/2020\/09\/Groemitz_Strand_Ostsee_Franke.jpg 800w, https:\/\/infoguide-online.de\/wp-content\/uploads\/2020\/09\/Groemitz_Strand_Ostsee_Franke-300x200.jpg 300w, https:\/\/infoguide-online.de\/wp-content\/uploads\/2020\/09\/Groemitz_Strand_Ostsee_Franke-768x512.jpg 768w, https:\/\/infoguide-online.de\/wp-content\/uploads\/2020\/09\/Groemitz_Strand_Ostsee_Franke-624x416.jpg 624w\" sizes=\"auto, (max-width: 800px) 100vw, 800px\" \/><\/a><p id=\"caption-attachment-969\" class=\"wp-caption-text\">Foto: Oliver Franke<\/p><\/div>\n<p>Auch wenn es schon bekannt ist, dass die Ostseek\u00fcste zur Winterzeit ein attraktives Urlaubsziel ist, finden Sie Weite, Ruhe und Erholung, aber auch den Trubel, wenn Ihnen danach zumute ist. Ein Spaziergang an klaren Tagen am Meer weckt mit einer frischen Brise alle Lebensgeister und bringt Sie auf neue Gedanken. Sie finden menschenleere Str\u00e4nde an urigen Steilufern oder belebte K\u00fcsten an beliebten Strandorten wie Travem\u00fcnde, Timmendorfer Strand, Scharbeutz und Gr\u00f6mitz. Auch Wanderungen mit Hund bieten sich in der kalten Jahreszeit an. Denn dann d\u00fcrfen die Vierbeiner an allen Str\u00e4nden toben und das sogar ohne Leine. Gemeinsame Veranstaltungen wie die gef\u00fchrten Fackelwanderungen durch die Dunkelheit werden vielerorts angeboten. Beim Schein der Fackeln, dem Rauschen der Ostsee, bei spannenden Erz\u00e4hlungen und einem anschlie\u00dfenden Punsch wird Ihnen wohl ums Herz. Ob mit Familie, Freunden oder allein \u2013 das magische Erlebnis bleibt Ihnen ganz bestimmt in Erinnerung. Tipp: In manchen Orten wird Wandertheater mit Claas und Hein am Meer angeboten. Wir w\u00fcnschen uns, Corona wird die Events nicht vertreiben.<\/p>\n<p><strong>Noch ein Tipp:<\/strong> Auch die Holsteinische Schweiz ist in der kalten Jahreszeit ein Traum. Sie finden viele spezielle Arrangements f\u00fcr Ihre Winterauszeit unter den angegebenen Internetadressen. Hei\u00df begehrt sind die Weihnachtshighlights im Norden \u2013 zum Beispiel die wundersch\u00f6nen Weihnachtsm\u00e4rkte in der Hansestadt L\u00fcbeck. In diesem Jahr k\u00f6nnen wir allerdings noch gar nicht so genau sagen, ob die M\u00e4rkte wie gewohnt stattfinden werden. Hoffen wir mal das Beste!<\/p>\n<p>Weitere Infos siehe:<br \/>\n<a href=\"http:\/\/www.ostsee-schleswig-holstein.de\">www.ostsee-schleswig-holstein.de<\/a><br \/>\n<a href=\"http:\/\/www.luebecker-bucht.de\">www.luebecker-bucht.de<\/a><br \/>\n<a href=\"http:\/\/www.timmendorfer-strand.de\">www.timmendorfer-strand.de<\/a><br \/>\n<a href=\"http:\/\/www.travemuende-tourismus.de\">www.travemuende-tourismus.de<\/a><br \/>\n<a href=\"http:\/\/www.groemitz.de\">www.groemitz.de<\/a><\/p>\n<p>Foto: Oliver Franke<\/p>\n","protected":false},"excerpt":{"rendered":"<p>Der Sand am Ufersaum ist mit einer zarten Schneeschicht bedeckt, die Sicht ist klar, im Ostseewasser leuchten bunte Kiesel und in der Ferne ist ein Fischkutter \u2013 umgeben von M\u00f6wen \u2013 unterwegs. Die Ostsee wird immer beliebter und das auch gerade im Winter. Die Tourismus-Agentur Schleswig-Holstein beschreibt die Ostsee als einer der \u201eLeuchtt\u00fcrme\u201c. Zudem stufen [&hellip;]<\/p>\n","protected":false},"author":1,"featured_media":0,"parent":7,"menu_order":1,"comment_status":"closed","ping_status":"closed","template":"","meta":{"footnotes":""},"class_list":["post-965","page","type-page","status-publish","hentry"],"_links":{"self":[{"href":"https:\/\/infoguide-online.de\/index.php?rest_route=\/wp\/v2\/pages\/965","targetHints":{"allow":["GET"]}}],"collection":[{"href":"https:\/\/infoguide-online.de\/index.php?rest_route=\/wp\/v2\/pages"}],"about":[{"href":"https:\/\/infoguide-online.de\/index.php?rest_route=\/wp\/v2\/types\/page"}],"author":[{"embeddable":true,"href":"https:\/\/infoguide-online.de\/index.php?rest_route=\/wp\/v2\/users\/1"}],"replies":[{"embeddable":true,"href":"https:\/\/infoguide-online.de\/index.php?rest_route=%2Fwp%2Fv2%2Fcomments&post=965"}],"version-history":[{"count":4,"href":"https:\/\/infoguide-online.de\/index.php?rest_route=\/wp\/v2\/pages\/965\/revisions"}],"predecessor-version":[{"id":971,"href":"https:\/\/infoguide-online.de\/index.php?rest_route=\/wp\/v2\/pages\/965\/revisions\/971"}],"up":[{"embeddable":true,"href":"https:\/\/infoguide-online.de\/index.php?rest_route=\/wp\/v2\/pages\/7"}],"wp:attachment":[{"href":"https:\/\/infoguide-online.de\/index.php?rest_route=%2Fwp%2Fv2%2Fmedia&parent=965"}],"curies":[{"name":"wp","href":"https:\/\/api.w.org\/{rel}","templated":true}]}}