{"id":976,"date":"2020-09-20T07:40:08","date_gmt":"2020-09-20T06:40:08","guid":{"rendered":"https:\/\/infoguide-online.de\/?page_id=976"},"modified":"2022-08-19T16:16:32","modified_gmt":"2022-08-19T15:16:32","slug":"der-norden-urlaubsparadies-fuer-camper","status":"publish","type":"page","link":"https:\/\/infoguide-online.de\/?page_id=976","title":{"rendered":"Sehr angesagt: Mobilheime"},"content":{"rendered":"<p><strong>Sie haben alles, was man sonst in seinen vier W\u00e4nden nicht vermissen m\u00f6chte. Ein Dach auf dem Kopf, eine K\u00fcche, ein Bad und Schlafr\u00e4ume \u2013 im Miniformat. In S\u00fcdeuropa sind die neuen Mobilheime schon seit einigen Jahren auf den Campingparks zu mieten. Jetzt setzen auch in Deutschland Campingbetreiber mit Erfolg auf die kleinen H\u00e4user, die transportiert werden k\u00f6nnen. Am Stra\u00dfenverkehr k\u00f6nnen Sie nicht teilnehmen, sind aber deutlich gr\u00f6\u00dfer als Caravans. Sind Sie auf der Suche nach einem der Ferienh\u00e4uschen, werden Sie inzwischen in allen Bundesl\u00e4ndern f\u00fcndig, denn alle gro\u00dfen<br \/>\nReiseveranstalter haben sie im Programm. <\/strong><\/p>\n<div id=\"attachment_1465\" style=\"width: 1210px\" class=\"wp-caption aligncenter\"><a href=\"https:\/\/infoguide-online.de\/wp-content\/uploads\/2022\/08\/IMG_0249.jpg\"><img loading=\"lazy\" decoding=\"async\" aria-describedby=\"caption-attachment-1465\" class=\"size-full wp-image-1465\" src=\"https:\/\/infoguide-online.de\/wp-content\/uploads\/2022\/08\/IMG_0249.jpg\" alt=\"\u00a9 www.ferienpark-scharbeutz.de\" width=\"1200\" height=\"800\" srcset=\"https:\/\/infoguide-online.de\/wp-content\/uploads\/2022\/08\/IMG_0249.jpg 1200w, https:\/\/infoguide-online.de\/wp-content\/uploads\/2022\/08\/IMG_0249-300x200.jpg 300w, https:\/\/infoguide-online.de\/wp-content\/uploads\/2022\/08\/IMG_0249-768x512.jpg 768w, https:\/\/infoguide-online.de\/wp-content\/uploads\/2022\/08\/IMG_0249-1024x683.jpg 1024w, https:\/\/infoguide-online.de\/wp-content\/uploads\/2022\/08\/IMG_0249-624x416.jpg 624w\" sizes=\"auto, (max-width: 1200px) 100vw, 1200px\" \/><\/a><p id=\"caption-attachment-1465\" class=\"wp-caption-text\">\u00a9 www.ferienpark-scharbeutz.de<\/p><\/div>\n<p>Die Mobile Homes werden von Kurzurlaubern und Campingeinsteigern gebucht, aber auch gr\u00f6\u00dfere Familien oder Gruppen entscheiden sich f\u00fcr die bequemen Alternativen zu Zelten und Wohnwagen. Das Interessante daran ist, dass sie Campingfeeling mit einem gewissen Komfort verbinden. Und was kosten sie? In der Nebensaison sind sie f\u00fcr etwa ab 50 Euro pro Nacht zu<br \/>\nmieten. Nat\u00fcrlich variieren die Preise je nach Gr\u00f6\u00dfe und Ausstattung. Geboten werden auch eine Veranda und Kinderzimmer. In den 20 bis 60 Quadratmeter gro\u00dfen Mobilheimen k\u00f6nnen bis zu sechs Personen \u00fcbernachten. Zu finden sind sie direkt am Ostseestrand oder auch im gr\u00fcnen Binnenland. Die schicken H\u00e4uschen eignen sich auch als fester Wohnsitz. Es gibt immer mehr Menschen, die ihr Haus verkaufen und in ein solches Mobilheim am Strand ziehen. Diese Fertigh\u00e4user sind erheblich g\u00fcnstiger zu bekommen als ein Eigenheim oder eine Wohnung; einfache, kleine Modelle erhalten Sie schon ab 40.000 Euro. So hat man ein festes Dach \u00fcber dem Kopf und gleichzeitig Naturn\u00e4he. Haben Sie Interesse an einem Haus der Art, das auch als Kapitalanlage dienen kann, k\u00f6nnen Sie sich die Ausstattung zusammenstellen lassen. Auch die<br \/>\nLieferung und der Aufbau werden \u00fcbernommen. Die Mobile Homes besitzen zum Rangieren kleine R\u00e4der, die auf Achsen ohne Bremsen befestigt sind. Ein Grundst\u00fcck daf\u00fcr sollte mindestens 180 Quadratmeter gro\u00df sein. Der Untergrund muss zum Beispiel mit Beton befestigt sein. Steht es einmal an seinem Ort, ist ein Umzug aufwendig.<\/p>\n<p><strong>Camper und Zelter sind auf den regionalen Zeltpl\u00e4tzen weiterhin herzlich willkommen.<br \/>\n<\/strong>Auch wenn es inzwischen schon einige der Mobilheime auf den Campingpl\u00e4tzen gibt,<br \/>\nfinden traditionelle Camper mit ihren Wohnwagen immer einen sch\u00f6nen Ort zum Urlaub machen. Das geht auf den zahlreichen Pl\u00e4tzen an der Ostseek\u00fcste wie ebenso im Binnenland, zum Beispiel an den idyllischen Seen der Holsteinischen Schweiz.<\/p>\n","protected":false},"excerpt":{"rendered":"<p>Sie haben alles, was man sonst in seinen vier W\u00e4nden nicht vermissen m\u00f6chte. Ein Dach auf dem Kopf, eine K\u00fcche, ein Bad und Schlafr\u00e4ume \u2013 im Miniformat. In S\u00fcdeuropa sind die neuen Mobilheime schon seit einigen Jahren auf den Campingparks zu mieten. Jetzt setzen auch in Deutschland Campingbetreiber mit Erfolg auf die kleinen H\u00e4user, die [&hellip;]<\/p>\n","protected":false},"author":1,"featured_media":0,"parent":7,"menu_order":1,"comment_status":"closed","ping_status":"closed","template":"","meta":{"footnotes":""},"class_list":["post-976","page","type-page","status-publish","hentry"],"_links":{"self":[{"href":"https:\/\/infoguide-online.de\/index.php?rest_route=\/wp\/v2\/pages\/976","targetHints":{"allow":["GET"]}}],"collection":[{"href":"https:\/\/infoguide-online.de\/index.php?rest_route=\/wp\/v2\/pages"}],"about":[{"href":"https:\/\/infoguide-online.de\/index.php?rest_route=\/wp\/v2\/types\/page"}],"author":[{"embeddable":true,"href":"https:\/\/infoguide-online.de\/index.php?rest_route=\/wp\/v2\/users\/1"}],"replies":[{"embeddable":true,"href":"https:\/\/infoguide-online.de\/index.php?rest_route=%2Fwp%2Fv2%2Fcomments&post=976"}],"version-history":[{"count":4,"href":"https:\/\/infoguide-online.de\/index.php?rest_route=\/wp\/v2\/pages\/976\/revisions"}],"predecessor-version":[{"id":1467,"href":"https:\/\/infoguide-online.de\/index.php?rest_route=\/wp\/v2\/pages\/976\/revisions\/1467"}],"up":[{"embeddable":true,"href":"https:\/\/infoguide-online.de\/index.php?rest_route=\/wp\/v2\/pages\/7"}],"wp:attachment":[{"href":"https:\/\/infoguide-online.de\/index.php?rest_route=%2Fwp%2Fv2%2Fmedia&parent=976"}],"curies":[{"name":"wp","href":"https:\/\/api.w.org\/{rel}","templated":true}]}}