{"id":982,"date":"2020-09-20T08:05:34","date_gmt":"2020-09-20T07:05:34","guid":{"rendered":"https:\/\/infoguide-online.de\/?page_id=982"},"modified":"2022-08-03T15:22:50","modified_gmt":"2022-08-03T14:22:50","slug":"hoflaeden-cafes","status":"publish","type":"page","link":"https:\/\/infoguide-online.de\/?page_id=982","title":{"rendered":"Der Norden tischt auf!"},"content":{"rendered":"<p>Sich im Urlaub verw\u00f6hnen lassen, geh\u00f6rt einfach dazu. Das geht hier bei uns Norden auch fantastisch gut \u2013 ganz gleich, welche kulinarischen Vorlieben Sie haben. In der Region entdecken Sie feinste Sternek\u00fcche, leckeres Essen mit frischer Hausmannskost oder appetitliche Snacks wie die kultigen Fischbr\u00f6tchen mit besten Zutaten.<\/p>\n<div id=\"attachment_1157\" style=\"width: 1210px\" class=\"wp-caption aligncenter\"><a href=\"https:\/\/infoguide-online.de\/wp-content\/uploads\/2022\/08\/DNTA1.jpg\"><img loading=\"lazy\" decoding=\"async\" aria-describedby=\"caption-attachment-1157\" class=\"size-full wp-image-1157\" src=\"https:\/\/infoguide-online.de\/wp-content\/uploads\/2022\/08\/DNTA1.jpg\" alt=\"\u00a9 LTM\" width=\"1200\" height=\"799\" srcset=\"https:\/\/infoguide-online.de\/wp-content\/uploads\/2022\/08\/DNTA1.jpg 1200w, https:\/\/infoguide-online.de\/wp-content\/uploads\/2022\/08\/DNTA1-300x200.jpg 300w, https:\/\/infoguide-online.de\/wp-content\/uploads\/2022\/08\/DNTA1-768x511.jpg 768w, https:\/\/infoguide-online.de\/wp-content\/uploads\/2022\/08\/DNTA1-1024x682.jpg 1024w, https:\/\/infoguide-online.de\/wp-content\/uploads\/2022\/08\/DNTA1-624x415.jpg 624w\" sizes=\"auto, (max-width: 1200px) 100vw, 1200px\" \/><\/a><p id=\"caption-attachment-1157\" class=\"wp-caption-text\">\u00a9 LTM<\/p><\/div>\n<div id=\"attachment_1159\" style=\"width: 1210px\" class=\"wp-caption aligncenter\"><a href=\"https:\/\/infoguide-online.de\/wp-content\/uploads\/2022\/08\/DNTA3.jpg\"><img loading=\"lazy\" decoding=\"async\" aria-describedby=\"caption-attachment-1159\" class=\"size-full wp-image-1159\" src=\"https:\/\/infoguide-online.de\/wp-content\/uploads\/2022\/08\/DNTA3.jpg\" alt=\"\u00a9 duha127 - depositphotos.com\" width=\"1200\" height=\"794\" srcset=\"https:\/\/infoguide-online.de\/wp-content\/uploads\/2022\/08\/DNTA3.jpg 1200w, https:\/\/infoguide-online.de\/wp-content\/uploads\/2022\/08\/DNTA3-300x199.jpg 300w, https:\/\/infoguide-online.de\/wp-content\/uploads\/2022\/08\/DNTA3-768x508.jpg 768w, https:\/\/infoguide-online.de\/wp-content\/uploads\/2022\/08\/DNTA3-1024x678.jpg 1024w, https:\/\/infoguide-online.de\/wp-content\/uploads\/2022\/08\/DNTA3-624x413.jpg 624w\" sizes=\"auto, (max-width: 1200px) 100vw, 1200px\" \/><\/a><p id=\"caption-attachment-1159\" class=\"wp-caption-text\">\u00a9 duha127 &#8211; depositphotos.com<\/p><\/div>\n<p>Ob direkt an der Ostsee mit Meeresblick, in der Holsteinischen Schweiz mit<br \/>\nBlick auf idyllische Seen oder in den urbanen Hotspots wie L\u00fcbeck mit sch\u00f6nen Innenh\u00f6fen \u2013 der facettenreiche Norden pr\u00e4sentiert Ihnen in Restaurants und Gastst\u00e4tten eine k\u00f6stliche K\u00fcche mit unterschiedlichen Einfl\u00fcssen und knackfrischen, regionalen Zutaten. Dazu geh\u00f6rt nat\u00fcrlich der Fisch, der Ihnen an der Ostsee ebenso wie an den Seen des h\u00fcgeligen Binnenlands fangfrisch in beste Qualit\u00e4t kredenzt wird. Genie\u00dfen Sie an vertr\u00e4umten Pl\u00e4tzen mit Blick auf einen romantischen Binnensee die norddeutsche Gastfreundschaft. Erkundigen Sie sich nach besonderen Spezialit\u00e4ten wie Edelmar\u00e4nen, Goldforellen, Brassen und Saiblingen. W\u00e4hlen Sie unter verschiedenen Gerichten mit besonderen R\u00e4ucherfischen oder weiteren Fischdelikatessen mit frischem Spargel und Kr\u00e4uterbutter. Lassen Sie sich auch den zarten Holsteiner Katenschinken nicht entgehen. Wer keinen Fisch mag, findet wohlschmeckende Alternativen mit Wildfleisch oder feine Gem\u00fcsekreationen mit saisonalen Zutaten. Zur Kaffeezeit tischen die freundlichen Mitarbeiter der Restaurants mit ihren beschaulichen Terrassen selbst gebackene Torten mit pfl\u00fcckfrischen Beeren der Region auf. Da f\u00e4llt die Wahl zwischen cremigen Marzipan- und knusprigen Himbeerbaisertorten schwer.<br \/>\nMaritim geht es an den H\u00e4fen im Norden zu wie zum Beispiel am idyllischen Niendorfer Hafen. Dort k\u00f6nnen Sie bei frisch gebratener Scholle oder einem Dorschfilet im Biermantel mit selbst gemachtem Kartoffelsalat den Fischern bei ihrer Arbeit zusehen. Auch in Travem\u00fcnde, Neustadt, Heiligenhafen und auf Fehmarn lohnt ein Besuch in den Hafenrestaurants, um sich mit saisonalen Gerichten verw\u00f6hnen zu lassen.<br \/>\nIn der Hansestadt L\u00fcbeck ist die Auswahl an genussvollen Pl\u00e4tzen gro\u00df. Neben der Sternek\u00fcche entdecken Sie alteingesessene gastronomische Betriebe, die traditionelle Gerichte modern<br \/>\ninterpretieren. Wer gern ein gro\u00dfartiges 5-G\u00e4nge-Men\u00fc mit Freunden zelebrieren m\u00f6chte, findet im mittelalterlichen Ambiente sch\u00f6nste M\u00f6glichkeiten. Ebenso k\u00f6nnen Sie eine leckere Pizza oder Antipasti mit einem frischen Wei\u00dfwein in einem romantischen Hinterhof bestellen. Der Norden schmeckt immer einzigartig!<\/p>\n<div id=\"attachment_1158\" style=\"width: 1210px\" class=\"wp-caption aligncenter\"><a href=\"https:\/\/infoguide-online.de\/wp-content\/uploads\/2022\/08\/DNTA2.jpg\"><img loading=\"lazy\" decoding=\"async\" aria-describedby=\"caption-attachment-1158\" class=\"size-full wp-image-1158\" src=\"https:\/\/infoguide-online.de\/wp-content\/uploads\/2022\/08\/DNTA2.jpg\" alt=\"\u00a9 luminastock - depositphotos.com\" width=\"1200\" height=\"800\" srcset=\"https:\/\/infoguide-online.de\/wp-content\/uploads\/2022\/08\/DNTA2.jpg 1200w, https:\/\/infoguide-online.de\/wp-content\/uploads\/2022\/08\/DNTA2-300x200.jpg 300w, https:\/\/infoguide-online.de\/wp-content\/uploads\/2022\/08\/DNTA2-768x512.jpg 768w, https:\/\/infoguide-online.de\/wp-content\/uploads\/2022\/08\/DNTA2-1024x683.jpg 1024w, https:\/\/infoguide-online.de\/wp-content\/uploads\/2022\/08\/DNTA2-624x416.jpg 624w\" sizes=\"auto, (max-width: 1200px) 100vw, 1200px\" \/><\/a><p id=\"caption-attachment-1158\" class=\"wp-caption-text\">\u00a9 luminastock &#8211; depositphotos.com<\/p><\/div>\n<p><strong>Tipp: Wer sich im Urlaub in seiner Ferienwohnung selbst etwas Leckeres zubereiten m\u00f6chte, findet auf den hiesigen Wochenm\u00e4rkten ein umfangreiches Angebot an frischen,<\/strong><br \/>\n<strong>saisonalen Produkten. Ebenso bieten die Superm\u00e4rkte f\u00fcr Sie immer ein regionaltypisches <\/strong><strong>Sortiment an Gem\u00fcse, Obst, Fleisch und Fisch in bester Qualit\u00e4t.<\/strong><\/p>\n","protected":false},"excerpt":{"rendered":"<p>Sich im Urlaub verw\u00f6hnen lassen, geh\u00f6rt einfach dazu. Das geht hier bei uns Norden auch fantastisch gut \u2013 ganz gleich, welche kulinarischen Vorlieben Sie haben. In der Region entdecken Sie feinste Sternek\u00fcche, leckeres Essen mit frischer Hausmannskost oder appetitliche Snacks wie die kultigen Fischbr\u00f6tchen mit besten Zutaten. Ob direkt an der Ostsee mit Meeresblick, in [&hellip;]<\/p>\n","protected":false},"author":1,"featured_media":0,"parent":7,"menu_order":0,"comment_status":"closed","ping_status":"closed","template":"","meta":{"footnotes":""},"class_list":["post-982","page","type-page","status-publish","hentry"],"_links":{"self":[{"href":"https:\/\/infoguide-online.de\/index.php?rest_route=\/wp\/v2\/pages\/982","targetHints":{"allow":["GET"]}}],"collection":[{"href":"https:\/\/infoguide-online.de\/index.php?rest_route=\/wp\/v2\/pages"}],"about":[{"href":"https:\/\/infoguide-online.de\/index.php?rest_route=\/wp\/v2\/types\/page"}],"author":[{"embeddable":true,"href":"https:\/\/infoguide-online.de\/index.php?rest_route=\/wp\/v2\/users\/1"}],"replies":[{"embeddable":true,"href":"https:\/\/infoguide-online.de\/index.php?rest_route=%2Fwp%2Fv2%2Fcomments&post=982"}],"version-history":[{"count":4,"href":"https:\/\/infoguide-online.de\/index.php?rest_route=\/wp\/v2\/pages\/982\/revisions"}],"predecessor-version":[{"id":1160,"href":"https:\/\/infoguide-online.de\/index.php?rest_route=\/wp\/v2\/pages\/982\/revisions\/1160"}],"up":[{"embeddable":true,"href":"https:\/\/infoguide-online.de\/index.php?rest_route=\/wp\/v2\/pages\/7"}],"wp:attachment":[{"href":"https:\/\/infoguide-online.de\/index.php?rest_route=%2Fwp%2Fv2%2Fmedia&parent=982"}],"curies":[{"name":"wp","href":"https:\/\/api.w.org\/{rel}","templated":true}]}}