{"id":985,"date":"2020-09-20T08:13:03","date_gmt":"2020-09-20T07:13:03","guid":{"rendered":"https:\/\/infoguide-online.de\/?page_id=985"},"modified":"2020-09-20T08:16:59","modified_gmt":"2020-09-20T07:16:59","slug":"schloesser-gueter","status":"publish","type":"page","link":"https:\/\/infoguide-online.de\/?page_id=985","title":{"rendered":"Schl\u00f6sser &#038; G\u00fcter"},"content":{"rendered":"<p><strong>Charmant im Norden<\/strong><br \/>\nVerbringen Sie Urlaubstage im Norden, gibt es vielf\u00e4ltige M\u00f6glichkeiten, Land und Leute kennenzulernen. Ob kulturell oder kulinarisch \u2013 an der L\u00fcbecker Bucht und im Binnenland entdecken Sie eine bunte Vielfalt. Immer wieder eine gute Idee ist es, bei Radtouren oder Spazierg\u00e4ngen die G\u00fcter und Schl\u00f6sser der Region kennenzulernen.<\/p>\n<p>Das Eutiner Schloss wollen wir Ihnen nicht vorenthalten; es hat auch wieder seine T\u00fcren f\u00fcr Sie ge\u00f6ffnet. Das Schloss liegt in einem der sch\u00f6nsten Landschaftsg\u00e4rten Norddeutschlands direkt am Gro\u00dfen Eutiner See im Herzen der Holsteinischen Schweiz. Ein Abstecher zum K\u00fcchengarten, der hinter dem herrschaftlichen Gartenteil beginnt und von einer alten Backsteinmauer umgeben ist, ist au\u00dferdem sehr empfehlenswert. Dort befinden sich auch die Orangerie des Schlosses und das Neuholl\u00e4nderhaus. Viele Beete werden von Ehrenamtlichen bewirtschaftet und erfreuen mit ihrer Pflanzen- und Bl\u00fctenvielfalt G\u00e4ste und Einheimische. Im Inneren pr\u00e4sentiert das Schloss herrschaftliche Wohn- und Lebenskultur in originaler, sehr hochwertiger Ausstattung von kulturhistorischem Wert, der sich weit \u00fcber die Region hinaus erstreckt. Die bestens erhaltenen Stuckdecken stammen aus dem 18. Jahrhundert und gelten als bedeutendstes Beispiel der Stuckornamentik in Schleswig-Holstein. Im Anschluss genie\u00dfen Sie im Restaurant-Caf\u00e9 einen leckeren Kuchen. Alles Weitere erfahren Sie unter <a href=\"http:\/\/www.schloss-eutin.de\">www.schloss-eutin.de<\/a>.<\/p>\n<p>Im Herzen der Holsteinischen Schweiz liegt das Gut Sierhagen, das zu den gr\u00f6\u00dften adeligen G\u00fctern in Ostholstein z\u00e4hlt. Hier f\u00fchrt die Familie von Scheel-Plessen einen modernen Gutsbetrieb mit Acker- und Waldfl\u00e4chen. Auf dem Areal finden immer wieder ganz besondere Events statt, die nat\u00fcrlich in diesem Jahr aufgrund der Corona-Krise ausfallen mussten. Dennoch lohnt ein Besuch im dortigen Caf\u00e9 mit Blick auf die Alte Gutsg\u00e4rtnerei und die h\u00fcgelige Holsteinische Schweiz. Weitere Informationen finden Sie unter <a href=\"http:\/\/www.gut-sierhagen.de\">www.gut-sierhagen.de<\/a>.<\/p>\n<p>Vom Gut Sierhagen ist es gar nicht weit bis zum Gut Hasselburg. Eine Radtour durch einen Wald an Feldern und Wiesen vorbei bringt Sie dorthin. Von Altenkrempe aus gelangen Sie \u00fcber eine Lindenallee zum Gut, das von hohen Mauern flankiert wird und von sch\u00fctzenden Wassergr\u00e4ben mit knorrigen Kopfweiden eingerahmt ist. Mit dem gro\u00dfartigen Torhaus und der Treppenhalle des Herrenhauses besitzt die Hasselburg zwei einzigartige Werke der Gutsarchitektur in Schleswig-Holstein. In der alten Scheune finden sonst \u00f6ffentliche Konzerte und andere kulturelle Events statt, was hoffentlich bald auch wieder der Fall sein wird. Aktuelle Informationen dazu finden Sie unter <a href=\"http:\/\/www.hasselburg.de\">www.hasselburg.de<\/a>.<\/p>\n<p>Ganz besonders m\u00f6chten wir Ihnen auch das sch\u00f6ne Pl\u00f6ner Schloss ans Herz legen. Sehr eindrucksvoll in Szene setzt es sich vom Pl\u00f6ner See aus gesehen. Dazu empfehlen wir eine Fahrt mit einem der Fahrgastschiffe. Aus der N\u00e4he betrachtet und bei einer der F\u00fchrungen erfahren Sie historische Details und Anekdoten. Entstanden ist es w\u00e4hrend des Drei\u00dfigj\u00e4hrigen Krieges im Zeitraum von 1633 bis 1636. M\u00f6chten Sie an einer der F\u00fchrungen teilnehmen, melden Sie sich am besten telefonisch an, da die Teilnehmerzahl begrenzt ist. Alle Details finden Sie unter <a href=\"http:\/\/www.fielmann-akademie.com\">www.fielmann-akademie.com<\/a>.<\/p>\n<p>Foto: \u00a9 Oliver Franke<br \/>\nBlick \u00fcber den Eutiner See auf das Eutiner Schloss<\/p>\n","protected":false},"excerpt":{"rendered":"<p>Charmant im Norden Verbringen Sie Urlaubstage im Norden, gibt es vielf\u00e4ltige M\u00f6glichkeiten, Land und Leute kennenzulernen. Ob kulturell oder kulinarisch \u2013 an der L\u00fcbecker Bucht und im Binnenland entdecken Sie eine bunte Vielfalt. Immer wieder eine gute Idee ist es, bei Radtouren oder Spazierg\u00e4ngen die G\u00fcter und Schl\u00f6sser der Region kennenzulernen. Das Eutiner Schloss wollen [&hellip;]<\/p>\n","protected":false},"author":1,"featured_media":986,"parent":7,"menu_order":0,"comment_status":"closed","ping_status":"closed","template":"","meta":{"footnotes":""},"class_list":["post-985","page","type-page","status-publish","has-post-thumbnail","hentry"],"_links":{"self":[{"href":"https:\/\/infoguide-online.de\/index.php?rest_route=\/wp\/v2\/pages\/985","targetHints":{"allow":["GET"]}}],"collection":[{"href":"https:\/\/infoguide-online.de\/index.php?rest_route=\/wp\/v2\/pages"}],"about":[{"href":"https:\/\/infoguide-online.de\/index.php?rest_route=\/wp\/v2\/types\/page"}],"author":[{"embeddable":true,"href":"https:\/\/infoguide-online.de\/index.php?rest_route=\/wp\/v2\/users\/1"}],"replies":[{"embeddable":true,"href":"https:\/\/infoguide-online.de\/index.php?rest_route=%2Fwp%2Fv2%2Fcomments&post=985"}],"version-history":[{"count":1,"href":"https:\/\/infoguide-online.de\/index.php?rest_route=\/wp\/v2\/pages\/985\/revisions"}],"predecessor-version":[{"id":987,"href":"https:\/\/infoguide-online.de\/index.php?rest_route=\/wp\/v2\/pages\/985\/revisions\/987"}],"up":[{"embeddable":true,"href":"https:\/\/infoguide-online.de\/index.php?rest_route=\/wp\/v2\/pages\/7"}],"wp:featuredmedia":[{"embeddable":true,"href":"https:\/\/infoguide-online.de\/index.php?rest_route=\/wp\/v2\/media\/986"}],"wp:attachment":[{"href":"https:\/\/infoguide-online.de\/index.php?rest_route=%2Fwp%2Fv2%2Fmedia&parent=985"}],"curies":[{"name":"wp","href":"https:\/\/api.w.org\/{rel}","templated":true}]}}